{"id":4871,"date":"2019-10-27T13:45:24","date_gmt":"2019-10-27T12:45:24","guid":{"rendered":"http:\/\/spindleruvmlyn.amenityhotels.com\/specialangebote\/"},"modified":"2026-03-26T09:49:45","modified_gmt":"2026-03-26T08:49:45","slug":"specialangebote","status":"publish","type":"page","link":"https:\/\/spindl.amenity.cz\/de\/specialangebote\/","title":{"rendered":"SPECIALANGEBOTE"},"content":{"rendered":"<div class=\"wpb-content-wrapper\"><p>[vc_row full_width=&#8221;stretch_row&#8221;][vc_column offset=&#8221;vc_hidden-sm vc_hidden-xs&#8221;]\n\t\t\t<!-- START Dletokontakt REVOLUTION SLIDER 6.7.4 --><p class=\"rs-p-wp-fix\"><\/p>\n\t\t\t<rs-module-wrap id=\"rev_slider_10_1_wrapper\" data-source=\"gallery\" style=\"visibility:hidden;background:#2b2b2b;padding:0;margin:0px auto;margin-top:0;margin-bottom:0;\">\n\t\t\t\t<rs-module id=\"rev_slider_10_1\" style=\"\" data-version=\"6.7.4\">\n\t\t\t\t\t<rs-slides style=\"overflow: hidden; position: absolute;\">\n\t\t\t\t\t\t<rs-slide style=\"position: absolute;\" data-key=\"rs-60\" data-title=\"Slide\" data-thumb=\"\/\/spindl.amenity.cz\/wp-content\/uploads\/sites\/5\/2021\/03\/spindl_web-jaro-leto_1600x6302-1-100x50.jpg\" data-anim=\"ms:2000;e:slidingoverlay;\" data-in=\"y:100%;\">\n\t\t\t\t\t\t\t<img decoding=\"async\" src=\"\/\/spindl.amenity.cz\/wp-content\/plugins\/revslider\/sr6\/assets\/assets\/dummy.png\" alt=\"\" title=\"spindl_web jaro leto_1600x6302\" width=\"1600\" height=\"630\" class=\"rev-slidebg tp-rs-img rs-lazyload\" data-lazyload=\"\/\/spindl.amenity.cz\/wp-content\/uploads\/sites\/5\/2021\/03\/spindl_web-jaro-leto_1600x6302-1.jpg\" data-parallax=\"off\" data-panzoom=\"d:10000;e:power0.inOut;ss:100;se:110%;\" data-no-retina>\n<!--\n\t\t\t\t\t\t\t--><rs-layer\n\t\t\t\t\t\t\t\tid=\"slider-10-slide-60-layer-2\" \n\t\t\t\t\t\t\t\tdata-type=\"object\"\n\t\t\t\t\t\t\t\tdata-rsp_ch=\"on\"\n\t\t\t\t\t\t\t\tdata-xy=\"xo:50px,50px,50px,23px;yo:50px,50px,50px,23px;\"\n\t\t\t\t\t\t\t\tdata-text=\"w:normal;s:20,20,20,8;l:0,0,0,11;\"\n\t\t\t\t\t\t\t\tdata-frame_999=\"o:0;st:w;\"\n\t\t\t\t\t\t\t\tstyle=\"z-index:10;font-family:'Roboto';\"\n\t\t\t\t\t\t\t> \n\t\t\t\t\t\t\t<\/rs-layer><!--\n-->\t\t\t\t\t<\/rs-slide>\n\t\t\t\t\t\t<rs-slide style=\"position: absolute;\" data-key=\"rs-61\" data-title=\"Slide\" data-thumb=\"\/\/spindl.amenity.cz\/wp-content\/uploads\/sites\/5\/2021\/03\/spindl_web-jaro-leto_1600x63010-1-100x50.jpg\" data-anim=\"ms:2000;e:slidingoverlay;\" data-in=\"y:100%;\">\n\t\t\t\t\t\t\t<img decoding=\"async\" src=\"\/\/spindl.amenity.cz\/wp-content\/plugins\/revslider\/sr6\/assets\/assets\/dummy.png\" alt=\"\" title=\"spindl_web jaro leto_1600x63010\" width=\"1600\" height=\"630\" class=\"rev-slidebg tp-rs-img rs-lazyload\" data-lazyload=\"\/\/spindl.amenity.cz\/wp-content\/uploads\/sites\/5\/2021\/03\/spindl_web-jaro-leto_1600x63010-1.jpg\" data-parallax=\"off\" data-panzoom=\"d:10000;e:power0.inOut;ss:100;se:110%;\" data-no-retina>\n<!--\n\t\t\t\t\t\t\t--><rs-layer\n\t\t\t\t\t\t\t\tid=\"slider-10-slide-61-layer-2\" \n\t\t\t\t\t\t\t\tdata-type=\"object\"\n\t\t\t\t\t\t\t\tdata-rsp_ch=\"on\"\n\t\t\t\t\t\t\t\tdata-xy=\"xo:50px,50px,50px,23px;yo:50px,50px,50px,23px;\"\n\t\t\t\t\t\t\t\tdata-text=\"w:normal;s:20,20,20,8;l:0,0,0,11;\"\n\t\t\t\t\t\t\t\tdata-frame_999=\"o:0;st:w;\"\n\t\t\t\t\t\t\t\tstyle=\"z-index:10;font-family:'Roboto';\"\n\t\t\t\t\t\t\t> \n\t\t\t\t\t\t\t<\/rs-layer><!--\n-->\t\t\t\t\t<\/rs-slide>\n\t\t\t\t\t\t<rs-slide style=\"position: absolute;\" data-key=\"rs-62\" data-title=\"Slide\" data-thumb=\"\/\/spindl.amenity.cz\/wp-content\/uploads\/sites\/5\/2021\/03\/spindl_web-jaro-leto_1600x63037-1-100x50.jpg\" data-anim=\"ms:2000;e:slidingoverlay;\" data-in=\"y:100%;\">\n\t\t\t\t\t\t\t<img decoding=\"async\" src=\"\/\/spindl.amenity.cz\/wp-content\/plugins\/revslider\/sr6\/assets\/assets\/dummy.png\" alt=\"\" title=\"spindl_web jaro leto_1600x63037\" width=\"1600\" height=\"630\" class=\"rev-slidebg tp-rs-img rs-lazyload\" data-lazyload=\"\/\/spindl.amenity.cz\/wp-content\/uploads\/sites\/5\/2021\/03\/spindl_web-jaro-leto_1600x63037-1.jpg\" data-parallax=\"off\" data-panzoom=\"d:10000;e:power0.inOut;ss:100;se:110%;\" data-no-retina>\n<!--\n\t\t\t\t\t\t\t--><rs-layer\n\t\t\t\t\t\t\t\tid=\"slider-10-slide-62-layer-2\" \n\t\t\t\t\t\t\t\tdata-type=\"object\"\n\t\t\t\t\t\t\t\tdata-rsp_ch=\"on\"\n\t\t\t\t\t\t\t\tdata-xy=\"xo:50px,50px,50px,23px;yo:50px,50px,50px,23px;\"\n\t\t\t\t\t\t\t\tdata-text=\"w:normal;s:20,20,20,8;l:0,0,0,11;\"\n\t\t\t\t\t\t\t\tdata-frame_999=\"o:0;st:w;\"\n\t\t\t\t\t\t\t\tstyle=\"z-index:10;font-family:'Roboto';\"\n\t\t\t\t\t\t\t> \n\t\t\t\t\t\t\t<\/rs-layer><!--\n-->\t\t\t\t\t<\/rs-slide>\n\t\t\t\t\t\t<rs-slide style=\"position: absolute;\" data-key=\"rs-63\" data-title=\"Slide\" data-thumb=\"\/\/spindl.amenity.cz\/wp-content\/uploads\/sites\/5\/2021\/03\/spindl_web-jaro-leto_1600x63023-1-100x50.jpg\" data-anim=\"ms:2000;e:slidingoverlay;\" data-in=\"y:100%;\">\n\t\t\t\t\t\t\t<img decoding=\"async\" src=\"\/\/spindl.amenity.cz\/wp-content\/plugins\/revslider\/sr6\/assets\/assets\/dummy.png\" alt=\"\" title=\"spindl_web jaro leto_1600x63023\" width=\"1600\" height=\"630\" class=\"rev-slidebg tp-rs-img rs-lazyload\" data-lazyload=\"\/\/spindl.amenity.cz\/wp-content\/uploads\/sites\/5\/2021\/03\/spindl_web-jaro-leto_1600x63023-1.jpg\" data-parallax=\"off\" data-panzoom=\"d:10000;e:power0.inOut;ss:100;se:110%;\" data-no-retina>\n<!--\n\t\t\t\t\t\t\t--><rs-layer\n\t\t\t\t\t\t\t\tid=\"slider-10-slide-63-layer-2\" \n\t\t\t\t\t\t\t\tdata-type=\"object\"\n\t\t\t\t\t\t\t\tdata-rsp_ch=\"on\"\n\t\t\t\t\t\t\t\tdata-xy=\"xo:50px,50px,50px,23px;yo:50px,50px,50px,23px;\"\n\t\t\t\t\t\t\t\tdata-text=\"w:normal;s:20,20,20,8;l:0,0,0,11;\"\n\t\t\t\t\t\t\t\tdata-frame_999=\"o:0;st:w;\"\n\t\t\t\t\t\t\t\tstyle=\"z-index:10;font-family:'Roboto';\"\n\t\t\t\t\t\t\t> \n\t\t\t\t\t\t\t<\/rs-layer><!--\n-->\t\t\t\t\t<\/rs-slide>\n\t\t\t\t\t\t<rs-slide style=\"position: absolute;\" data-key=\"rs-64\" data-title=\"Slide\" data-thumb=\"\/\/spindl.amenity.cz\/wp-content\/uploads\/sites\/5\/2021\/03\/spindl_web-jaro-leto_1600x63011-1-100x50.jpg\" data-anim=\"ms:2000;e:slidingoverlay;\" data-in=\"y:100%;\">\n\t\t\t\t\t\t\t<img decoding=\"async\" src=\"\/\/spindl.amenity.cz\/wp-content\/plugins\/revslider\/sr6\/assets\/assets\/dummy.png\" alt=\"\" title=\"spindl_web jaro leto_1600x63011\" width=\"1600\" height=\"630\" class=\"rev-slidebg tp-rs-img rs-lazyload\" data-lazyload=\"\/\/spindl.amenity.cz\/wp-content\/uploads\/sites\/5\/2021\/03\/spindl_web-jaro-leto_1600x63011-1.jpg\" data-parallax=\"off\" data-panzoom=\"d:10000;e:power0.inOut;ss:100;se:110%;\" data-no-retina>\n<!--\n\t\t\t\t\t\t\t--><rs-layer\n\t\t\t\t\t\t\t\tid=\"slider-10-slide-64-layer-2\" \n\t\t\t\t\t\t\t\tdata-type=\"object\"\n\t\t\t\t\t\t\t\tdata-rsp_ch=\"on\"\n\t\t\t\t\t\t\t\tdata-xy=\"xo:50px,50px,50px,23px;yo:50px,50px,50px,23px;\"\n\t\t\t\t\t\t\t\tdata-text=\"w:normal;s:20,20,20,8;l:0,0,0,11;\"\n\t\t\t\t\t\t\t\tdata-frame_999=\"o:0;st:w;\"\n\t\t\t\t\t\t\t\tstyle=\"z-index:10;font-family:'Roboto';\"\n\t\t\t\t\t\t\t> \n\t\t\t\t\t\t\t<\/rs-layer><!--\n-->\t\t\t\t\t<\/rs-slide>\n\t\t\t\t\t<\/rs-slides>\n\t\t\t\t\t<rs-static-layers><!--\n\t\t\t\t\t--><\/rs-static-layers>\n\t\t\t\t<\/rs-module>\n\t\t\t\t<script>\n\t\t\t\t\tsetREVStartSize({c: 'rev_slider_10_1',rl:[1600,1600,1600,750],el:[630,630,630,720],gw:[1600,1600,1600,750],gh:[630,630,630,625],type:'standard',justify:'',layout:'fullwidth',mh:\"0\"});if (window.RS_MODULES!==undefined && window.RS_MODULES.modules!==undefined && window.RS_MODULES.modules[\"revslider101\"]!==undefined) {window.RS_MODULES.modules[\"revslider101\"].once = false;window.revapi10 = undefined;if (window.RS_MODULES.checkMinimal!==undefined) window.RS_MODULES.checkMinimal()}\n\t\t\t\t<\/script>\n\t\t\t<\/rs-module-wrap>\n\t\t\t<!-- END REVOLUTION SLIDER -->\n[\/vc_column][\/vc_row][vc_row][vc_column]<div  class=\"empty-space  marg-lg-b35\"><\/div><div class=\"text-block \" ><div class=\"simple-text \"><h1 style=\"text-align: center;\">Spezialangebote &amp; Nachrichten<\/h1>\n<\/div><\/div>[\/vc_column][\/vc_row][vc_row full_width=&#8221;stretch_row_content_no_spaces&#8221; bg_type=&#8221;bg_color&#8221; bg_color_value=&#8221;#293635&#8243;][vc_column]<div  class=\"empty-space  marg-lg-b25\"><\/div>[vc_raw_js]JTNDc2NyaXB0JTNFJTBBJTIwJTIwJTIwJTIwJTIwJTIwJTIwJTIwJTI4ZnVuY3Rpb24lMjAlMjh3JTJDZCUyQ3MlMkNvJTJDZiUyQ2pzJTJDZmpzJTI5JTIwJTdCJTBBJTIwJTIwJTIwJTIwJTIwJTIwJTIwJTIwJTIwJTIwJTIwJTIwdyU1QiUyN2VjbS13aWRnZXQlMjclNUQlM0RvJTNCdyU1Qm8lNUQlMjAlM0QlMjB3JTVCbyU1RCUyMCU3QyU3QyUyMGZ1bmN0aW9uJTIwJTI4JTI5JTIwJTdCJTIwJTI4dyU1Qm8lNUQucSUyMCUzRCUyMHclNUJvJTVELnElMjAlN0MlN0MlMjAlNUIlNUQlMjkucHVzaCUyOGFyZ3VtZW50cyUyOSUyMCU3RCUzQiUwQSUyMCUyMCUyMCUyMCUyMCUyMCUyMCUyMCUyMCUyMCUyMCUyMGpzJTIwJTNEJTIwZC5jcmVhdGVFbGVtZW50JTI4cyUyOSUyQyUyMGZqcyUyMCUzRCUyMGQuZ2V0RWxlbWVudHNCeVRhZ05hbWUlMjhzJTI5JTVCMCU1RCUzQiUwQSUyMCUyMCUyMCUyMCUyMCUyMCUyMCUyMCUyMCUyMCUyMCUyMGpzLmlkJTIwJTNEJTIwJTI3MjAtODVmN2RiYTk1NWU3MTU5MzZhMTc1ZDQ0NmJjNmYxMTUlMjclM0IlMjBqcy5kYXRhc2V0LmElMjAlM0QlMjAlMjdhbWVuaXR5cmVzb3J0cyUyNyUzQiUyMGpzLnNyYyUyMCUzRCUyMGYlM0IlMjBqcy5hc3luYyUyMCUzRCUyMDElM0IlMjBmanMucGFyZW50Tm9kZS5pbnNlcnRCZWZvcmUlMjhqcyUyQyUyMGZqcyUyOSUzQiUwQSUyMCUyMCUyMCUyMCUyMCUyMCUyMCUyMCU3RCUyOHdpbmRvdyUyQyUyMGRvY3VtZW50JTJDJTIwJTI3c2NyaXB0JTI3JTJDJTIwJTI3ZWNtd2lkZ2V0JTI3JTJDJTIwJTI3aHR0cHMlM0ElMkYlMkZkNzBzaGw3dmlkdGZ0LmNsb3VkZnJvbnQubmV0JTJGd2lkZ2V0LmpzJTI3JTI5JTI5JTNCJTBBJTIwJTIwJTIwJTIwJTNDJTJGc2NyaXB0JTNFJTBBJTIwJTIwJTIwJTIwJTIwJTIwJTIwJTIwJTIwJTIwJTIwJTIwJTNDZGl2JTIwaWQlM0QlMjJmLTIwLTg1ZjdkYmE5NTVlNzE1OTM2YTE3NWQ0NDZiYzZmMTE1JTIyJTNFJTNDJTJGZGl2JTNF[\/vc_raw_js]<div  class=\"empty-space  marg-lg-b25\"><\/div>[\/vc_column][\/vc_row][vc_row][vc_column]<div  class=\"empty-space  marg-lg-b25\"><\/div>[vc_separator color=&#8221;custom&#8221; border_width=&#8221;2&#8243; el_width=&#8221;50&#8243; accent_color=&#8221;#c7b39a&#8221;]<div  class=\"empty-space  marg-lg-b10\"><\/div>[\/vc_column][\/vc_row][vc_row full_width=&#8221;stretch_row_content_no_spaces&#8221;][vc_column offset=&#8221;vc_hidden-sm vc_hidden-xs&#8221;]<div  class=\"hb-text-block__wrapper style1\"><div class=\"row\"><div class=\"col-md-6\"><div class=\"hb-image__block\"><img decoding=\"async\" src=\"https:\/\/spindl.amenity.cz\/wp-content\/uploads\/sites\/5\/2020\/05\/750x625.jpg\" alt=\"\" \/><\/div><\/div><div class=\"col-md-6\"><div class=\"hb-text_block_content\"><div class=\"hb-text-block___inner_wrapper\"><div class=\"featured-rooms-slider__title title-color-black\">Wir vermieten E-Bikes<\/div><div class=\"featured-rooms-slider__text content-color-grey\">Ein E-Bike kann Ihre Limits brechen, ohne harte Arbeit bringt es Sie an Orte, an denen Sie ohne Training nur schwer zu erreichen w\u00e4ren. Es gilt jedoch eine Grundregel. Man kann einfach nicht ohne Treten auskommen.<\/div><a class=\"btn btn--md btn--normal\" href=\"http:\/\/spindl.amenity.cz\/de\/e-bikes\/\" title=\"e-bikes\" target=\"_self\">DETAIL<\/a><\/div><\/div><\/div><\/div><\/div>[\/vc_column][vc_column offset=&#8221;vc_hidden-lg vc_hidden-md&#8221;]<div  class=\"hb-text-block__wrapper style1\"><div class=\"row\"><div class=\"col-md-6\"><div class=\"hb-image__block\"><img decoding=\"async\" src=\"https:\/\/spindl.amenity.cz\/wp-content\/uploads\/sites\/5\/2020\/05\/750x625.jpg\" alt=\"\" \/><\/div><\/div><div class=\"col-md-6\"><div class=\"hb-text_block_content\"><div class=\"hb-text-block___inner_wrapper\"><div class=\"featured-rooms-slider__title title-color-black\">Wir vermieten E-Bikes<\/div><div class=\"featured-rooms-slider__text content-color-grey\">Ein E-Bike kann Ihre Limits brechen, ohne harte Arbeit bringt es Sie an Orte, an denen Sie ohne Training nur schwer zu erreichen w\u00e4ren. Es gilt jedoch eine Grundregel. Man kann einfach nicht ohne Treten auskommen.<\/div><a class=\"btn btn--md btn--normal\" href=\"http:\/\/spindl.amenity.cz\/de\/e-bikes\/\" title=\"e-bikes\" target=\"_self\">DETAIL<\/a><\/div><\/div><\/div><\/div><\/div>[\/vc_column][vc_column css=&#8221;.vc_custom_1571685582290{background-color: #f0f0f0 !important;}&#8221;]<div  class=\"empty-space  marg-sm-b15 marg-xs-b15\"><\/div>[\/vc_column][\/vc_row][vc_row full_width=&#8221;stretch_row_content_no_spaces&#8221;][vc_column offset=&#8221;vc_hidden-sm vc_hidden-xs&#8221;]<div  class=\"hb-text-block__wrapper style2\"><div class=\"row\"><div class=\"col-md-6\"><div class=\"hb-text_block_content\"><div class=\"hb-text-block___inner_wrapper text-right\"><div class=\"featured-rooms-slider__title title-color-black\">Gutscheine f\u00fcr Aufenthalte<\/div><div class=\"featured-rooms-slider__text content-color-grey\"><\/p>\n<div class=\"main-heading\">\n<p>Schenken Sie Ihren Liebsten Aufenthaltsgutscheine f\u00fcr die sch\u00f6nsten Orte in B\u00f6hmen: Lipno, \u0160pindler\u016fv Ml\u00fdn, Orlick\u00e9 hory, Horn\u00ed V\u011bstonice oder \u010cesk\u00e1 Kanada. Sie selbst w\u00e4hlen den Gutscheinwert, schreiben Sie nur eine Widmung und ein perfektes Geschenk ist fertig.<\/p>\n<\/div>\n<p><\/div><a class=\"btn btn--md btn--normal\" href=\"http:\/\/eshop.amenity.cz\" title=\"V\u00cdCE INFORMAC\u00cd\" target=\"_self\">GUTSCHEIN KAUFEN<\/a><\/div><\/div><\/div><div class=\"col-md-6\"><div class=\"hb-image__block\"><img decoding=\"async\" src=\"https:\/\/spindl.amenity.cz\/wp-content\/uploads\/sites\/5\/2022\/02\/amenity-voucher_750x625.jpg\" alt=\"\" \/><\/div><\/div><\/div><\/div>[\/vc_column][vc_column offset=&#8221;vc_hidden-lg vc_hidden-md&#8221;]<div  class=\"hb-text-block__wrapper style1\"><div class=\"row\"><div class=\"col-md-6\"><div class=\"hb-image__block\"><img decoding=\"async\" src=\"https:\/\/spindl.amenity.cz\/wp-content\/uploads\/sites\/5\/2022\/02\/amenity-voucher_750x625.jpg\" alt=\"\" \/><\/div><\/div><div class=\"col-md-6\"><div class=\"hb-text_block_content\"><div class=\"hb-text-block___inner_wrapper\"><div class=\"featured-rooms-slider__title title-color-black\">Gutscheine f\u00fcr Aufenthalte<\/div><div class=\"featured-rooms-slider__text content-color-grey\"><\/p>\n<div class=\"main-heading\">\n<p>Schenken Sie Ihren Liebsten Aufenthaltsgutscheine f\u00fcr die sch\u00f6nsten Orte in B\u00f6hmen: Lipno, \u0160pindler\u016fv Ml\u00fdn, Orlick\u00e9 hory, Horn\u00ed V\u011bstonice oder \u010cesk\u00e1 Kanada. Sie selbst w\u00e4hlen den Gutscheinwert, schreiben Sie nur eine Widmung und ein perfektes Geschenk ist fertig.<\/p>\n<\/div>\n<p><\/div><a class=\"btn btn--md btn--normal\" href=\"http:\/\/eshop.amenity.cz\" title=\"button\" target=\"_self\">GUTSCHEIN KAUFEN<\/a><\/div><\/div><\/div><\/div><\/div>[\/vc_column][vc_column css=&#8221;.vc_custom_1571685493343{background-color: #f0f0f0 !important;}&#8221;]<div  class=\"empty-space  marg-sm-b15 marg-xs-b15\"><\/div>[\/vc_column][\/vc_row]<\/p>\n<\/div>","protected":false},"excerpt":{"rendered":"<p>[vc_row full_width=&#8221;stretch_row&#8221;][vc_column offset=&#8221;vc_hidden-sm vc_hidden-xs&#8221;][\/vc_column][\/vc_row][vc_row][vc_column][\/vc_column][\/vc_row][vc_row full_width=&#8221;stretch_row_content_no_spaces&#8221; bg_type=&#8221;bg_color&#8221; bg_color_value=&#8221;#293635&#8243;][vc_column][vc_raw_js]JTNDc2NyaXB0JTNFJTBBJTIwJTIwJTIwJTIwJTIwJTIwJTIwJTIwJTI4ZnVuY3Rpb24lMjAlMjh3JTJDZCUyQ3MlMkNvJTJDZiUyQ2pzJTJDZmpzJTI5JTIwJTdCJTBBJTIwJTIwJTIwJTIwJTIwJTIwJTIwJTIwJTIwJTIwJTIwJTIwdyU1QiUyN2VjbS13aWRnZXQlMjclNUQlM0RvJTNCdyU1Qm8lNUQlMjAlM0QlMjB3JTVCbyU1RCUyMCU3QyU3QyUyMGZ1bmN0aW9uJTIwJTI4JTI5JTIwJTdCJTIwJTI4dyU1Qm8lNUQucSUyMCUzRCUyMHclNUJvJTVELnElMjAlN0MlN0MlMjAlNUIlNUQlMjkucHVzaCUyOGFyZ3VtZW50cyUyOSUyMCU3RCUzQiUwQSUyMCUyMCUyMCUyMCUyMCUyMCUyMCUyMCUyMCUyMCUyMCUyMGpzJTIwJTNEJTIwZC5jcmVhdGVFbGVtZW50JTI4cyUyOSUyQyUyMGZqcyUyMCUzRCUyMGQuZ2V0RWxlbWVudHNCeVRhZ05hbWUlMjhzJTI5JTVCMCU1RCUzQiUwQSUyMCUyMCUyMCUyMCUyMCUyMCUyMCUyMCUyMCUyMCUyMCUyMGpzLmlkJTIwJTNEJTIwJTI3MjAtODVmN2RiYTk1NWU3MTU5MzZhMTc1ZDQ0NmJjNmYxMTUlMjclM0IlMjBqcy5kYXRhc2V0LmElMjAlM0QlMjAlMjdhbWVuaXR5cmVzb3J0cyUyNyUzQiUyMGpzLnNyYyUyMCUzRCUyMGYlM0IlMjBqcy5hc3luYyUyMCUzRCUyMDElM0IlMjBmanMucGFyZW50Tm9kZS5pbnNlcnRCZWZvcmUlMjhqcyUyQyUyMGZqcyUyOSUzQiUwQSUyMCUyMCUyMCUyMCUyMCUyMCUyMCUyMCU3RCUyOHdpbmRvdyUyQyUyMGRvY3VtZW50JTJDJTIwJTI3c2NyaXB0JTI3JTJDJTIwJTI3ZWNtd2lkZ2V0JTI3JTJDJTIwJTI3aHR0cHMlM0ElMkYlMkZkNzBzaGw3dmlkdGZ0LmNsb3VkZnJvbnQubmV0JTJGd2lkZ2V0LmpzJTI3JTI5JTI5JTNCJTBBJTIwJTIwJTIwJTIwJTNDJTJGc2NyaXB0JTNFJTBBJTIwJTIwJTIwJTIwJTIwJTIwJTIwJTIwJTIwJTIwJTIwJTIwJTNDZGl2JTIwaWQlM0QlMjJmLTIwLTg1ZjdkYmE5NTVlNzE1OTM2YTE3NWQ0NDZiYzZmMTE1JTIyJTNFJTNDJTJGZGl2JTNF[\/vc_raw_js][\/vc_column][\/vc_row][vc_row][vc_column][vc_separator color=&#8221;custom&#8221; border_width=&#8221;2&#8243; el_width=&#8221;50&#8243; accent_color=&#8221;#c7b39a&#8221;][\/vc_column][\/vc_row][vc_row full_width=&#8221;stretch_row_content_no_spaces&#8221;][vc_column offset=&#8221;vc_hidden-sm vc_hidden-xs&#8221;][\/vc_column][vc_column offset=&#8221;vc_hidden-lg vc_hidden-md&#8221;][\/vc_column][vc_column css=&#8221;.vc_custom_1571685582290{background-color: #f0f0f0 !important;}&#8221;][\/vc_column][\/vc_row][vc_row full_width=&#8221;stretch_row_content_no_spaces&#8221;][vc_column offset=&#8221;vc_hidden-sm vc_hidden-xs&#8221;][\/vc_column][vc_column offset=&#8221;vc_hidden-lg vc_hidden-md&#8221;][\/vc_column][vc_column css=&#8221;.vc_custom_1571685493343{background-color: #f0f0f0 !important;}&#8221;][\/vc_column][\/vc_row]<\/p>\n","protected":false},"author":2,"featured_media":0,"parent":0,"menu_order":0,"comment_status":"closed","ping_status":"closed","template":"","meta":{"footnotes":""},"class_list":["post-4871","page","type-page","status-publish","hentry"],"yoast_head":"<!-- This site is optimized with the Yoast SEO Premium plugin v27.3 (Yoast SEO v27.3) - https:\/\/yoast.com\/product\/yoast-seo-premium-wordpress\/ -->\n<title>Sonderangebote f\u00fcr Unterkunft in \u0160pindler\u016fv Ml\u00fdn - Amenity Resort<\/title>\n<meta name=\"description\" content=\"Sonderangebote f\u00fcr Unterkunft und Wellness im Amenity Hotel &amp; Resort \u0160pindler\u016fv Ml\u00fdn. Informieren Sie sich \u00fcber unsere aktuellen Angebote.\" \/>\n<meta name=\"robots\" content=\"index, follow, max-snippet:-1, max-image-preview:large, max-video-preview:-1\" \/>\n<link rel=\"canonical\" href=\"https:\/\/spindl.amenity.cz\/de\/specialangebote\/\" \/>\n<meta property=\"og:locale\" content=\"de_DE\" \/>\n<meta property=\"og:type\" content=\"article\" \/>\n<meta property=\"og:title\" content=\"SPECIALANGEBOTE\" \/>\n<meta property=\"og:description\" content=\"Sonderangebote f\u00fcr Unterkunft und Wellness im Amenity Hotel &amp; Resort \u0160pindler\u016fv Ml\u00fdn. Informieren Sie sich \u00fcber unsere aktuellen Angebote.\" \/>\n<meta property=\"og:url\" content=\"https:\/\/spindl.amenity.cz\/de\/specialangebote\/\" \/>\n<meta property=\"og:site_name\" content=\"\u0160pindler\u016fv Ml\u00fdn\" \/>\n<meta property=\"article:publisher\" content=\"https:\/\/www.facebook.com\/amenityresorts\" \/>\n<meta property=\"article:modified_time\" content=\"2026-03-26T08:49:45+00:00\" \/>\n<meta name=\"twitter:card\" content=\"summary_large_image\" \/>\n<meta name=\"twitter:label1\" content=\"Gesch\u00e4tzte Lesezeit\" \/>\n\t<meta name=\"twitter:data1\" content=\"5\u00a0Minuten\" \/>\n<script type=\"application\/ld+json\" class=\"yoast-schema-graph\">{\"@context\":\"https:\\\/\\\/schema.org\",\"@graph\":[{\"@type\":\"WebPage\",\"@id\":\"https:\\\/\\\/spindl.amenity.cz\\\/de\\\/specialangebote\\\/\",\"url\":\"https:\\\/\\\/spindl.amenity.cz\\\/de\\\/specialangebote\\\/\",\"name\":\"Sonderangebote f\u00fcr Unterkunft in \u0160pindler\u016fv Ml\u00fdn - Amenity Resort\",\"isPartOf\":{\"@id\":\"https:\\\/\\\/spindl.amenity.cz\\\/de\\\/#website\"},\"datePublished\":\"2019-10-27T12:45:24+00:00\",\"dateModified\":\"2026-03-26T08:49:45+00:00\",\"description\":\"Sonderangebote f\u00fcr Unterkunft und Wellness im Amenity Hotel & Resort \u0160pindler\u016fv Ml\u00fdn. Informieren Sie sich \u00fcber unsere aktuellen Angebote.\",\"breadcrumb\":{\"@id\":\"https:\\\/\\\/spindl.amenity.cz\\\/de\\\/specialangebote\\\/#breadcrumb\"},\"inLanguage\":\"de\",\"potentialAction\":[{\"@type\":\"ReadAction\",\"target\":[\"https:\\\/\\\/spindl.amenity.cz\\\/de\\\/specialangebote\\\/\"]}]},{\"@type\":\"BreadcrumbList\",\"@id\":\"https:\\\/\\\/spindl.amenity.cz\\\/de\\\/specialangebote\\\/#breadcrumb\",\"itemListElement\":[{\"@type\":\"ListItem\",\"position\":1,\"name\":\"Dom\u016f\",\"item\":\"https:\\\/\\\/spindl.amenity.cz\\\/de\\\/\"},{\"@type\":\"ListItem\",\"position\":2,\"name\":\"SPECIALANGEBOTE\"}]},{\"@type\":\"WebSite\",\"@id\":\"https:\\\/\\\/spindl.amenity.cz\\\/de\\\/#website\",\"url\":\"https:\\\/\\\/spindl.amenity.cz\\\/de\\\/\",\"name\":\"\u0160pindler\u016fv Ml\u00fdn\",\"description\":\"\",\"publisher\":{\"@id\":\"https:\\\/\\\/spindl.amenity.cz\\\/de\\\/#organization\"},\"potentialAction\":[{\"@type\":\"SearchAction\",\"target\":{\"@type\":\"EntryPoint\",\"urlTemplate\":\"https:\\\/\\\/spindl.amenity.cz\\\/de\\\/?s={search_term_string}\"},\"query-input\":{\"@type\":\"PropertyValueSpecification\",\"valueRequired\":true,\"valueName\":\"search_term_string\"}}],\"inLanguage\":\"de\"},{\"@type\":\"Organization\",\"@id\":\"https:\\\/\\\/spindl.amenity.cz\\\/de\\\/#organization\",\"name\":\"Amenity Hotel & Resort \u0160pindler\u016fv Ml\u00fdn\",\"url\":\"https:\\\/\\\/spindl.amenity.cz\\\/de\\\/\",\"logo\":{\"@type\":\"ImageObject\",\"inLanguage\":\"de\",\"@id\":\"https:\\\/\\\/spindl.amenity.cz\\\/de\\\/#\\\/schema\\\/logo\\\/image\\\/\",\"url\":\"http:\\\/\\\/spindl.amenity.cz\\\/wp-content\\\/uploads\\\/sites\\\/5\\\/2019\\\/09\\\/galerie-hotel_930x620_.jpg\",\"contentUrl\":\"http:\\\/\\\/spindl.amenity.cz\\\/wp-content\\\/uploads\\\/sites\\\/5\\\/2019\\\/09\\\/galerie-hotel_930x620_.jpg\",\"width\":930,\"height\":620,\"caption\":\"Amenity Hotel & Resort \u0160pindler\u016fv Ml\u00fdn\"},\"image\":{\"@id\":\"https:\\\/\\\/spindl.amenity.cz\\\/de\\\/#\\\/schema\\\/logo\\\/image\\\/\"},\"sameAs\":[\"https:\\\/\\\/www.facebook.com\\\/amenityresorts\",\"https:\\\/\\\/www.instagram.com\\\/amenityresorts\\\/\",\"https:\\\/\\\/www.youtube.com\\\/channel\\\/UCVY-yFoyFBR8H0hC1euh7Sw\"]}]}<\/script>\n<!-- \/ Yoast SEO Premium plugin. -->","yoast_head_json":{"title":"Sonderangebote f\u00fcr Unterkunft in \u0160pindler\u016fv Ml\u00fdn - Amenity Resort","description":"Sonderangebote f\u00fcr Unterkunft und Wellness im Amenity Hotel & Resort \u0160pindler\u016fv Ml\u00fdn. Informieren Sie sich \u00fcber unsere aktuellen Angebote.","robots":{"index":"index","follow":"follow","max-snippet":"max-snippet:-1","max-image-preview":"max-image-preview:large","max-video-preview":"max-video-preview:-1"},"canonical":"https:\/\/spindl.amenity.cz\/de\/specialangebote\/","og_locale":"de_DE","og_type":"article","og_title":"SPECIALANGEBOTE","og_description":"Sonderangebote f\u00fcr Unterkunft und Wellness im Amenity Hotel & Resort \u0160pindler\u016fv Ml\u00fdn. Informieren Sie sich \u00fcber unsere aktuellen Angebote.","og_url":"https:\/\/spindl.amenity.cz\/de\/specialangebote\/","og_site_name":"\u0160pindler\u016fv Ml\u00fdn","article_publisher":"https:\/\/www.facebook.com\/amenityresorts","article_modified_time":"2026-03-26T08:49:45+00:00","twitter_card":"summary_large_image","twitter_misc":{"Gesch\u00e4tzte Lesezeit":"5\u00a0Minuten"},"schema":{"@context":"https:\/\/schema.org","@graph":[{"@type":"WebPage","@id":"https:\/\/spindl.amenity.cz\/de\/specialangebote\/","url":"https:\/\/spindl.amenity.cz\/de\/specialangebote\/","name":"Sonderangebote f\u00fcr Unterkunft in \u0160pindler\u016fv Ml\u00fdn - Amenity Resort","isPartOf":{"@id":"https:\/\/spindl.amenity.cz\/de\/#website"},"datePublished":"2019-10-27T12:45:24+00:00","dateModified":"2026-03-26T08:49:45+00:00","description":"Sonderangebote f\u00fcr Unterkunft und Wellness im Amenity Hotel & Resort \u0160pindler\u016fv Ml\u00fdn. Informieren Sie sich \u00fcber unsere aktuellen Angebote.","breadcrumb":{"@id":"https:\/\/spindl.amenity.cz\/de\/specialangebote\/#breadcrumb"},"inLanguage":"de","potentialAction":[{"@type":"ReadAction","target":["https:\/\/spindl.amenity.cz\/de\/specialangebote\/"]}]},{"@type":"BreadcrumbList","@id":"https:\/\/spindl.amenity.cz\/de\/specialangebote\/#breadcrumb","itemListElement":[{"@type":"ListItem","position":1,"name":"Dom\u016f","item":"https:\/\/spindl.amenity.cz\/de\/"},{"@type":"ListItem","position":2,"name":"SPECIALANGEBOTE"}]},{"@type":"WebSite","@id":"https:\/\/spindl.amenity.cz\/de\/#website","url":"https:\/\/spindl.amenity.cz\/de\/","name":"\u0160pindler\u016fv Ml\u00fdn","description":"","publisher":{"@id":"https:\/\/spindl.amenity.cz\/de\/#organization"},"potentialAction":[{"@type":"SearchAction","target":{"@type":"EntryPoint","urlTemplate":"https:\/\/spindl.amenity.cz\/de\/?s={search_term_string}"},"query-input":{"@type":"PropertyValueSpecification","valueRequired":true,"valueName":"search_term_string"}}],"inLanguage":"de"},{"@type":"Organization","@id":"https:\/\/spindl.amenity.cz\/de\/#organization","name":"Amenity Hotel & Resort \u0160pindler\u016fv Ml\u00fdn","url":"https:\/\/spindl.amenity.cz\/de\/","logo":{"@type":"ImageObject","inLanguage":"de","@id":"https:\/\/spindl.amenity.cz\/de\/#\/schema\/logo\/image\/","url":"http:\/\/spindl.amenity.cz\/wp-content\/uploads\/sites\/5\/2019\/09\/galerie-hotel_930x620_.jpg","contentUrl":"http:\/\/spindl.amenity.cz\/wp-content\/uploads\/sites\/5\/2019\/09\/galerie-hotel_930x620_.jpg","width":930,"height":620,"caption":"Amenity Hotel & Resort \u0160pindler\u016fv Ml\u00fdn"},"image":{"@id":"https:\/\/spindl.amenity.cz\/de\/#\/schema\/logo\/image\/"},"sameAs":["https:\/\/www.facebook.com\/amenityresorts","https:\/\/www.instagram.com\/amenityresorts\/","https:\/\/www.youtube.com\/channel\/UCVY-yFoyFBR8H0hC1euh7Sw"]}]}},"_links":{"self":[{"href":"https:\/\/spindl.amenity.cz\/de\/wp-json\/wp\/v2\/pages\/4871","targetHints":{"allow":["GET"]}}],"collection":[{"href":"https:\/\/spindl.amenity.cz\/de\/wp-json\/wp\/v2\/pages"}],"about":[{"href":"https:\/\/spindl.amenity.cz\/de\/wp-json\/wp\/v2\/types\/page"}],"author":[{"embeddable":true,"href":"https:\/\/spindl.amenity.cz\/de\/wp-json\/wp\/v2\/users\/2"}],"replies":[{"embeddable":true,"href":"https:\/\/spindl.amenity.cz\/de\/wp-json\/wp\/v2\/comments?post=4871"}],"version-history":[{"count":5,"href":"https:\/\/spindl.amenity.cz\/de\/wp-json\/wp\/v2\/pages\/4871\/revisions"}],"predecessor-version":[{"id":13353,"href":"https:\/\/spindl.amenity.cz\/de\/wp-json\/wp\/v2\/pages\/4871\/revisions\/13353"}],"wp:attachment":[{"href":"https:\/\/spindl.amenity.cz\/de\/wp-json\/wp\/v2\/media?parent=4871"}],"curies":[{"name":"wp","href":"https:\/\/api.w.org\/{rel}","templated":true}]}}