{"id":5396,"date":"2019-10-31T10:40:19","date_gmt":"2019-10-31T09:40:19","guid":{"rendered":"http:\/\/spindl.amenity.cz\/massagen\/"},"modified":"2024-01-09T16:31:37","modified_gmt":"2024-01-09T15:31:37","slug":"massagen","status":"publish","type":"page","link":"https:\/\/spindl.amenity.cz\/de\/massagen\/","title":{"rendered":"Massagen"},"content":{"rendered":"<div class=\"wpb-content-wrapper\"><p>[vc_row][vc_column][\/vc_column][\/vc_row][vc_row full_width=&#8221;stretch_row_content_no_spaces&#8221;][vc_column]<div  class=\"empty-space  marg-lg-b15 marg-xs-b50\"><\/div>[\/vc_column][\/vc_row][vc_row][vc_column]<div class=\"text-block \" ><div class=\"simple-text \"><h1 style=\"text-align: center;\">Preisliste Massagen<\/h1>\n<\/div><\/div>[\/vc_column][\/vc_row][vc_row][vc_column][vc_separator color=&#8221;custom&#8221; border_width=&#8221;2&#8243; el_width=&#8221;50&#8243; accent_color=&#8221;#c7b39a&#8221;][\/vc_column][\/vc_row][vc_row][vc_column width=&#8221;1\/2&#8243;]<div class=\"text-block \" ><div class=\"simple-text \"><table style=\"height: 279px;\" width=\"574\">\n<tbody>\n<tr bgcolor=\"#542413\">\n<td width=\"221\"><span style=\"color: #ffffff;\"><strong>Name<\/strong><\/span><\/td>\n<td width=\"86\"><span style=\"color: #ffffff;\"><strong>Zeit<\/strong><\/span><\/td>\n<td width=\"57\"><span style=\"color: #ffffff;\"><strong>Preis *<\/strong><\/span><\/td>\n<\/tr>\n<tr>\n<td width=\"221\">Ganzk\u00f6rpermassage<br \/>\nTeilaroma R\u00fccken und Nackenmassage<br \/>\nMassage mit Lavasteinen<\/td>\n<td width=\"86\"><strong>60 Min.<\/strong><br \/>\n<strong>30 Min.<\/strong><br \/>\n<strong>60 Min.<\/strong><\/td>\n<td width=\"57\"><strong>CZK 1200<\/strong><br \/>\n<strong>CZK 600<\/strong><br \/>\n<strong>CZK 1 800<\/strong><\/td>\n<\/tr>\n<\/tbody>\n<\/table>\n<\/div><\/div>[\/vc_column][vc_column width=&#8221;1\/2&#8243;]<div class=\"text-block \" ><div class=\"simple-text \"><p style=\"text-align: center;\"><strong><img loading=\"lazy\" decoding=\"async\" class=\"alignnone wp-image-5398\" src=\"http:\/\/spindl.amenity.cz\/wp-content\/uploads\/sites\/5\/2019\/09\/masaze-300x201.jpg\" alt=\"\" width=\"270\" height=\"181\" srcset=\"https:\/\/spindl.amenity.cz\/wp-content\/uploads\/sites\/5\/2019\/09\/masaze-300x201.jpg 300w, https:\/\/spindl.amenity.cz\/wp-content\/uploads\/sites\/5\/2019\/09\/masaze.jpg 350w\" sizes=\"auto, (max-width: 270px) 100vw, 270px\" \/><\/strong><\/p>\n<\/div><\/div>[\/vc_column][\/vc_row][vc_row][vc_column width=&#8221;1\/2&#8243;]<div class=\"text-block \" ><div class=\"simple-text \"><p><strong>Aromamassage<\/strong><\/p>\n<p>Diese sanfte Massage verbindet in sich therapeutische Kraft einer klassischen Massage mit der Wirkung der \u00e4therischen \u00d6le. Die K\u00f6rpermassage-Technik dient zur Entspannung von K\u00f6rper und Geist und f\u00fchrt zu einer tiefen Entspannung und f\u00f6rdert den Selbstheilungsprozess im gesamten K\u00f6rper. Die Kombination aus sanfter Massage und angenehmen D\u00fcften weckt ein Gef\u00fchl der Leichtigkeit und tiefer Entspannung, sowohl k\u00f6rperlich als auch psychisch.<\/p>\n<\/div><\/div>[\/vc_column][vc_column width=&#8221;1\/2&#8243;][\/vc_column][\/vc_row]<\/p>\n<\/div>","protected":false},"excerpt":{"rendered":"<p>[vc_row][vc_column][\/vc_column][\/vc_row][vc_row full_width=&#8221;stretch_row_content_no_spaces&#8221;][vc_column][\/vc_column][\/vc_row][vc_row][vc_column][\/vc_column][\/vc_row][vc_row][vc_column][vc_separator color=&#8221;custom&#8221; border_width=&#8221;2&#8243; el_width=&#8221;50&#8243; accent_color=&#8221;#c7b39a&#8221;][\/vc_column][\/vc_row][vc_row][vc_column width=&#8221;1\/2&#8243;][\/vc_column][vc_column width=&#8221;1\/2&#8243;][\/vc_column][\/vc_row][vc_row][vc_column width=&#8221;1\/2&#8243;][\/vc_column][vc_column width=&#8221;1\/2&#8243;][\/vc_column][\/vc_row]<\/p>\n","protected":false},"author":2,"featured_media":0,"parent":0,"menu_order":0,"comment_status":"closed","ping_status":"closed","template":"","meta":{"footnotes":""},"class_list":["post-5396","page","type-page","status-publish","hentry"],"yoast_head":"<!-- This site is optimized with the Yoast SEO Premium plugin v27.3 (Yoast SEO v27.3) - https:\/\/yoast.com\/product\/yoast-seo-premium-wordpress\/ -->\n<title>Mas\u00e1\u017ee \u0160pindler\u016fv Ml\u00fdn - Amenity resort \u0160pindler\u016fv Ml\u00fdn<\/title>\n<meta name=\"description\" content=\"Mas\u00e1\u017ee \u0160pindler\u016fv Ml\u00fdn. Vyberte si n\u011bkterou z mnoha nab\u00edzen\u00fdch mas\u00e1\u017e\u00ed a na\u010derpejte novou energii. Vyzkou\u0161ejte i n\u00e1\u0161 wellness.\" \/>\n<meta name=\"robots\" content=\"index, follow, max-snippet:-1, max-image-preview:large, max-video-preview:-1\" \/>\n<link rel=\"canonical\" href=\"https:\/\/spindl.amenity.cz\/de\/massagen\/\" \/>\n<meta property=\"og:locale\" content=\"de_DE\" \/>\n<meta property=\"og:type\" content=\"article\" \/>\n<meta property=\"og:title\" content=\"Massagen\" \/>\n<meta property=\"og:description\" content=\"Mas\u00e1\u017ee \u0160pindler\u016fv Ml\u00fdn. Vyberte si n\u011bkterou z mnoha nab\u00edzen\u00fdch mas\u00e1\u017e\u00ed a na\u010derpejte novou energii. Vyzkou\u0161ejte i n\u00e1\u0161 wellness.\" \/>\n<meta property=\"og:url\" content=\"https:\/\/spindl.amenity.cz\/de\/massagen\/\" \/>\n<meta property=\"og:site_name\" content=\"\u0160pindler\u016fv Ml\u00fdn\" \/>\n<meta property=\"article:publisher\" content=\"https:\/\/www.facebook.com\/amenityresorts\" \/>\n<meta property=\"article:modified_time\" content=\"2024-01-09T15:31:37+00:00\" \/>\n<meta property=\"og:image\" content=\"http:\/\/spindl.amenity.cz\/wp-content\/uploads\/sites\/5\/2019\/09\/masaze-300x201.jpg\" \/>\n<meta name=\"twitter:card\" content=\"summary_large_image\" \/>\n<meta name=\"twitter:label1\" content=\"Gesch\u00e4tzte Lesezeit\" \/>\n\t<meta name=\"twitter:data1\" content=\"1\u00a0Minute\" \/>\n<script type=\"application\/ld+json\" class=\"yoast-schema-graph\">{\"@context\":\"https:\\\/\\\/schema.org\",\"@graph\":[{\"@type\":\"WebPage\",\"@id\":\"https:\\\/\\\/spindl.amenity.cz\\\/de\\\/massagen\\\/\",\"url\":\"https:\\\/\\\/spindl.amenity.cz\\\/de\\\/massagen\\\/\",\"name\":\"Mas\u00e1\u017ee \u0160pindler\u016fv Ml\u00fdn - Amenity resort \u0160pindler\u016fv Ml\u00fdn\",\"isPartOf\":{\"@id\":\"https:\\\/\\\/spindl.amenity.cz\\\/de\\\/#website\"},\"primaryImageOfPage\":{\"@id\":\"https:\\\/\\\/spindl.amenity.cz\\\/de\\\/massagen\\\/#primaryimage\"},\"image\":{\"@id\":\"https:\\\/\\\/spindl.amenity.cz\\\/de\\\/massagen\\\/#primaryimage\"},\"thumbnailUrl\":\"http:\\\/\\\/spindl.amenity.cz\\\/wp-content\\\/uploads\\\/sites\\\/5\\\/2019\\\/09\\\/masaze-300x201.jpg\",\"datePublished\":\"2019-10-31T09:40:19+00:00\",\"dateModified\":\"2024-01-09T15:31:37+00:00\",\"description\":\"Mas\u00e1\u017ee \u0160pindler\u016fv Ml\u00fdn. Vyberte si n\u011bkterou z mnoha nab\u00edzen\u00fdch mas\u00e1\u017e\u00ed a na\u010derpejte novou energii. Vyzkou\u0161ejte i n\u00e1\u0161 wellness.\",\"breadcrumb\":{\"@id\":\"https:\\\/\\\/spindl.amenity.cz\\\/de\\\/massagen\\\/#breadcrumb\"},\"inLanguage\":\"de\",\"potentialAction\":[{\"@type\":\"ReadAction\",\"target\":[\"https:\\\/\\\/spindl.amenity.cz\\\/de\\\/massagen\\\/\"]}]},{\"@type\":\"ImageObject\",\"inLanguage\":\"de\",\"@id\":\"https:\\\/\\\/spindl.amenity.cz\\\/de\\\/massagen\\\/#primaryimage\",\"url\":\"http:\\\/\\\/spindl.amenity.cz\\\/wp-content\\\/uploads\\\/sites\\\/5\\\/2019\\\/09\\\/masaze-300x201.jpg\",\"contentUrl\":\"http:\\\/\\\/spindl.amenity.cz\\\/wp-content\\\/uploads\\\/sites\\\/5\\\/2019\\\/09\\\/masaze-300x201.jpg\"},{\"@type\":\"BreadcrumbList\",\"@id\":\"https:\\\/\\\/spindl.amenity.cz\\\/de\\\/massagen\\\/#breadcrumb\",\"itemListElement\":[{\"@type\":\"ListItem\",\"position\":1,\"name\":\"Dom\u016f\",\"item\":\"https:\\\/\\\/spindl.amenity.cz\\\/de\\\/\"},{\"@type\":\"ListItem\",\"position\":2,\"name\":\"Massagen\"}]},{\"@type\":\"WebSite\",\"@id\":\"https:\\\/\\\/spindl.amenity.cz\\\/de\\\/#website\",\"url\":\"https:\\\/\\\/spindl.amenity.cz\\\/de\\\/\",\"name\":\"\u0160pindler\u016fv Ml\u00fdn\",\"description\":\"\",\"publisher\":{\"@id\":\"https:\\\/\\\/spindl.amenity.cz\\\/de\\\/#organization\"},\"potentialAction\":[{\"@type\":\"SearchAction\",\"target\":{\"@type\":\"EntryPoint\",\"urlTemplate\":\"https:\\\/\\\/spindl.amenity.cz\\\/de\\\/?s={search_term_string}\"},\"query-input\":{\"@type\":\"PropertyValueSpecification\",\"valueRequired\":true,\"valueName\":\"search_term_string\"}}],\"inLanguage\":\"de\"},{\"@type\":\"Organization\",\"@id\":\"https:\\\/\\\/spindl.amenity.cz\\\/de\\\/#organization\",\"name\":\"Amenity Hotel & Resort \u0160pindler\u016fv Ml\u00fdn\",\"url\":\"https:\\\/\\\/spindl.amenity.cz\\\/de\\\/\",\"logo\":{\"@type\":\"ImageObject\",\"inLanguage\":\"de\",\"@id\":\"https:\\\/\\\/spindl.amenity.cz\\\/de\\\/#\\\/schema\\\/logo\\\/image\\\/\",\"url\":\"http:\\\/\\\/spindl.amenity.cz\\\/wp-content\\\/uploads\\\/sites\\\/5\\\/2019\\\/09\\\/galerie-hotel_930x620_.jpg\",\"contentUrl\":\"http:\\\/\\\/spindl.amenity.cz\\\/wp-content\\\/uploads\\\/sites\\\/5\\\/2019\\\/09\\\/galerie-hotel_930x620_.jpg\",\"width\":930,\"height\":620,\"caption\":\"Amenity Hotel & Resort \u0160pindler\u016fv Ml\u00fdn\"},\"image\":{\"@id\":\"https:\\\/\\\/spindl.amenity.cz\\\/de\\\/#\\\/schema\\\/logo\\\/image\\\/\"},\"sameAs\":[\"https:\\\/\\\/www.facebook.com\\\/amenityresorts\",\"https:\\\/\\\/www.instagram.com\\\/amenityresorts\\\/\",\"https:\\\/\\\/www.youtube.com\\\/channel\\\/UCVY-yFoyFBR8H0hC1euh7Sw\"]}]}<\/script>\n<!-- \/ Yoast SEO Premium plugin. -->","yoast_head_json":{"title":"Mas\u00e1\u017ee \u0160pindler\u016fv Ml\u00fdn - Amenity resort \u0160pindler\u016fv Ml\u00fdn","description":"Mas\u00e1\u017ee \u0160pindler\u016fv Ml\u00fdn. Vyberte si n\u011bkterou z mnoha nab\u00edzen\u00fdch mas\u00e1\u017e\u00ed a na\u010derpejte novou energii. Vyzkou\u0161ejte i n\u00e1\u0161 wellness.","robots":{"index":"index","follow":"follow","max-snippet":"max-snippet:-1","max-image-preview":"max-image-preview:large","max-video-preview":"max-video-preview:-1"},"canonical":"https:\/\/spindl.amenity.cz\/de\/massagen\/","og_locale":"de_DE","og_type":"article","og_title":"Massagen","og_description":"Mas\u00e1\u017ee \u0160pindler\u016fv Ml\u00fdn. Vyberte si n\u011bkterou z mnoha nab\u00edzen\u00fdch mas\u00e1\u017e\u00ed a na\u010derpejte novou energii. Vyzkou\u0161ejte i n\u00e1\u0161 wellness.","og_url":"https:\/\/spindl.amenity.cz\/de\/massagen\/","og_site_name":"\u0160pindler\u016fv Ml\u00fdn","article_publisher":"https:\/\/www.facebook.com\/amenityresorts","article_modified_time":"2024-01-09T15:31:37+00:00","og_image":[{"url":"http:\/\/spindl.amenity.cz\/wp-content\/uploads\/sites\/5\/2019\/09\/masaze-300x201.jpg","type":"","width":"","height":""}],"twitter_card":"summary_large_image","twitter_misc":{"Gesch\u00e4tzte Lesezeit":"1\u00a0Minute"},"schema":{"@context":"https:\/\/schema.org","@graph":[{"@type":"WebPage","@id":"https:\/\/spindl.amenity.cz\/de\/massagen\/","url":"https:\/\/spindl.amenity.cz\/de\/massagen\/","name":"Mas\u00e1\u017ee \u0160pindler\u016fv Ml\u00fdn - Amenity resort \u0160pindler\u016fv Ml\u00fdn","isPartOf":{"@id":"https:\/\/spindl.amenity.cz\/de\/#website"},"primaryImageOfPage":{"@id":"https:\/\/spindl.amenity.cz\/de\/massagen\/#primaryimage"},"image":{"@id":"https:\/\/spindl.amenity.cz\/de\/massagen\/#primaryimage"},"thumbnailUrl":"http:\/\/spindl.amenity.cz\/wp-content\/uploads\/sites\/5\/2019\/09\/masaze-300x201.jpg","datePublished":"2019-10-31T09:40:19+00:00","dateModified":"2024-01-09T15:31:37+00:00","description":"Mas\u00e1\u017ee \u0160pindler\u016fv Ml\u00fdn. Vyberte si n\u011bkterou z mnoha nab\u00edzen\u00fdch mas\u00e1\u017e\u00ed a na\u010derpejte novou energii. Vyzkou\u0161ejte i n\u00e1\u0161 wellness.","breadcrumb":{"@id":"https:\/\/spindl.amenity.cz\/de\/massagen\/#breadcrumb"},"inLanguage":"de","potentialAction":[{"@type":"ReadAction","target":["https:\/\/spindl.amenity.cz\/de\/massagen\/"]}]},{"@type":"ImageObject","inLanguage":"de","@id":"https:\/\/spindl.amenity.cz\/de\/massagen\/#primaryimage","url":"http:\/\/spindl.amenity.cz\/wp-content\/uploads\/sites\/5\/2019\/09\/masaze-300x201.jpg","contentUrl":"http:\/\/spindl.amenity.cz\/wp-content\/uploads\/sites\/5\/2019\/09\/masaze-300x201.jpg"},{"@type":"BreadcrumbList","@id":"https:\/\/spindl.amenity.cz\/de\/massagen\/#breadcrumb","itemListElement":[{"@type":"ListItem","position":1,"name":"Dom\u016f","item":"https:\/\/spindl.amenity.cz\/de\/"},{"@type":"ListItem","position":2,"name":"Massagen"}]},{"@type":"WebSite","@id":"https:\/\/spindl.amenity.cz\/de\/#website","url":"https:\/\/spindl.amenity.cz\/de\/","name":"\u0160pindler\u016fv Ml\u00fdn","description":"","publisher":{"@id":"https:\/\/spindl.amenity.cz\/de\/#organization"},"potentialAction":[{"@type":"SearchAction","target":{"@type":"EntryPoint","urlTemplate":"https:\/\/spindl.amenity.cz\/de\/?s={search_term_string}"},"query-input":{"@type":"PropertyValueSpecification","valueRequired":true,"valueName":"search_term_string"}}],"inLanguage":"de"},{"@type":"Organization","@id":"https:\/\/spindl.amenity.cz\/de\/#organization","name":"Amenity Hotel & Resort \u0160pindler\u016fv Ml\u00fdn","url":"https:\/\/spindl.amenity.cz\/de\/","logo":{"@type":"ImageObject","inLanguage":"de","@id":"https:\/\/spindl.amenity.cz\/de\/#\/schema\/logo\/image\/","url":"http:\/\/spindl.amenity.cz\/wp-content\/uploads\/sites\/5\/2019\/09\/galerie-hotel_930x620_.jpg","contentUrl":"http:\/\/spindl.amenity.cz\/wp-content\/uploads\/sites\/5\/2019\/09\/galerie-hotel_930x620_.jpg","width":930,"height":620,"caption":"Amenity Hotel & Resort \u0160pindler\u016fv Ml\u00fdn"},"image":{"@id":"https:\/\/spindl.amenity.cz\/de\/#\/schema\/logo\/image\/"},"sameAs":["https:\/\/www.facebook.com\/amenityresorts","https:\/\/www.instagram.com\/amenityresorts\/","https:\/\/www.youtube.com\/channel\/UCVY-yFoyFBR8H0hC1euh7Sw"]}]}},"_links":{"self":[{"href":"https:\/\/spindl.amenity.cz\/de\/wp-json\/wp\/v2\/pages\/5396","targetHints":{"allow":["GET"]}}],"collection":[{"href":"https:\/\/spindl.amenity.cz\/de\/wp-json\/wp\/v2\/pages"}],"about":[{"href":"https:\/\/spindl.amenity.cz\/de\/wp-json\/wp\/v2\/types\/page"}],"author":[{"embeddable":true,"href":"https:\/\/spindl.amenity.cz\/de\/wp-json\/wp\/v2\/users\/2"}],"replies":[{"embeddable":true,"href":"https:\/\/spindl.amenity.cz\/de\/wp-json\/wp\/v2\/comments?post=5396"}],"version-history":[{"count":2,"href":"https:\/\/spindl.amenity.cz\/de\/wp-json\/wp\/v2\/pages\/5396\/revisions"}],"predecessor-version":[{"id":10753,"href":"https:\/\/spindl.amenity.cz\/de\/wp-json\/wp\/v2\/pages\/5396\/revisions\/10753"}],"wp:attachment":[{"href":"https:\/\/spindl.amenity.cz\/de\/wp-json\/wp\/v2\/media?parent=5396"}],"curies":[{"name":"wp","href":"https:\/\/api.w.org\/{rel}","templated":true}]}}