{"id":8374,"date":"2021-06-01T09:52:37","date_gmt":"2021-06-01T07:52:37","guid":{"rendered":"http:\/\/spindl.amenity.cz\/?page_id=8374"},"modified":"2025-05-07T15:58:42","modified_gmt":"2025-05-07T13:58:42","slug":"e-bikes","status":"publish","type":"page","link":"https:\/\/spindl.amenity.cz\/de\/e-bikes\/","title":{"rendered":"e-bikes"},"content":{"rendered":"<div class=\"wpb-content-wrapper\"><p>[vc_row][vc_column]<div  class=\"empty-space  marg-lg-b35\"><\/div>[vc_separator color=&#8221;custom&#8221; border_width=&#8221;2&#8243; el_width=&#8221;50&#8243; accent_color=&#8221;#c7b39a&#8221;]<div  class=\"main-heading\"><span class=\"subtitle\"><\/span><h2 class=\"title\">Wir vermieten E-Bikes und lassen Ihre kostenlos aufladen<\/h2><\/div><div  class=\"empty-space  marg-lg-b25\"><\/div>[vc_separator color=&#8221;custom&#8221; border_width=&#8221;2&#8243; el_width=&#8221;50&#8243; accent_color=&#8221;#c7b39a&#8221;]<div class=\"text-block \" ><div class=\"simple-text \"><p style=\"text-align: center;\"><strong>Ein E-Bike kann Ihre Grenzen erweitern und Sie ohne gro\u00dfe Anstrengung an Orte bringen, die Sie ohne Training nur schwer erreichen w\u00fcrden. Dennoch gilt eine Grundregel: Ohne Treten f\u00e4hrt man nicht.<\/strong><\/p>\n<p style=\"text-align: center;\">Sie k\u00f6nnen die H\u00fcgel des Riesengebirges auf eigene Faust erkunden oder sich einem unserer Guides anschlie\u00dfen. Dieser f\u00fchrt Sie zu den sch\u00f6nsten Orten der Umgebung, je nach Schwierigkeitsgrad der von Ihnen gew\u00e4hlten Route.<\/p>\n<p style=\"text-align: center;\"><strong>E-Bike-Verleih in \u0160pindler\u016fv Ml\u00fdn<\/strong><\/p>\n<p style=\"text-align: center;\">Standardm\u00e4\u00dfig stehen Ihnen zwei vollgefederte Mountainbikes zur Verf\u00fcgung, mit denen Sie m\u00fchelos auf befestigten Wegen und auch in anspruchsvollerem Gel\u00e4nde fahren k\u00f6nnen.<\/p>\n<p style=\"text-align: center;\"><strong>Reservierung von E-Bikes<\/strong><\/p>\n<p style=\"text-align: center;\">Sie k\u00f6nnen Ihr Fahrrad direkt an unserer Rezeption oder unter der Telefonnummer (+420) 724 551 551 reservieren. Wir k\u00f6nnen Ihnen die E-Bikes bei einer Reservierung 24 Stunden im Voraus garantieren. Wir empfehlen Ihnen, bei der Reservierung das Geschlecht und die Gr\u00f6\u00dfe des Fahrers anzugeben, damit wir Ihnen ein passendes Fahrrad zur Verf\u00fcgung stellen k\u00f6nnen. Andernfalls h\u00e4ngt die Verf\u00fcgbarkeit von der aktuellen Situation ab.<\/p>\n<p style=\"text-align: center;\"><strong>Aufladen von Elektrofahrr\u00e4dern<\/strong><\/p>\n<p style=\"text-align: center;\"><b>Und wenn Sie bereits ein eigenes Elektrofahrrad haben, k\u00f6nnen Sie es bei uns kostenlos aufladen.<\/b> In der Zwischenzeit k\u00f6nnen Sie sich in unserem Restaurant st\u00e4rken, sich mit sommerlichen Getr\u00e4nken erfrischen und die Aussicht von der Sonnenterrasse genie\u00dfen.<\/p>\n<p style=\"text-align: center;\">Warten Sie also nicht l\u00e4nger und machen Sie sich auf den Weg in die Natur.<\/p>\n<\/div><\/div><div  class=\"empty-space  marg-lg-b25\"><\/div>[\/vc_column][\/vc_row][vc_row][vc_column width=&#8221;1\/3&#8243;][vc_single_image image=&#8221;6681&#8243; img_size=&#8221;full&#8221;][\/vc_column][vc_column width=&#8221;1\/3&#8243;][vc_single_image image=&#8221;6675&#8243; img_size=&#8221;full&#8221; alignment=&#8221;center&#8221;][\/vc_column][vc_column width=&#8221;1\/3&#8243;][vc_single_image image=&#8221;6678&#8243; img_size=&#8221;full&#8221; alignment=&#8221;right&#8221;][\/vc_column][\/vc_row][vc_row][vc_column]<div  class=\"empty-space  marg-lg-b25\"><\/div>[vc_separator color=&#8221;custom&#8221; border_width=&#8221;2&#8243; el_width=&#8221;50&#8243; accent_color=&#8221;#c7b39a&#8221;]<div class=\"text-block \" ><div class=\"simple-text \"><h3 style=\"text-align: center;\">Preis f\u00fcr die Ausleihe eines E-Bikes<\/h3>\n<p style=\"text-align: center;\"><strong>1 Tag\/1 350 CZK<\/strong><\/p>\n<\/div><\/div><div  class=\"empty-space  marg-lg-b25\"><\/div>[\/vc_column][\/vc_row]<\/p>\n<\/div>","protected":false},"excerpt":{"rendered":"<p>[vc_row][vc_column][vc_separator color=&#8221;custom&#8221; border_width=&#8221;2&#8243; el_width=&#8221;50&#8243; accent_color=&#8221;#c7b39a&#8221;][vc_separator color=&#8221;custom&#8221; border_width=&#8221;2&#8243; el_width=&#8221;50&#8243; accent_color=&#8221;#c7b39a&#8221;][\/vc_column][\/vc_row][vc_row][vc_column width=&#8221;1\/3&#8243;][vc_single_image image=&#8221;6681&#8243; img_size=&#8221;full&#8221;][\/vc_column][vc_column width=&#8221;1\/3&#8243;][vc_single_image image=&#8221;6675&#8243; img_size=&#8221;full&#8221; alignment=&#8221;center&#8221;][\/vc_column][vc_column width=&#8221;1\/3&#8243;][vc_single_image image=&#8221;6678&#8243; img_size=&#8221;full&#8221; alignment=&#8221;right&#8221;][\/vc_column][\/vc_row][vc_row][vc_column][vc_separator color=&#8221;custom&#8221; border_width=&#8221;2&#8243; el_width=&#8221;50&#8243; accent_color=&#8221;#c7b39a&#8221;][\/vc_column][\/vc_row]<\/p>\n","protected":false},"author":3,"featured_media":0,"parent":0,"menu_order":0,"comment_status":"closed","ping_status":"closed","template":"","meta":{"footnotes":""},"class_list":["post-8374","page","type-page","status-publish","hentry"],"yoast_head":"<!-- This site is optimized with the Yoast SEO Premium plugin v26.7 (Yoast SEO v26.7) - https:\/\/yoast.com\/wordpress\/plugins\/seo\/ -->\n<title>E-Bikes \u2013 Amenity Hotel &amp; Resort \u0160pindler\u016fv Ml\u00fdn \u2013 Krkono\u0161e<\/title>\n<meta name=\"description\" content=\"Wir vermieten E-Bikes und lassen Ihre kostenlos aufladen. Amenity Hotel &amp; Resort \u0160pindler\u016fv Ml\u00fdn \u2013 Krkono\u0161e \u2013 Czechia\" \/>\n<meta name=\"robots\" content=\"index, follow, max-snippet:-1, max-image-preview:large, max-video-preview:-1\" \/>\n<link rel=\"canonical\" href=\"https:\/\/spindl.amenity.cz\/de\/e-bikes\/\" \/>\n<meta property=\"og:locale\" content=\"de_DE\" \/>\n<meta property=\"og:type\" content=\"article\" \/>\n<meta property=\"og:title\" content=\"e-bikes\" \/>\n<meta property=\"og:description\" content=\"Wir vermieten E-Bikes und lassen Ihre kostenlos aufladen. Amenity Hotel &amp; Resort \u0160pindler\u016fv Ml\u00fdn \u2013 Krkono\u0161e \u2013 Czechia\" \/>\n<meta property=\"og:url\" content=\"https:\/\/spindl.amenity.cz\/de\/e-bikes\/\" \/>\n<meta property=\"og:site_name\" content=\"\u0160pindler\u016fv Ml\u00fdn\" \/>\n<meta property=\"article:publisher\" content=\"https:\/\/www.facebook.com\/amenityresorts\" \/>\n<meta property=\"article:modified_time\" content=\"2025-05-07T13:58:42+00:00\" \/>\n<meta name=\"twitter:card\" content=\"summary_large_image\" \/>\n<meta name=\"twitter:label1\" content=\"Gesch\u00e4tzte Lesezeit\" \/>\n\t<meta name=\"twitter:data1\" content=\"4\u00a0Minuten\" \/>\n<script type=\"application\/ld+json\" class=\"yoast-schema-graph\">{\"@context\":\"https:\/\/schema.org\",\"@graph\":[{\"@type\":\"WebPage\",\"@id\":\"https:\/\/spindl.amenity.cz\/de\/e-bikes\/\",\"url\":\"https:\/\/spindl.amenity.cz\/de\/e-bikes\/\",\"name\":\"E-Bikes \u2013 Amenity Hotel & Resort \u0160pindler\u016fv Ml\u00fdn \u2013 Krkono\u0161e\",\"isPartOf\":{\"@id\":\"https:\/\/spindl.amenity.cz\/de\/#website\"},\"datePublished\":\"2021-06-01T07:52:37+00:00\",\"dateModified\":\"2025-05-07T13:58:42+00:00\",\"description\":\"Wir vermieten E-Bikes und lassen Ihre kostenlos aufladen. Amenity Hotel & Resort \u0160pindler\u016fv Ml\u00fdn \u2013 Krkono\u0161e \u2013 Czechia\",\"breadcrumb\":{\"@id\":\"https:\/\/spindl.amenity.cz\/de\/e-bikes\/#breadcrumb\"},\"inLanguage\":\"de\",\"potentialAction\":[{\"@type\":\"ReadAction\",\"target\":[\"https:\/\/spindl.amenity.cz\/de\/e-bikes\/\"]}]},{\"@type\":\"BreadcrumbList\",\"@id\":\"https:\/\/spindl.amenity.cz\/de\/e-bikes\/#breadcrumb\",\"itemListElement\":[{\"@type\":\"ListItem\",\"position\":1,\"name\":\"Dom\u016f\",\"item\":\"https:\/\/spindl.amenity.cz\/de\/\"},{\"@type\":\"ListItem\",\"position\":2,\"name\":\"e-bikes\"}]},{\"@type\":\"WebSite\",\"@id\":\"https:\/\/spindl.amenity.cz\/de\/#website\",\"url\":\"https:\/\/spindl.amenity.cz\/de\/\",\"name\":\"\u0160pindler\u016fv Ml\u00fdn\",\"description\":\"\",\"publisher\":{\"@id\":\"https:\/\/spindl.amenity.cz\/de\/#organization\"},\"potentialAction\":[{\"@type\":\"SearchAction\",\"target\":{\"@type\":\"EntryPoint\",\"urlTemplate\":\"https:\/\/spindl.amenity.cz\/de\/?s={search_term_string}\"},\"query-input\":{\"@type\":\"PropertyValueSpecification\",\"valueRequired\":true,\"valueName\":\"search_term_string\"}}],\"inLanguage\":\"de\"},{\"@type\":\"Organization\",\"@id\":\"https:\/\/spindl.amenity.cz\/de\/#organization\",\"name\":\"Amenity Hotel & Resort \u0160pindler\u016fv Ml\u00fdn\",\"url\":\"https:\/\/spindl.amenity.cz\/de\/\",\"logo\":{\"@type\":\"ImageObject\",\"inLanguage\":\"de\",\"@id\":\"https:\/\/spindl.amenity.cz\/de\/#\/schema\/logo\/image\/\",\"url\":\"http:\/\/spindl.amenity.cz\/wp-content\/uploads\/sites\/5\/2019\/09\/galerie-hotel_930x620_.jpg\",\"contentUrl\":\"http:\/\/spindl.amenity.cz\/wp-content\/uploads\/sites\/5\/2019\/09\/galerie-hotel_930x620_.jpg\",\"width\":930,\"height\":620,\"caption\":\"Amenity Hotel & Resort \u0160pindler\u016fv Ml\u00fdn\"},\"image\":{\"@id\":\"https:\/\/spindl.amenity.cz\/de\/#\/schema\/logo\/image\/\"},\"sameAs\":[\"https:\/\/www.facebook.com\/amenityresorts\",\"https:\/\/www.instagram.com\/amenityresorts\/\",\"https:\/\/www.youtube.com\/channel\/UCVY-yFoyFBR8H0hC1euh7Sw\"]}]}<\/script>\n<!-- \/ Yoast SEO Premium plugin. -->","yoast_head_json":{"title":"E-Bikes \u2013 Amenity Hotel & Resort \u0160pindler\u016fv Ml\u00fdn \u2013 Krkono\u0161e","description":"Wir vermieten E-Bikes und lassen Ihre kostenlos aufladen. Amenity Hotel & Resort \u0160pindler\u016fv Ml\u00fdn \u2013 Krkono\u0161e \u2013 Czechia","robots":{"index":"index","follow":"follow","max-snippet":"max-snippet:-1","max-image-preview":"max-image-preview:large","max-video-preview":"max-video-preview:-1"},"canonical":"https:\/\/spindl.amenity.cz\/de\/e-bikes\/","og_locale":"de_DE","og_type":"article","og_title":"e-bikes","og_description":"Wir vermieten E-Bikes und lassen Ihre kostenlos aufladen. Amenity Hotel & Resort \u0160pindler\u016fv Ml\u00fdn \u2013 Krkono\u0161e \u2013 Czechia","og_url":"https:\/\/spindl.amenity.cz\/de\/e-bikes\/","og_site_name":"\u0160pindler\u016fv Ml\u00fdn","article_publisher":"https:\/\/www.facebook.com\/amenityresorts","article_modified_time":"2025-05-07T13:58:42+00:00","twitter_card":"summary_large_image","twitter_misc":{"Gesch\u00e4tzte Lesezeit":"4\u00a0Minuten"},"schema":{"@context":"https:\/\/schema.org","@graph":[{"@type":"WebPage","@id":"https:\/\/spindl.amenity.cz\/de\/e-bikes\/","url":"https:\/\/spindl.amenity.cz\/de\/e-bikes\/","name":"E-Bikes \u2013 Amenity Hotel & Resort \u0160pindler\u016fv Ml\u00fdn \u2013 Krkono\u0161e","isPartOf":{"@id":"https:\/\/spindl.amenity.cz\/de\/#website"},"datePublished":"2021-06-01T07:52:37+00:00","dateModified":"2025-05-07T13:58:42+00:00","description":"Wir vermieten E-Bikes und lassen Ihre kostenlos aufladen. Amenity Hotel & Resort \u0160pindler\u016fv Ml\u00fdn \u2013 Krkono\u0161e \u2013 Czechia","breadcrumb":{"@id":"https:\/\/spindl.amenity.cz\/de\/e-bikes\/#breadcrumb"},"inLanguage":"de","potentialAction":[{"@type":"ReadAction","target":["https:\/\/spindl.amenity.cz\/de\/e-bikes\/"]}]},{"@type":"BreadcrumbList","@id":"https:\/\/spindl.amenity.cz\/de\/e-bikes\/#breadcrumb","itemListElement":[{"@type":"ListItem","position":1,"name":"Dom\u016f","item":"https:\/\/spindl.amenity.cz\/de\/"},{"@type":"ListItem","position":2,"name":"e-bikes"}]},{"@type":"WebSite","@id":"https:\/\/spindl.amenity.cz\/de\/#website","url":"https:\/\/spindl.amenity.cz\/de\/","name":"\u0160pindler\u016fv Ml\u00fdn","description":"","publisher":{"@id":"https:\/\/spindl.amenity.cz\/de\/#organization"},"potentialAction":[{"@type":"SearchAction","target":{"@type":"EntryPoint","urlTemplate":"https:\/\/spindl.amenity.cz\/de\/?s={search_term_string}"},"query-input":{"@type":"PropertyValueSpecification","valueRequired":true,"valueName":"search_term_string"}}],"inLanguage":"de"},{"@type":"Organization","@id":"https:\/\/spindl.amenity.cz\/de\/#organization","name":"Amenity Hotel & Resort \u0160pindler\u016fv Ml\u00fdn","url":"https:\/\/spindl.amenity.cz\/de\/","logo":{"@type":"ImageObject","inLanguage":"de","@id":"https:\/\/spindl.amenity.cz\/de\/#\/schema\/logo\/image\/","url":"http:\/\/spindl.amenity.cz\/wp-content\/uploads\/sites\/5\/2019\/09\/galerie-hotel_930x620_.jpg","contentUrl":"http:\/\/spindl.amenity.cz\/wp-content\/uploads\/sites\/5\/2019\/09\/galerie-hotel_930x620_.jpg","width":930,"height":620,"caption":"Amenity Hotel & Resort \u0160pindler\u016fv Ml\u00fdn"},"image":{"@id":"https:\/\/spindl.amenity.cz\/de\/#\/schema\/logo\/image\/"},"sameAs":["https:\/\/www.facebook.com\/amenityresorts","https:\/\/www.instagram.com\/amenityresorts\/","https:\/\/www.youtube.com\/channel\/UCVY-yFoyFBR8H0hC1euh7Sw"]}]}},"_links":{"self":[{"href":"https:\/\/spindl.amenity.cz\/de\/wp-json\/wp\/v2\/pages\/8374","targetHints":{"allow":["GET"]}}],"collection":[{"href":"https:\/\/spindl.amenity.cz\/de\/wp-json\/wp\/v2\/pages"}],"about":[{"href":"https:\/\/spindl.amenity.cz\/de\/wp-json\/wp\/v2\/types\/page"}],"author":[{"embeddable":true,"href":"https:\/\/spindl.amenity.cz\/de\/wp-json\/wp\/v2\/users\/3"}],"replies":[{"embeddable":true,"href":"https:\/\/spindl.amenity.cz\/de\/wp-json\/wp\/v2\/comments?post=8374"}],"version-history":[{"count":3,"href":"https:\/\/spindl.amenity.cz\/de\/wp-json\/wp\/v2\/pages\/8374\/revisions"}],"predecessor-version":[{"id":12044,"href":"https:\/\/spindl.amenity.cz\/de\/wp-json\/wp\/v2\/pages\/8374\/revisions\/12044"}],"wp:attachment":[{"href":"https:\/\/spindl.amenity.cz\/de\/wp-json\/wp\/v2\/media?parent=8374"}],"curies":[{"name":"wp","href":"https:\/\/api.w.org\/{rel}","templated":true}]}}