{"id":4863,"date":"2019-10-27T13:43:43","date_gmt":"2019-10-27T12:43:43","guid":{"rendered":"http:\/\/spindleruvmlyn.amenityhotels.com\/special-events\/"},"modified":"2026-03-26T09:49:31","modified_gmt":"2026-03-26T08:49:31","slug":"special-events","status":"publish","type":"page","link":"https:\/\/spindl.amenity.cz\/en\/special-events\/","title":{"rendered":"SPECIAL EVENTS"},"content":{"rendered":"<div class=\"wpb-content-wrapper\"><p>[vc_row full_width=&#8221;stretch_row&#8221;][vc_column offset=&#8221;vc_hidden-sm vc_hidden-xs&#8221;]\n\t\t\t<!-- START Dletoaktivity REVOLUTION SLIDER 6.7.4 --><p class=\"rs-p-wp-fix\"><\/p>\n\t\t\t<rs-module-wrap id=\"rev_slider_9_1_wrapper\" data-source=\"gallery\" style=\"visibility:hidden;background:#2b2b2b;padding:0;margin:0px auto;margin-top:0;margin-bottom:0;\">\n\t\t\t\t<rs-module id=\"rev_slider_9_1\" style=\"\" data-version=\"6.7.4\">\n\t\t\t\t\t<rs-slides style=\"overflow: hidden; position: absolute;\">\n\t\t\t\t\t\t<rs-slide style=\"position: absolute;\" data-key=\"rs-55\" data-title=\"Slide\" data-thumb=\"\/\/spindl.amenity.cz\/wp-content\/uploads\/sites\/5\/2021\/03\/spindl_web-jaro-leto_1600x6302-1-100x50.jpg\" data-anim=\"ms:2000;e:slidingoverlay;\" data-in=\"y:100%;\">\n\t\t\t\t\t\t\t<img decoding=\"async\" src=\"\/\/spindl.amenity.cz\/wp-content\/plugins\/revslider\/sr6\/assets\/assets\/dummy.png\" alt=\"\" title=\"spindl_web jaro leto_1600x6302\" width=\"1600\" height=\"630\" class=\"rev-slidebg tp-rs-img rs-lazyload\" data-lazyload=\"\/\/spindl.amenity.cz\/wp-content\/uploads\/sites\/5\/2021\/03\/spindl_web-jaro-leto_1600x6302-1.jpg\" data-parallax=\"off\" data-panzoom=\"d:10000;e:power0.inOut;ss:100;se:110%;\" data-no-retina>\n<!--\n\t\t\t\t\t\t\t--><rs-layer\n\t\t\t\t\t\t\t\tid=\"slider-9-slide-55-layer-2\" \n\t\t\t\t\t\t\t\tdata-type=\"object\"\n\t\t\t\t\t\t\t\tdata-rsp_ch=\"on\"\n\t\t\t\t\t\t\t\tdata-xy=\"xo:50px,50px,50px,23px;yo:50px,50px,50px,23px;\"\n\t\t\t\t\t\t\t\tdata-text=\"w:normal;s:20,20,20,8;l:0,0,0,11;\"\n\t\t\t\t\t\t\t\tdata-frame_999=\"o:0;st:w;\"\n\t\t\t\t\t\t\t\tstyle=\"z-index:10;font-family:'Roboto';\"\n\t\t\t\t\t\t\t> \n\t\t\t\t\t\t\t<\/rs-layer><!--\n-->\t\t\t\t\t<\/rs-slide>\n\t\t\t\t\t\t<rs-slide style=\"position: absolute;\" data-key=\"rs-56\" data-title=\"Slide\" data-thumb=\"\/\/spindl.amenity.cz\/wp-content\/uploads\/sites\/5\/2021\/03\/spindl_web-jaro-leto_1600x63010-1-100x50.jpg\" data-anim=\"ms:2000;e:slidingoverlay;\" data-in=\"y:100%;\">\n\t\t\t\t\t\t\t<img decoding=\"async\" src=\"\/\/spindl.amenity.cz\/wp-content\/plugins\/revslider\/sr6\/assets\/assets\/dummy.png\" alt=\"\" title=\"spindl_web jaro leto_1600x63010\" width=\"1600\" height=\"630\" class=\"rev-slidebg tp-rs-img rs-lazyload\" data-lazyload=\"\/\/spindl.amenity.cz\/wp-content\/uploads\/sites\/5\/2021\/03\/spindl_web-jaro-leto_1600x63010-1.jpg\" data-parallax=\"off\" data-panzoom=\"d:10000;e:power0.inOut;ss:100;se:110%;\" data-no-retina>\n<!--\n\t\t\t\t\t\t\t--><rs-layer\n\t\t\t\t\t\t\t\tid=\"slider-9-slide-56-layer-2\" \n\t\t\t\t\t\t\t\tdata-type=\"object\"\n\t\t\t\t\t\t\t\tdata-rsp_ch=\"on\"\n\t\t\t\t\t\t\t\tdata-xy=\"xo:50px,50px,50px,23px;yo:50px,50px,50px,23px;\"\n\t\t\t\t\t\t\t\tdata-text=\"w:normal;s:20,20,20,8;l:0,0,0,11;\"\n\t\t\t\t\t\t\t\tdata-frame_999=\"o:0;st:w;\"\n\t\t\t\t\t\t\t\tstyle=\"z-index:10;font-family:'Roboto';\"\n\t\t\t\t\t\t\t> \n\t\t\t\t\t\t\t<\/rs-layer><!--\n-->\t\t\t\t\t<\/rs-slide>\n\t\t\t\t\t\t<rs-slide style=\"position: absolute;\" data-key=\"rs-57\" data-title=\"Slide\" data-thumb=\"\/\/spindl.amenity.cz\/wp-content\/uploads\/sites\/5\/2021\/03\/spindl_web-jaro-leto_1600x63037-1-100x50.jpg\" data-anim=\"ms:2000;e:slidingoverlay;\" data-in=\"y:100%;\">\n\t\t\t\t\t\t\t<img decoding=\"async\" src=\"\/\/spindl.amenity.cz\/wp-content\/plugins\/revslider\/sr6\/assets\/assets\/dummy.png\" alt=\"\" title=\"spindl_web jaro leto_1600x63037\" width=\"1600\" height=\"630\" class=\"rev-slidebg tp-rs-img rs-lazyload\" data-lazyload=\"\/\/spindl.amenity.cz\/wp-content\/uploads\/sites\/5\/2021\/03\/spindl_web-jaro-leto_1600x63037-1.jpg\" data-parallax=\"off\" data-panzoom=\"d:10000;e:power0.inOut;ss:100;se:110%;\" data-no-retina>\n<!--\n\t\t\t\t\t\t\t--><rs-layer\n\t\t\t\t\t\t\t\tid=\"slider-9-slide-57-layer-2\" \n\t\t\t\t\t\t\t\tdata-type=\"object\"\n\t\t\t\t\t\t\t\tdata-rsp_ch=\"on\"\n\t\t\t\t\t\t\t\tdata-xy=\"xo:50px,50px,50px,23px;yo:50px,50px,50px,23px;\"\n\t\t\t\t\t\t\t\tdata-text=\"w:normal;s:20,20,20,8;l:0,0,0,11;\"\n\t\t\t\t\t\t\t\tdata-frame_999=\"o:0;st:w;\"\n\t\t\t\t\t\t\t\tstyle=\"z-index:10;font-family:'Roboto';\"\n\t\t\t\t\t\t\t> \n\t\t\t\t\t\t\t<\/rs-layer><!--\n-->\t\t\t\t\t<\/rs-slide>\n\t\t\t\t\t\t<rs-slide style=\"position: absolute;\" data-key=\"rs-58\" data-title=\"Slide\" data-thumb=\"\/\/spindl.amenity.cz\/wp-content\/uploads\/sites\/5\/2021\/03\/spindl_web-jaro-leto_1600x63023-1-100x50.jpg\" data-anim=\"ms:2000;e:slidingoverlay;\" data-in=\"y:100%;\">\n\t\t\t\t\t\t\t<img decoding=\"async\" src=\"\/\/spindl.amenity.cz\/wp-content\/plugins\/revslider\/sr6\/assets\/assets\/dummy.png\" alt=\"\" title=\"spindl_web jaro leto_1600x63023\" width=\"1600\" height=\"630\" class=\"rev-slidebg tp-rs-img rs-lazyload\" data-lazyload=\"\/\/spindl.amenity.cz\/wp-content\/uploads\/sites\/5\/2021\/03\/spindl_web-jaro-leto_1600x63023-1.jpg\" data-parallax=\"off\" data-panzoom=\"d:10000;e:power0.inOut;ss:100;se:110%;\" data-no-retina>\n<!--\n\t\t\t\t\t\t\t--><rs-layer\n\t\t\t\t\t\t\t\tid=\"slider-9-slide-58-layer-2\" \n\t\t\t\t\t\t\t\tdata-type=\"object\"\n\t\t\t\t\t\t\t\tdata-rsp_ch=\"on\"\n\t\t\t\t\t\t\t\tdata-xy=\"xo:50px,50px,50px,23px;yo:50px,50px,50px,23px;\"\n\t\t\t\t\t\t\t\tdata-text=\"w:normal;s:20,20,20,8;l:0,0,0,11;\"\n\t\t\t\t\t\t\t\tdata-frame_999=\"o:0;st:w;\"\n\t\t\t\t\t\t\t\tstyle=\"z-index:10;font-family:'Roboto';\"\n\t\t\t\t\t\t\t> \n\t\t\t\t\t\t\t<\/rs-layer><!--\n-->\t\t\t\t\t<\/rs-slide>\n\t\t\t\t\t\t<rs-slide style=\"position: absolute;\" data-key=\"rs-59\" data-title=\"Slide\" data-thumb=\"\/\/spindl.amenity.cz\/wp-content\/uploads\/sites\/5\/2021\/03\/spindl_web-jaro-leto_1600x63011-1-100x50.jpg\" data-anim=\"ms:2000;e:slidingoverlay;\" data-in=\"y:100%;\">\n\t\t\t\t\t\t\t<img decoding=\"async\" src=\"\/\/spindl.amenity.cz\/wp-content\/plugins\/revslider\/sr6\/assets\/assets\/dummy.png\" alt=\"\" title=\"spindl_web jaro leto_1600x63011\" width=\"1600\" height=\"630\" class=\"rev-slidebg tp-rs-img rs-lazyload\" data-lazyload=\"\/\/spindl.amenity.cz\/wp-content\/uploads\/sites\/5\/2021\/03\/spindl_web-jaro-leto_1600x63011-1.jpg\" data-parallax=\"off\" data-panzoom=\"d:10000;e:power0.inOut;ss:100;se:110%;\" data-no-retina>\n<!--\n\t\t\t\t\t\t\t--><rs-layer\n\t\t\t\t\t\t\t\tid=\"slider-9-slide-59-layer-2\" \n\t\t\t\t\t\t\t\tdata-type=\"object\"\n\t\t\t\t\t\t\t\tdata-rsp_ch=\"on\"\n\t\t\t\t\t\t\t\tdata-xy=\"xo:50px,50px,50px,23px;yo:50px,50px,50px,23px;\"\n\t\t\t\t\t\t\t\tdata-text=\"w:normal;s:20,20,20,8;l:0,0,0,11;\"\n\t\t\t\t\t\t\t\tdata-frame_999=\"o:0;st:w;\"\n\t\t\t\t\t\t\t\tstyle=\"z-index:10;font-family:'Roboto';\"\n\t\t\t\t\t\t\t> \n\t\t\t\t\t\t\t<\/rs-layer><!--\n-->\t\t\t\t\t<\/rs-slide>\n\t\t\t\t\t<\/rs-slides>\n\t\t\t\t\t<rs-static-layers><!--\n\t\t\t\t\t--><\/rs-static-layers>\n\t\t\t\t<\/rs-module>\n\t\t\t\t<script>\n\t\t\t\t\tsetREVStartSize({c: 'rev_slider_9_1',rl:[1600,1600,1600,750],el:[630,630,630,720],gw:[1600,1600,1600,750],gh:[630,630,630,625],type:'standard',justify:'',layout:'fullwidth',mh:\"0\"});if (window.RS_MODULES!==undefined && window.RS_MODULES.modules!==undefined && window.RS_MODULES.modules[\"revslider91\"]!==undefined) {window.RS_MODULES.modules[\"revslider91\"].once = false;window.revapi9 = undefined;if (window.RS_MODULES.checkMinimal!==undefined) window.RS_MODULES.checkMinimal()}\n\t\t\t\t<\/script>\n\t\t\t<\/rs-module-wrap>\n\t\t\t<!-- END REVOLUTION SLIDER -->\n[\/vc_column][\/vc_row][vc_row][vc_column]<div  class=\"empty-space  marg-lg-b35\"><\/div><div class=\"text-block \" ><div class=\"simple-text \"><h1 style=\"text-align: center;\">News &amp; special offers<\/h1>\n<\/div><\/div>[\/vc_column][\/vc_row][vc_row full_width=&#8221;stretch_row_content_no_spaces&#8221; bg_type=&#8221;bg_color&#8221; bg_color_value=&#8221;#293635&#8243;][vc_column]<div  class=\"empty-space  marg-lg-b35\"><\/div>[vc_raw_js]JTNDc2NyaXB0JTNFJTBBJTIwJTIwJTIwJTIwJTIwJTIwJTIwJTIwJTI4ZnVuY3Rpb24lMjAlMjh3JTJDZCUyQ3MlMkNvJTJDZiUyQ2pzJTJDZmpzJTI5JTIwJTdCJTBBJTIwJTIwJTIwJTIwJTIwJTIwJTIwJTIwJTIwJTIwJTIwJTIwdyU1QiUyN2VjbS13aWRnZXQlMjclNUQlM0RvJTNCdyU1Qm8lNUQlMjAlM0QlMjB3JTVCbyU1RCUyMCU3QyU3QyUyMGZ1bmN0aW9uJTIwJTI4JTI5JTIwJTdCJTIwJTI4dyU1Qm8lNUQucSUyMCUzRCUyMHclNUJvJTVELnElMjAlN0MlN0MlMjAlNUIlNUQlMjkucHVzaCUyOGFyZ3VtZW50cyUyOSUyMCU3RCUzQiUwQSUyMCUyMCUyMCUyMCUyMCUyMCUyMCUyMCUyMCUyMCUyMCUyMGpzJTIwJTNEJTIwZC5jcmVhdGVFbGVtZW50JTI4cyUyOSUyQyUyMGZqcyUyMCUzRCUyMGQuZ2V0RWxlbWVudHNCeVRhZ05hbWUlMjhzJTI5JTVCMCU1RCUzQiUwQSUyMCUyMCUyMCUyMCUyMCUyMCUyMCUyMCUyMCUyMCUyMCUyMGpzLmlkJTIwJTNEJTIwJTI3MTktNGFiZmRmNDJlNjgyZjg3Y2Q0MDkwN2Q5YTBjZDRlMTYlMjclM0IlMjBqcy5kYXRhc2V0LmElMjAlM0QlMjAlMjdhbWVuaXR5cmVzb3J0cyUyNyUzQiUyMGpzLnNyYyUyMCUzRCUyMGYlM0IlMjBqcy5hc3luYyUyMCUzRCUyMDElM0IlMjBmanMucGFyZW50Tm9kZS5pbnNlcnRCZWZvcmUlMjhqcyUyQyUyMGZqcyUyOSUzQiUwQSUyMCUyMCUyMCUyMCUyMCUyMCUyMCUyMCU3RCUyOHdpbmRvdyUyQyUyMGRvY3VtZW50JTJDJTIwJTI3c2NyaXB0JTI3JTJDJTIwJTI3ZWNtd2lkZ2V0JTI3JTJDJTIwJTI3aHR0cHMlM0ElMkYlMkZkNzBzaGw3dmlkdGZ0LmNsb3VkZnJvbnQubmV0JTJGd2lkZ2V0LmpzJTI3JTI5JTI5JTNCJTBBJTIwJTIwJTIwJTIwJTNDJTJGc2NyaXB0JTNFJTBBJTIwJTIwJTIwJTIwJTIwJTIwJTIwJTIwJTIwJTIwJTIwJTIwJTNDZGl2JTIwaWQlM0QlMjJmLTE5LTRhYmZkZjQyZTY4MmY4N2NkNDA5MDdkOWEwY2Q0ZTE2JTIyJTNFJTNDJTJGZGl2JTNF[\/vc_raw_js]<div  class=\"empty-space  marg-lg-b35\"><\/div>[\/vc_column][\/vc_row][vc_row][vc_column]<div  class=\"empty-space  marg-lg-b25\"><\/div>[vc_separator color=&#8221;custom&#8221; border_width=&#8221;2&#8243; el_width=&#8221;50&#8243; accent_color=&#8221;#c7b39a&#8221;]<div  class=\"empty-space  marg-lg-b10\"><\/div>[\/vc_column][\/vc_row][vc_row full_width=&#8221;stretch_row_content_no_spaces&#8221;][vc_column offset=&#8221;vc_hidden-sm vc_hidden-xs&#8221;]<div  class=\"hb-text-block__wrapper style1\"><div class=\"row\"><div class=\"col-md-6\"><div class=\"hb-image__block\"><img decoding=\"async\" src=\"https:\/\/spindl.amenity.cz\/wp-content\/uploads\/sites\/5\/2020\/05\/750x625.jpg\" alt=\"\" \/><\/div><\/div><div class=\"col-md-6\"><div class=\"hb-text_block_content\"><div class=\"hb-text-block___inner_wrapper\"><div class=\"featured-rooms-slider__title title-color-black\">We Rent Out Electric Bikes<\/div><div class=\"featured-rooms-slider__text content-color-grey\">Electric bikes give you a chance to see and do more. They help you get to places you would hard time reaching without hard training. There is, however, one basic rule: without peddling, you won\u2019t get anywhere.<\/div><a class=\"btn btn--md btn--normal\" href=\"http:\/\/spindl.amenity.cz\/en\/electric-bikes\/\" title=\"electric-bikes\" target=\"_self\">FIND MORE<\/a><\/div><\/div><\/div><\/div><\/div>[\/vc_column][vc_column offset=&#8221;vc_hidden-lg vc_hidden-md&#8221;]<div  class=\"hb-text-block__wrapper style1\"><div class=\"row\"><div class=\"col-md-6\"><div class=\"hb-image__block\"><img decoding=\"async\" src=\"https:\/\/spindl.amenity.cz\/wp-content\/uploads\/sites\/5\/2020\/05\/750x625.jpg\" alt=\"\" \/><\/div><\/div><div class=\"col-md-6\"><div class=\"hb-text_block_content\"><div class=\"hb-text-block___inner_wrapper\"><div class=\"featured-rooms-slider__title title-color-black\">We Rent Out Electric Bikes<\/div><div class=\"featured-rooms-slider__text content-color-grey\">Electric bikes give you a chance to see and do more. They help you get to places you would hard time reaching without hard training. There is, however, one basic rule: without peddling, you won\u2019t get anywhere.<\/div><a class=\"btn btn--md btn--normal\" href=\"http:\/\/spindl.amenity.cz\/en\/electric-bikes\/\" title=\"electric-bikes\" target=\"_self\">FIND MORE<\/a><\/div><\/div><\/div><\/div><\/div>[\/vc_column][vc_column css=&#8221;.vc_custom_1571685582290{background-color: #f0f0f0 !important;}&#8221;]<div  class=\"empty-space  marg-sm-b15 marg-xs-b15\"><\/div>[\/vc_column][\/vc_row][vc_row full_width=&#8221;stretch_row_content_no_spaces&#8221;][vc_column offset=&#8221;vc_hidden-sm vc_hidden-xs&#8221;]<div  class=\"hb-text-block__wrapper style2\"><div class=\"row\"><div class=\"col-md-6\"><div class=\"hb-text_block_content\"><div class=\"hb-text-block___inner_wrapper text-right\"><div class=\"featured-rooms-slider__title title-color-black\">Accommodation gift vouchers<\/div><div class=\"featured-rooms-slider__text content-color-grey\"><\/p>\n<div class=\"main-heading\">\n<p>Give your loved ones gift vouchers for the most beautiful locations in Bohemia: Lipno, \u0160pindler\u016fv Ml\u00fdn, Orlick\u00e9 hory, Horn\u00ed V\u011bstonice or Czech Canada. Choose the value of the gift voucher, write a message and you have the perfect gift.<\/p>\n<\/div>\n<p><\/div><a class=\"btn btn--md btn--normal\" href=\"http:\/\/eshop.amenity,cz\" title=\"VOUCHER\" target=\"_self\">BUY VOUCHER<\/a><\/div><\/div><\/div><div class=\"col-md-6\"><div class=\"hb-image__block\"><img decoding=\"async\" src=\"https:\/\/spindl.amenity.cz\/wp-content\/uploads\/sites\/5\/2022\/02\/amenity-voucher_750x625.jpg\" alt=\"\" \/><\/div><\/div><\/div><\/div>[\/vc_column][vc_column offset=&#8221;vc_hidden-lg vc_hidden-md&#8221;]<div  class=\"hb-text-block__wrapper style1\"><div class=\"row\"><div class=\"col-md-6\"><div class=\"hb-image__block\"><img decoding=\"async\" src=\"https:\/\/spindl.amenity.cz\/wp-content\/uploads\/sites\/5\/2022\/02\/amenity-voucher_750x625.jpg\" alt=\"\" \/><\/div><\/div><div class=\"col-md-6\"><div class=\"hb-text_block_content\"><div class=\"hb-text-block___inner_wrapper\"><div class=\"featured-rooms-slider__title title-color-black\">Accommodation gift vouchers<\/div><div class=\"featured-rooms-slider__text content-color-grey\"><\/p>\n<div class=\"main-heading\">\n<p>Give your loved ones gift vouchers for the most beautiful locations in Bohemia: Lipno, \u0160pindler\u016fv Ml\u00fdn, Orlick\u00e9 hory, Horn\u00ed V\u011bstonice or Czech Canada. Choose the value of the gift voucher, write a message and you have the perfect gift.<\/p>\n<\/div>\n<p><\/div><a class=\"btn btn--md btn--normal\" href=\"http:\/\/eshop.amenity,cz\" title=\"VOUCHER\" target=\"_self\">BUY VOUCHER<\/a><\/div><\/div><\/div><\/div><\/div>[\/vc_column][vc_column css=&#8221;.vc_custom_1571685493343{background-color: #f0f0f0 !important;}&#8221;]<div  class=\"empty-space  marg-sm-b15 marg-xs-b15\"><\/div>[\/vc_column][\/vc_row]<\/p>\n<\/div>","protected":false},"excerpt":{"rendered":"<p>[vc_row full_width=&#8221;stretch_row&#8221;][vc_column offset=&#8221;vc_hidden-sm vc_hidden-xs&#8221;][\/vc_column][\/vc_row][vc_row][vc_column][\/vc_column][\/vc_row][vc_row full_width=&#8221;stretch_row_content_no_spaces&#8221; bg_type=&#8221;bg_color&#8221; bg_color_value=&#8221;#293635&#8243;][vc_column][vc_raw_js]JTNDc2NyaXB0JTNFJTBBJTIwJTIwJTIwJTIwJTIwJTIwJTIwJTIwJTI4ZnVuY3Rpb24lMjAlMjh3JTJDZCUyQ3MlMkNvJTJDZiUyQ2pzJTJDZmpzJTI5JTIwJTdCJTBBJTIwJTIwJTIwJTIwJTIwJTIwJTIwJTIwJTIwJTIwJTIwJTIwdyU1QiUyN2VjbS13aWRnZXQlMjclNUQlM0RvJTNCdyU1Qm8lNUQlMjAlM0QlMjB3JTVCbyU1RCUyMCU3QyU3QyUyMGZ1bmN0aW9uJTIwJTI4JTI5JTIwJTdCJTIwJTI4dyU1Qm8lNUQucSUyMCUzRCUyMHclNUJvJTVELnElMjAlN0MlN0MlMjAlNUIlNUQlMjkucHVzaCUyOGFyZ3VtZW50cyUyOSUyMCU3RCUzQiUwQSUyMCUyMCUyMCUyMCUyMCUyMCUyMCUyMCUyMCUyMCUyMCUyMGpzJTIwJTNEJTIwZC5jcmVhdGVFbGVtZW50JTI4cyUyOSUyQyUyMGZqcyUyMCUzRCUyMGQuZ2V0RWxlbWVudHNCeVRhZ05hbWUlMjhzJTI5JTVCMCU1RCUzQiUwQSUyMCUyMCUyMCUyMCUyMCUyMCUyMCUyMCUyMCUyMCUyMCUyMGpzLmlkJTIwJTNEJTIwJTI3MTktNGFiZmRmNDJlNjgyZjg3Y2Q0MDkwN2Q5YTBjZDRlMTYlMjclM0IlMjBqcy5kYXRhc2V0LmElMjAlM0QlMjAlMjdhbWVuaXR5cmVzb3J0cyUyNyUzQiUyMGpzLnNyYyUyMCUzRCUyMGYlM0IlMjBqcy5hc3luYyUyMCUzRCUyMDElM0IlMjBmanMucGFyZW50Tm9kZS5pbnNlcnRCZWZvcmUlMjhqcyUyQyUyMGZqcyUyOSUzQiUwQSUyMCUyMCUyMCUyMCUyMCUyMCUyMCUyMCU3RCUyOHdpbmRvdyUyQyUyMGRvY3VtZW50JTJDJTIwJTI3c2NyaXB0JTI3JTJDJTIwJTI3ZWNtd2lkZ2V0JTI3JTJDJTIwJTI3aHR0cHMlM0ElMkYlMkZkNzBzaGw3dmlkdGZ0LmNsb3VkZnJvbnQubmV0JTJGd2lkZ2V0LmpzJTI3JTI5JTI5JTNCJTBBJTIwJTIwJTIwJTIwJTNDJTJGc2NyaXB0JTNFJTBBJTIwJTIwJTIwJTIwJTIwJTIwJTIwJTIwJTIwJTIwJTIwJTIwJTNDZGl2JTIwaWQlM0QlMjJmLTE5LTRhYmZkZjQyZTY4MmY4N2NkNDA5MDdkOWEwY2Q0ZTE2JTIyJTNFJTNDJTJGZGl2JTNF[\/vc_raw_js][\/vc_column][\/vc_row][vc_row][vc_column][vc_separator color=&#8221;custom&#8221; border_width=&#8221;2&#8243; el_width=&#8221;50&#8243; accent_color=&#8221;#c7b39a&#8221;][\/vc_column][\/vc_row][vc_row full_width=&#8221;stretch_row_content_no_spaces&#8221;][vc_column offset=&#8221;vc_hidden-sm vc_hidden-xs&#8221;][\/vc_column][vc_column offset=&#8221;vc_hidden-lg vc_hidden-md&#8221;][\/vc_column][vc_column css=&#8221;.vc_custom_1571685582290{background-color: #f0f0f0 !important;}&#8221;][\/vc_column][\/vc_row][vc_row full_width=&#8221;stretch_row_content_no_spaces&#8221;][vc_column offset=&#8221;vc_hidden-sm vc_hidden-xs&#8221;][\/vc_column][vc_column offset=&#8221;vc_hidden-lg vc_hidden-md&#8221;][\/vc_column][vc_column css=&#8221;.vc_custom_1571685493343{background-color: #f0f0f0 !important;}&#8221;][\/vc_column][\/vc_row]<\/p>\n","protected":false},"author":2,"featured_media":0,"parent":0,"menu_order":0,"comment_status":"closed","ping_status":"closed","template":"","meta":{"footnotes":""},"class_list":["post-4863","page","type-page","status-publish","hentry"],"yoast_head":"<!-- This site is optimized with the Yoast SEO Premium plugin v27.3 (Yoast SEO v27.3) - https:\/\/yoast.com\/product\/yoast-seo-premium-wordpress\/ -->\n<title>Special offers for accommodation in Amenity Resort \u0160pindler\u016fv Ml\u00fdn<\/title>\n<meta name=\"description\" content=\"Special offers for accommodation and wellness at Amenity Hotel &amp; Resort \u0160pindler\u016fv Ml\u00fdn. Check out our current offers.\" \/>\n<meta name=\"robots\" content=\"index, follow, max-snippet:-1, max-image-preview:large, max-video-preview:-1\" \/>\n<link rel=\"canonical\" href=\"https:\/\/spindl.amenity.cz\/en\/special-events\/\" \/>\n<meta property=\"og:locale\" content=\"en_US\" \/>\n<meta property=\"og:type\" content=\"article\" \/>\n<meta property=\"og:title\" content=\"SPECIAL EVENTS\" \/>\n<meta property=\"og:description\" content=\"Special offers for accommodation and wellness at Amenity Hotel &amp; Resort \u0160pindler\u016fv Ml\u00fdn. Check out our current offers.\" \/>\n<meta property=\"og:url\" content=\"https:\/\/spindl.amenity.cz\/en\/special-events\/\" \/>\n<meta property=\"og:site_name\" content=\"\u0160pindler\u016fv Ml\u00fdn\" \/>\n<meta property=\"article:publisher\" content=\"https:\/\/www.facebook.com\/amenityresorts\" \/>\n<meta property=\"article:modified_time\" content=\"2026-03-26T08:49:31+00:00\" \/>\n<meta name=\"twitter:card\" content=\"summary_large_image\" \/>\n<meta name=\"twitter:label1\" content=\"Est. reading time\" \/>\n\t<meta name=\"twitter:data1\" content=\"5 minutes\" \/>\n<script type=\"application\/ld+json\" class=\"yoast-schema-graph\">{\"@context\":\"https:\\\/\\\/schema.org\",\"@graph\":[{\"@type\":\"WebPage\",\"@id\":\"https:\\\/\\\/spindl.amenity.cz\\\/en\\\/special-events\\\/\",\"url\":\"https:\\\/\\\/spindl.amenity.cz\\\/en\\\/special-events\\\/\",\"name\":\"Special offers for accommodation in Amenity Resort \u0160pindler\u016fv Ml\u00fdn\",\"isPartOf\":{\"@id\":\"https:\\\/\\\/spindl.amenity.cz\\\/en\\\/#website\"},\"datePublished\":\"2019-10-27T12:43:43+00:00\",\"dateModified\":\"2026-03-26T08:49:31+00:00\",\"description\":\"Special offers for accommodation and wellness at Amenity Hotel & Resort \u0160pindler\u016fv Ml\u00fdn. Check out our current offers.\",\"breadcrumb\":{\"@id\":\"https:\\\/\\\/spindl.amenity.cz\\\/en\\\/special-events\\\/#breadcrumb\"},\"inLanguage\":\"en-US\",\"potentialAction\":[{\"@type\":\"ReadAction\",\"target\":[\"https:\\\/\\\/spindl.amenity.cz\\\/en\\\/special-events\\\/\"]}]},{\"@type\":\"BreadcrumbList\",\"@id\":\"https:\\\/\\\/spindl.amenity.cz\\\/en\\\/special-events\\\/#breadcrumb\",\"itemListElement\":[{\"@type\":\"ListItem\",\"position\":1,\"name\":\"Dom\u016f\",\"item\":\"https:\\\/\\\/spindl.amenity.cz\\\/en\\\/\"},{\"@type\":\"ListItem\",\"position\":2,\"name\":\"SPECIAL EVENTS\"}]},{\"@type\":\"WebSite\",\"@id\":\"https:\\\/\\\/spindl.amenity.cz\\\/en\\\/#website\",\"url\":\"https:\\\/\\\/spindl.amenity.cz\\\/en\\\/\",\"name\":\"\u0160pindler\u016fv Ml\u00fdn\",\"description\":\"\",\"publisher\":{\"@id\":\"https:\\\/\\\/spindl.amenity.cz\\\/en\\\/#organization\"},\"potentialAction\":[{\"@type\":\"SearchAction\",\"target\":{\"@type\":\"EntryPoint\",\"urlTemplate\":\"https:\\\/\\\/spindl.amenity.cz\\\/en\\\/?s={search_term_string}\"},\"query-input\":{\"@type\":\"PropertyValueSpecification\",\"valueRequired\":true,\"valueName\":\"search_term_string\"}}],\"inLanguage\":\"en-US\"},{\"@type\":\"Organization\",\"@id\":\"https:\\\/\\\/spindl.amenity.cz\\\/en\\\/#organization\",\"name\":\"Amenity Hotel & Resort \u0160pindler\u016fv Ml\u00fdn\",\"url\":\"https:\\\/\\\/spindl.amenity.cz\\\/en\\\/\",\"logo\":{\"@type\":\"ImageObject\",\"inLanguage\":\"en-US\",\"@id\":\"https:\\\/\\\/spindl.amenity.cz\\\/en\\\/#\\\/schema\\\/logo\\\/image\\\/\",\"url\":\"http:\\\/\\\/spindl.amenity.cz\\\/wp-content\\\/uploads\\\/sites\\\/5\\\/2019\\\/09\\\/galerie-hotel_930x620_.jpg\",\"contentUrl\":\"http:\\\/\\\/spindl.amenity.cz\\\/wp-content\\\/uploads\\\/sites\\\/5\\\/2019\\\/09\\\/galerie-hotel_930x620_.jpg\",\"width\":930,\"height\":620,\"caption\":\"Amenity Hotel & Resort \u0160pindler\u016fv Ml\u00fdn\"},\"image\":{\"@id\":\"https:\\\/\\\/spindl.amenity.cz\\\/en\\\/#\\\/schema\\\/logo\\\/image\\\/\"},\"sameAs\":[\"https:\\\/\\\/www.facebook.com\\\/amenityresorts\",\"https:\\\/\\\/www.instagram.com\\\/amenityresorts\\\/\",\"https:\\\/\\\/www.youtube.com\\\/channel\\\/UCVY-yFoyFBR8H0hC1euh7Sw\"]}]}<\/script>\n<!-- \/ Yoast SEO Premium plugin. -->","yoast_head_json":{"title":"Special offers for accommodation in Amenity Resort \u0160pindler\u016fv Ml\u00fdn","description":"Special offers for accommodation and wellness at Amenity Hotel & Resort \u0160pindler\u016fv Ml\u00fdn. Check out our current offers.","robots":{"index":"index","follow":"follow","max-snippet":"max-snippet:-1","max-image-preview":"max-image-preview:large","max-video-preview":"max-video-preview:-1"},"canonical":"https:\/\/spindl.amenity.cz\/en\/special-events\/","og_locale":"en_US","og_type":"article","og_title":"SPECIAL EVENTS","og_description":"Special offers for accommodation and wellness at Amenity Hotel & Resort \u0160pindler\u016fv Ml\u00fdn. Check out our current offers.","og_url":"https:\/\/spindl.amenity.cz\/en\/special-events\/","og_site_name":"\u0160pindler\u016fv Ml\u00fdn","article_publisher":"https:\/\/www.facebook.com\/amenityresorts","article_modified_time":"2026-03-26T08:49:31+00:00","twitter_card":"summary_large_image","twitter_misc":{"Est. reading time":"5 minutes"},"schema":{"@context":"https:\/\/schema.org","@graph":[{"@type":"WebPage","@id":"https:\/\/spindl.amenity.cz\/en\/special-events\/","url":"https:\/\/spindl.amenity.cz\/en\/special-events\/","name":"Special offers for accommodation in Amenity Resort \u0160pindler\u016fv Ml\u00fdn","isPartOf":{"@id":"https:\/\/spindl.amenity.cz\/en\/#website"},"datePublished":"2019-10-27T12:43:43+00:00","dateModified":"2026-03-26T08:49:31+00:00","description":"Special offers for accommodation and wellness at Amenity Hotel & Resort \u0160pindler\u016fv Ml\u00fdn. Check out our current offers.","breadcrumb":{"@id":"https:\/\/spindl.amenity.cz\/en\/special-events\/#breadcrumb"},"inLanguage":"en-US","potentialAction":[{"@type":"ReadAction","target":["https:\/\/spindl.amenity.cz\/en\/special-events\/"]}]},{"@type":"BreadcrumbList","@id":"https:\/\/spindl.amenity.cz\/en\/special-events\/#breadcrumb","itemListElement":[{"@type":"ListItem","position":1,"name":"Dom\u016f","item":"https:\/\/spindl.amenity.cz\/en\/"},{"@type":"ListItem","position":2,"name":"SPECIAL EVENTS"}]},{"@type":"WebSite","@id":"https:\/\/spindl.amenity.cz\/en\/#website","url":"https:\/\/spindl.amenity.cz\/en\/","name":"\u0160pindler\u016fv Ml\u00fdn","description":"","publisher":{"@id":"https:\/\/spindl.amenity.cz\/en\/#organization"},"potentialAction":[{"@type":"SearchAction","target":{"@type":"EntryPoint","urlTemplate":"https:\/\/spindl.amenity.cz\/en\/?s={search_term_string}"},"query-input":{"@type":"PropertyValueSpecification","valueRequired":true,"valueName":"search_term_string"}}],"inLanguage":"en-US"},{"@type":"Organization","@id":"https:\/\/spindl.amenity.cz\/en\/#organization","name":"Amenity Hotel & Resort \u0160pindler\u016fv Ml\u00fdn","url":"https:\/\/spindl.amenity.cz\/en\/","logo":{"@type":"ImageObject","inLanguage":"en-US","@id":"https:\/\/spindl.amenity.cz\/en\/#\/schema\/logo\/image\/","url":"http:\/\/spindl.amenity.cz\/wp-content\/uploads\/sites\/5\/2019\/09\/galerie-hotel_930x620_.jpg","contentUrl":"http:\/\/spindl.amenity.cz\/wp-content\/uploads\/sites\/5\/2019\/09\/galerie-hotel_930x620_.jpg","width":930,"height":620,"caption":"Amenity Hotel & Resort \u0160pindler\u016fv Ml\u00fdn"},"image":{"@id":"https:\/\/spindl.amenity.cz\/en\/#\/schema\/logo\/image\/"},"sameAs":["https:\/\/www.facebook.com\/amenityresorts","https:\/\/www.instagram.com\/amenityresorts\/","https:\/\/www.youtube.com\/channel\/UCVY-yFoyFBR8H0hC1euh7Sw"]}]}},"_links":{"self":[{"href":"https:\/\/spindl.amenity.cz\/en\/wp-json\/wp\/v2\/pages\/4863","targetHints":{"allow":["GET"]}}],"collection":[{"href":"https:\/\/spindl.amenity.cz\/en\/wp-json\/wp\/v2\/pages"}],"about":[{"href":"https:\/\/spindl.amenity.cz\/en\/wp-json\/wp\/v2\/types\/page"}],"author":[{"embeddable":true,"href":"https:\/\/spindl.amenity.cz\/en\/wp-json\/wp\/v2\/users\/2"}],"replies":[{"embeddable":true,"href":"https:\/\/spindl.amenity.cz\/en\/wp-json\/wp\/v2\/comments?post=4863"}],"version-history":[{"count":5,"href":"https:\/\/spindl.amenity.cz\/en\/wp-json\/wp\/v2\/pages\/4863\/revisions"}],"predecessor-version":[{"id":13352,"href":"https:\/\/spindl.amenity.cz\/en\/wp-json\/wp\/v2\/pages\/4863\/revisions\/13352"}],"wp:attachment":[{"href":"https:\/\/spindl.amenity.cz\/en\/wp-json\/wp\/v2\/media?parent=4863"}],"curies":[{"name":"wp","href":"https:\/\/api.w.org\/{rel}","templated":true}]}}