{"id":5382,"date":"2019-10-31T10:18:32","date_gmt":"2019-10-31T09:18:32","guid":{"rendered":"http:\/\/spindl.amenity.cz\/massages\/"},"modified":"2024-01-09T16:31:02","modified_gmt":"2024-01-09T15:31:02","slug":"massages","status":"publish","type":"page","link":"https:\/\/spindl.amenity.cz\/en\/massages\/","title":{"rendered":"Massages"},"content":{"rendered":"<div class=\"wpb-content-wrapper\"><p>[vc_row][vc_column][\/vc_column][\/vc_row][vc_row full_width=&#8221;stretch_row_content_no_spaces&#8221;][vc_column]<div  class=\"empty-space  marg-lg-b35 marg-xs-b50\"><\/div>[\/vc_column][\/vc_row][vc_row][vc_column]<div class=\"text-block \" ><div class=\"simple-text \"><h1 style=\"text-align: center;\">Massage pricelist<\/h1>\n<\/div><\/div>[\/vc_column][\/vc_row][vc_row][vc_column]<div  class=\"empty-space  marg-lg-b25 marg-xs-b50\"><\/div>[vc_separator color=&#8221;custom&#8221; border_width=&#8221;2&#8243; el_width=&#8221;50&#8243; accent_color=&#8221;#c7b39a&#8221;]<div  class=\"empty-space  marg-lg-b10 marg-xs-b50\"><\/div>[\/vc_column][\/vc_row][vc_row][vc_column width=&#8221;1\/2&#8243;]<div class=\"text-block \" ><div class=\"simple-text \"><table style=\"height: 184px;\" width=\"493\">\n<tbody>\n<tr bgcolor=\"#542413\">\n<td width=\"221\"><span style=\"color: #ffffff;\"><strong>Name<\/strong><\/span><\/td>\n<td width=\"86\"><span style=\"color: #ffffff;\"><strong>Duration<\/strong><\/span><\/td>\n<td width=\"57\"><span style=\"color: #ffffff;\"><strong>Price *<\/strong><\/span><\/td>\n<\/tr>\n<tr>\n<td width=\"221\">Total aroma massage<br \/>\nAroma massage neck<br \/>\nMassage with lava stones<\/td>\n<td width=\"86\"><strong>60 min.<\/strong><br \/>\n<strong>30 min.<\/strong><br \/>\n<strong>60 min.<\/strong><\/td>\n<td width=\"57\"><strong>CZK 1200<\/strong><br \/>\n<strong>CZK 600<\/strong><br \/>\n<strong>CZK 1 800<\/strong><\/td>\n<\/tr>\n<\/tbody>\n<\/table>\n<\/div><\/div>[\/vc_column][vc_column width=&#8221;1\/2&#8243;]<div class=\"text-block \" ><div class=\"simple-text \"><p style=\"text-align: center;\"><strong><img loading=\"lazy\" decoding=\"async\" class=\"alignnone wp-image-5384\" src=\"http:\/\/spindl.amenity.cz\/wp-content\/uploads\/sites\/5\/2019\/09\/masaze-300x201.jpg\" alt=\"\" width=\"270\" height=\"181\" srcset=\"https:\/\/spindl.amenity.cz\/wp-content\/uploads\/sites\/5\/2019\/09\/masaze-300x201.jpg 300w, https:\/\/spindl.amenity.cz\/wp-content\/uploads\/sites\/5\/2019\/09\/masaze.jpg 350w\" sizes=\"auto, (max-width: 270px) 100vw, 270px\" \/><\/strong><\/p>\n<\/div><\/div>[\/vc_column][\/vc_row][vc_row][vc_column width=&#8221;1\/2&#8243;]<div class=\"text-block \" ><div class=\"simple-text \"><p><strong>Aroma massage<\/strong><\/p>\n<p>This gentle massage combines the effects of the massage itself with the therapeutic effects of essential oils. The massage technique relaxes the body and mind, brings intense relief and activates self-healing processing throughout the body. The combination of gentle massage and pleasant fragrances produces a feeling of lightness and deep physical and mental relaxation.<\/p>\n<\/div><\/div>[\/vc_column][vc_column width=&#8221;1\/2&#8243;][\/vc_column][\/vc_row][vc_row][vc_column]<div  class=\"empty-space  marg-lg-b25 marg-xs-b50\"><\/div>[\/vc_column][\/vc_row]<\/p>\n<\/div>","protected":false},"excerpt":{"rendered":"<p>[vc_row][vc_column][\/vc_column][\/vc_row][vc_row full_width=&#8221;stretch_row_content_no_spaces&#8221;][vc_column][\/vc_column][\/vc_row][vc_row][vc_column][\/vc_column][\/vc_row][vc_row][vc_column][vc_separator color=&#8221;custom&#8221; border_width=&#8221;2&#8243; el_width=&#8221;50&#8243; accent_color=&#8221;#c7b39a&#8221;][\/vc_column][\/vc_row][vc_row][vc_column width=&#8221;1\/2&#8243;][\/vc_column][vc_column width=&#8221;1\/2&#8243;][\/vc_column][\/vc_row][vc_row][vc_column width=&#8221;1\/2&#8243;][\/vc_column][vc_column width=&#8221;1\/2&#8243;][\/vc_column][\/vc_row][vc_row][vc_column][\/vc_column][\/vc_row]<\/p>\n","protected":false},"author":2,"featured_media":0,"parent":0,"menu_order":0,"comment_status":"closed","ping_status":"closed","template":"","meta":{"footnotes":""},"class_list":["post-5382","page","type-page","status-publish","hentry"],"yoast_head":"<!-- This site is optimized with the Yoast SEO Premium plugin v27.3 (Yoast SEO v27.3) - https:\/\/yoast.com\/product\/yoast-seo-premium-wordpress\/ -->\n<title>Mas\u00e1\u017ee \u0160pindler\u016fv Ml\u00fdn - Amenity resort \u0160pindler\u016fv Ml\u00fdn<\/title>\n<meta name=\"description\" content=\"Mas\u00e1\u017ee \u0160pindler\u016fv Ml\u00fdn. Vyberte si n\u011bkterou z mnoha nab\u00edzen\u00fdch mas\u00e1\u017e\u00ed a na\u010derpejte novou energii. Vyzkou\u0161ejte i n\u00e1\u0161 wellness.\" \/>\n<meta name=\"robots\" content=\"index, follow, max-snippet:-1, max-image-preview:large, max-video-preview:-1\" \/>\n<link rel=\"canonical\" href=\"https:\/\/spindl.amenity.cz\/en\/massages\/\" \/>\n<meta property=\"og:locale\" content=\"en_US\" \/>\n<meta property=\"og:type\" content=\"article\" \/>\n<meta property=\"og:title\" content=\"Massages\" \/>\n<meta property=\"og:description\" content=\"Mas\u00e1\u017ee \u0160pindler\u016fv Ml\u00fdn. Vyberte si n\u011bkterou z mnoha nab\u00edzen\u00fdch mas\u00e1\u017e\u00ed a na\u010derpejte novou energii. Vyzkou\u0161ejte i n\u00e1\u0161 wellness.\" \/>\n<meta property=\"og:url\" content=\"https:\/\/spindl.amenity.cz\/en\/massages\/\" \/>\n<meta property=\"og:site_name\" content=\"\u0160pindler\u016fv Ml\u00fdn\" \/>\n<meta property=\"article:publisher\" content=\"https:\/\/www.facebook.com\/amenityresorts\" \/>\n<meta property=\"article:modified_time\" content=\"2024-01-09T15:31:02+00:00\" \/>\n<meta property=\"og:image\" content=\"http:\/\/spindl.amenity.cz\/wp-content\/uploads\/sites\/5\/2019\/09\/masaze-300x201.jpg\" \/>\n<meta name=\"twitter:card\" content=\"summary_large_image\" \/>\n<meta name=\"twitter:label1\" content=\"Est. reading time\" \/>\n\t<meta name=\"twitter:data1\" content=\"1 minute\" \/>\n<script type=\"application\/ld+json\" class=\"yoast-schema-graph\">{\"@context\":\"https:\\\/\\\/schema.org\",\"@graph\":[{\"@type\":\"WebPage\",\"@id\":\"https:\\\/\\\/spindl.amenity.cz\\\/en\\\/massages\\\/\",\"url\":\"https:\\\/\\\/spindl.amenity.cz\\\/en\\\/massages\\\/\",\"name\":\"Mas\u00e1\u017ee \u0160pindler\u016fv Ml\u00fdn - Amenity resort \u0160pindler\u016fv Ml\u00fdn\",\"isPartOf\":{\"@id\":\"https:\\\/\\\/spindl.amenity.cz\\\/en\\\/#website\"},\"primaryImageOfPage\":{\"@id\":\"https:\\\/\\\/spindl.amenity.cz\\\/en\\\/massages\\\/#primaryimage\"},\"image\":{\"@id\":\"https:\\\/\\\/spindl.amenity.cz\\\/en\\\/massages\\\/#primaryimage\"},\"thumbnailUrl\":\"http:\\\/\\\/spindl.amenity.cz\\\/wp-content\\\/uploads\\\/sites\\\/5\\\/2019\\\/09\\\/masaze-300x201.jpg\",\"datePublished\":\"2019-10-31T09:18:32+00:00\",\"dateModified\":\"2024-01-09T15:31:02+00:00\",\"description\":\"Mas\u00e1\u017ee \u0160pindler\u016fv Ml\u00fdn. Vyberte si n\u011bkterou z mnoha nab\u00edzen\u00fdch mas\u00e1\u017e\u00ed a na\u010derpejte novou energii. Vyzkou\u0161ejte i n\u00e1\u0161 wellness.\",\"breadcrumb\":{\"@id\":\"https:\\\/\\\/spindl.amenity.cz\\\/en\\\/massages\\\/#breadcrumb\"},\"inLanguage\":\"en-US\",\"potentialAction\":[{\"@type\":\"ReadAction\",\"target\":[\"https:\\\/\\\/spindl.amenity.cz\\\/en\\\/massages\\\/\"]}]},{\"@type\":\"ImageObject\",\"inLanguage\":\"en-US\",\"@id\":\"https:\\\/\\\/spindl.amenity.cz\\\/en\\\/massages\\\/#primaryimage\",\"url\":\"http:\\\/\\\/spindl.amenity.cz\\\/wp-content\\\/uploads\\\/sites\\\/5\\\/2019\\\/09\\\/masaze-300x201.jpg\",\"contentUrl\":\"http:\\\/\\\/spindl.amenity.cz\\\/wp-content\\\/uploads\\\/sites\\\/5\\\/2019\\\/09\\\/masaze-300x201.jpg\"},{\"@type\":\"BreadcrumbList\",\"@id\":\"https:\\\/\\\/spindl.amenity.cz\\\/en\\\/massages\\\/#breadcrumb\",\"itemListElement\":[{\"@type\":\"ListItem\",\"position\":1,\"name\":\"Dom\u016f\",\"item\":\"https:\\\/\\\/spindl.amenity.cz\\\/en\\\/\"},{\"@type\":\"ListItem\",\"position\":2,\"name\":\"Massages\"}]},{\"@type\":\"WebSite\",\"@id\":\"https:\\\/\\\/spindl.amenity.cz\\\/en\\\/#website\",\"url\":\"https:\\\/\\\/spindl.amenity.cz\\\/en\\\/\",\"name\":\"\u0160pindler\u016fv Ml\u00fdn\",\"description\":\"\",\"publisher\":{\"@id\":\"https:\\\/\\\/spindl.amenity.cz\\\/en\\\/#organization\"},\"potentialAction\":[{\"@type\":\"SearchAction\",\"target\":{\"@type\":\"EntryPoint\",\"urlTemplate\":\"https:\\\/\\\/spindl.amenity.cz\\\/en\\\/?s={search_term_string}\"},\"query-input\":{\"@type\":\"PropertyValueSpecification\",\"valueRequired\":true,\"valueName\":\"search_term_string\"}}],\"inLanguage\":\"en-US\"},{\"@type\":\"Organization\",\"@id\":\"https:\\\/\\\/spindl.amenity.cz\\\/en\\\/#organization\",\"name\":\"Amenity Hotel & Resort \u0160pindler\u016fv Ml\u00fdn\",\"url\":\"https:\\\/\\\/spindl.amenity.cz\\\/en\\\/\",\"logo\":{\"@type\":\"ImageObject\",\"inLanguage\":\"en-US\",\"@id\":\"https:\\\/\\\/spindl.amenity.cz\\\/en\\\/#\\\/schema\\\/logo\\\/image\\\/\",\"url\":\"http:\\\/\\\/spindl.amenity.cz\\\/wp-content\\\/uploads\\\/sites\\\/5\\\/2019\\\/09\\\/galerie-hotel_930x620_.jpg\",\"contentUrl\":\"http:\\\/\\\/spindl.amenity.cz\\\/wp-content\\\/uploads\\\/sites\\\/5\\\/2019\\\/09\\\/galerie-hotel_930x620_.jpg\",\"width\":930,\"height\":620,\"caption\":\"Amenity Hotel & Resort \u0160pindler\u016fv Ml\u00fdn\"},\"image\":{\"@id\":\"https:\\\/\\\/spindl.amenity.cz\\\/en\\\/#\\\/schema\\\/logo\\\/image\\\/\"},\"sameAs\":[\"https:\\\/\\\/www.facebook.com\\\/amenityresorts\",\"https:\\\/\\\/www.instagram.com\\\/amenityresorts\\\/\",\"https:\\\/\\\/www.youtube.com\\\/channel\\\/UCVY-yFoyFBR8H0hC1euh7Sw\"]}]}<\/script>\n<!-- \/ Yoast SEO Premium plugin. -->","yoast_head_json":{"title":"Mas\u00e1\u017ee \u0160pindler\u016fv Ml\u00fdn - Amenity resort \u0160pindler\u016fv Ml\u00fdn","description":"Mas\u00e1\u017ee \u0160pindler\u016fv Ml\u00fdn. Vyberte si n\u011bkterou z mnoha nab\u00edzen\u00fdch mas\u00e1\u017e\u00ed a na\u010derpejte novou energii. Vyzkou\u0161ejte i n\u00e1\u0161 wellness.","robots":{"index":"index","follow":"follow","max-snippet":"max-snippet:-1","max-image-preview":"max-image-preview:large","max-video-preview":"max-video-preview:-1"},"canonical":"https:\/\/spindl.amenity.cz\/en\/massages\/","og_locale":"en_US","og_type":"article","og_title":"Massages","og_description":"Mas\u00e1\u017ee \u0160pindler\u016fv Ml\u00fdn. Vyberte si n\u011bkterou z mnoha nab\u00edzen\u00fdch mas\u00e1\u017e\u00ed a na\u010derpejte novou energii. Vyzkou\u0161ejte i n\u00e1\u0161 wellness.","og_url":"https:\/\/spindl.amenity.cz\/en\/massages\/","og_site_name":"\u0160pindler\u016fv Ml\u00fdn","article_publisher":"https:\/\/www.facebook.com\/amenityresorts","article_modified_time":"2024-01-09T15:31:02+00:00","og_image":[{"url":"http:\/\/spindl.amenity.cz\/wp-content\/uploads\/sites\/5\/2019\/09\/masaze-300x201.jpg","type":"","width":"","height":""}],"twitter_card":"summary_large_image","twitter_misc":{"Est. reading time":"1 minute"},"schema":{"@context":"https:\/\/schema.org","@graph":[{"@type":"WebPage","@id":"https:\/\/spindl.amenity.cz\/en\/massages\/","url":"https:\/\/spindl.amenity.cz\/en\/massages\/","name":"Mas\u00e1\u017ee \u0160pindler\u016fv Ml\u00fdn - Amenity resort \u0160pindler\u016fv Ml\u00fdn","isPartOf":{"@id":"https:\/\/spindl.amenity.cz\/en\/#website"},"primaryImageOfPage":{"@id":"https:\/\/spindl.amenity.cz\/en\/massages\/#primaryimage"},"image":{"@id":"https:\/\/spindl.amenity.cz\/en\/massages\/#primaryimage"},"thumbnailUrl":"http:\/\/spindl.amenity.cz\/wp-content\/uploads\/sites\/5\/2019\/09\/masaze-300x201.jpg","datePublished":"2019-10-31T09:18:32+00:00","dateModified":"2024-01-09T15:31:02+00:00","description":"Mas\u00e1\u017ee \u0160pindler\u016fv Ml\u00fdn. Vyberte si n\u011bkterou z mnoha nab\u00edzen\u00fdch mas\u00e1\u017e\u00ed a na\u010derpejte novou energii. Vyzkou\u0161ejte i n\u00e1\u0161 wellness.","breadcrumb":{"@id":"https:\/\/spindl.amenity.cz\/en\/massages\/#breadcrumb"},"inLanguage":"en-US","potentialAction":[{"@type":"ReadAction","target":["https:\/\/spindl.amenity.cz\/en\/massages\/"]}]},{"@type":"ImageObject","inLanguage":"en-US","@id":"https:\/\/spindl.amenity.cz\/en\/massages\/#primaryimage","url":"http:\/\/spindl.amenity.cz\/wp-content\/uploads\/sites\/5\/2019\/09\/masaze-300x201.jpg","contentUrl":"http:\/\/spindl.amenity.cz\/wp-content\/uploads\/sites\/5\/2019\/09\/masaze-300x201.jpg"},{"@type":"BreadcrumbList","@id":"https:\/\/spindl.amenity.cz\/en\/massages\/#breadcrumb","itemListElement":[{"@type":"ListItem","position":1,"name":"Dom\u016f","item":"https:\/\/spindl.amenity.cz\/en\/"},{"@type":"ListItem","position":2,"name":"Massages"}]},{"@type":"WebSite","@id":"https:\/\/spindl.amenity.cz\/en\/#website","url":"https:\/\/spindl.amenity.cz\/en\/","name":"\u0160pindler\u016fv Ml\u00fdn","description":"","publisher":{"@id":"https:\/\/spindl.amenity.cz\/en\/#organization"},"potentialAction":[{"@type":"SearchAction","target":{"@type":"EntryPoint","urlTemplate":"https:\/\/spindl.amenity.cz\/en\/?s={search_term_string}"},"query-input":{"@type":"PropertyValueSpecification","valueRequired":true,"valueName":"search_term_string"}}],"inLanguage":"en-US"},{"@type":"Organization","@id":"https:\/\/spindl.amenity.cz\/en\/#organization","name":"Amenity Hotel & Resort \u0160pindler\u016fv Ml\u00fdn","url":"https:\/\/spindl.amenity.cz\/en\/","logo":{"@type":"ImageObject","inLanguage":"en-US","@id":"https:\/\/spindl.amenity.cz\/en\/#\/schema\/logo\/image\/","url":"http:\/\/spindl.amenity.cz\/wp-content\/uploads\/sites\/5\/2019\/09\/galerie-hotel_930x620_.jpg","contentUrl":"http:\/\/spindl.amenity.cz\/wp-content\/uploads\/sites\/5\/2019\/09\/galerie-hotel_930x620_.jpg","width":930,"height":620,"caption":"Amenity Hotel & Resort \u0160pindler\u016fv Ml\u00fdn"},"image":{"@id":"https:\/\/spindl.amenity.cz\/en\/#\/schema\/logo\/image\/"},"sameAs":["https:\/\/www.facebook.com\/amenityresorts","https:\/\/www.instagram.com\/amenityresorts\/","https:\/\/www.youtube.com\/channel\/UCVY-yFoyFBR8H0hC1euh7Sw"]}]}},"_links":{"self":[{"href":"https:\/\/spindl.amenity.cz\/en\/wp-json\/wp\/v2\/pages\/5382","targetHints":{"allow":["GET"]}}],"collection":[{"href":"https:\/\/spindl.amenity.cz\/en\/wp-json\/wp\/v2\/pages"}],"about":[{"href":"https:\/\/spindl.amenity.cz\/en\/wp-json\/wp\/v2\/types\/page"}],"author":[{"embeddable":true,"href":"https:\/\/spindl.amenity.cz\/en\/wp-json\/wp\/v2\/users\/2"}],"replies":[{"embeddable":true,"href":"https:\/\/spindl.amenity.cz\/en\/wp-json\/wp\/v2\/comments?post=5382"}],"version-history":[{"count":3,"href":"https:\/\/spindl.amenity.cz\/en\/wp-json\/wp\/v2\/pages\/5382\/revisions"}],"predecessor-version":[{"id":10752,"href":"https:\/\/spindl.amenity.cz\/en\/wp-json\/wp\/v2\/pages\/5382\/revisions\/10752"}],"wp:attachment":[{"href":"https:\/\/spindl.amenity.cz\/en\/wp-json\/wp\/v2\/media?parent=5382"}],"curies":[{"name":"wp","href":"https:\/\/api.w.org\/{rel}","templated":true}]}}