{"id":8369,"date":"2021-06-01T09:14:50","date_gmt":"2021-06-01T07:14:50","guid":{"rendered":"http:\/\/spindl.amenity.cz\/?page_id=8369"},"modified":"2025-05-07T15:58:36","modified_gmt":"2025-05-07T13:58:36","slug":"electric-bikes","status":"publish","type":"page","link":"https:\/\/spindl.amenity.cz\/en\/electric-bikes\/","title":{"rendered":"electric-bikes"},"content":{"rendered":"<div class=\"wpb-content-wrapper\"><p>[vc_row][vc_column]<div  class=\"empty-space  marg-lg-b35\"><\/div>[vc_separator color=&#8221;custom&#8221; border_width=&#8221;2&#8243; el_width=&#8221;50&#8243; accent_color=&#8221;#c7b39a&#8221;]<div  class=\"main-heading\"><span class=\"subtitle\"><\/span><h2 class=\"title\">We Rent Out Electric Bikes, and If You Have Your Own, You Can Charge It for Free<\/h2><\/div><div  class=\"empty-space  marg-lg-b25\"><\/div>[vc_separator color=&#8221;custom&#8221; border_width=&#8221;2&#8243; el_width=&#8221;50&#8243; accent_color=&#8221;#c7b39a&#8221;]<div class=\"text-block \" ><div class=\"simple-text \"><p style=\"text-align: center;\"><strong>An electric bike can push your limits and take you to places you would find difficult to reach without training. However, one basic rule still applies: you can&#8217;t ride without pedaling.<\/strong><\/p>\n<p style=\"text-align: center;\">You can set off on your own to explore the Krkono\u0161e hills or join one of our guided tours. They will show you the most beautiful places in the area, depending on the difficulty of the route you choose.<\/p>\n<p style=\"text-align: center;\"><strong>E-bike rental in \u0160pindler\u016fv Ml\u00fdn<\/strong><\/p>\n<p style=\"text-align: center;\">We have two full-suspension mountain e-bikes available as standard, which will take you with ease along paved paths and more demanding terrain.<\/p>\n<p style=\"text-align: center;\"><strong>E-bike reservations<\/strong><\/p>\n<p style=\"text-align: center;\">You can reserve a bike directly at our reception or by calling (+420) 724 551 551. We can guarantee e-bikes when you book 24 hours in advance. We recommend specifying the gender and height of the rider when booking so that we can provide you with a bike that fits. Otherwise, availability depends on availability.<\/p>\n<p style=\"text-align: center;\"><strong>Electric bike charging<\/strong><\/p>\n<p style=\"text-align: center;\"><b>And if you already have your own electric bike, don&#8217;t forget to charge it for free at our hotel.<\/b> In the meantime, you can enjoy something tasty in our restaurant, refresh yourself with summer drinks, and enjoy the view from our sunny terrace.<\/p>\n<p style=\"text-align: center;\">So don&#8217;t wait any longer and head out into nature.<\/p>\n<\/div><\/div><div  class=\"empty-space  marg-lg-b25\"><\/div>[\/vc_column][\/vc_row][vc_row][vc_column width=&#8221;1\/3&#8243;][vc_single_image image=&#8221;6680&#8243; img_size=&#8221;full&#8221;][\/vc_column][vc_column width=&#8221;1\/3&#8243;][vc_single_image image=&#8221;6674&#8243; img_size=&#8221;full&#8221; alignment=&#8221;center&#8221;][\/vc_column][vc_column width=&#8221;1\/3&#8243;][vc_single_image image=&#8221;6677&#8243; img_size=&#8221;full&#8221; alignment=&#8221;right&#8221;][\/vc_column][\/vc_row][vc_row][vc_column]<div  class=\"empty-space  marg-lg-b25\"><\/div>[vc_separator color=&#8221;custom&#8221; border_width=&#8221;2&#8243; el_width=&#8221;50&#8243; accent_color=&#8221;#c7b39a&#8221;]<div class=\"text-block \" ><div class=\"simple-text \"><h3 style=\"text-align: center;\">Price for renting an electric bike<\/h3>\n<p style=\"text-align: center;\"><strong>1 day\/1,350 CZK<\/strong><\/p>\n<\/div><\/div><div  class=\"empty-space  marg-lg-b25\"><\/div>[\/vc_column][\/vc_row]<\/p>\n<\/div>","protected":false},"excerpt":{"rendered":"<p>[vc_row][vc_column][vc_separator color=&#8221;custom&#8221; border_width=&#8221;2&#8243; el_width=&#8221;50&#8243; accent_color=&#8221;#c7b39a&#8221;][vc_separator color=&#8221;custom&#8221; border_width=&#8221;2&#8243; el_width=&#8221;50&#8243; accent_color=&#8221;#c7b39a&#8221;][\/vc_column][\/vc_row][vc_row][vc_column width=&#8221;1\/3&#8243;][vc_single_image image=&#8221;6680&#8243; img_size=&#8221;full&#8221;][\/vc_column][vc_column width=&#8221;1\/3&#8243;][vc_single_image image=&#8221;6674&#8243; img_size=&#8221;full&#8221; alignment=&#8221;center&#8221;][\/vc_column][vc_column width=&#8221;1\/3&#8243;][vc_single_image image=&#8221;6677&#8243; img_size=&#8221;full&#8221; alignment=&#8221;right&#8221;][\/vc_column][\/vc_row][vc_row][vc_column][vc_separator color=&#8221;custom&#8221; border_width=&#8221;2&#8243; el_width=&#8221;50&#8243; accent_color=&#8221;#c7b39a&#8221;][\/vc_column][\/vc_row]<\/p>\n","protected":false},"author":3,"featured_media":0,"parent":0,"menu_order":0,"comment_status":"closed","ping_status":"closed","template":"","meta":{"footnotes":""},"class_list":["post-8369","page","type-page","status-publish","hentry"],"yoast_head":"<!-- This site is optimized with the Yoast SEO Premium plugin v27.3 (Yoast SEO v27.3) - https:\/\/yoast.com\/product\/yoast-seo-premium-wordpress\/ -->\n<title>Electric bikes for rent \u2013 Amenity Hotel &amp; Resort \u0160pindler\u016fv Ml\u00fdn<\/title>\n<meta name=\"description\" content=\"We Rent Out Electric Bikes, and If You Have Your Own, You Can Charge It for FreeElectric bikes give you a chance to see and do more. Amenity.\" \/>\n<meta name=\"robots\" content=\"index, follow, max-snippet:-1, max-image-preview:large, max-video-preview:-1\" \/>\n<link rel=\"canonical\" href=\"https:\/\/spindl.amenity.cz\/en\/electric-bikes\/\" \/>\n<meta property=\"og:locale\" content=\"en_US\" \/>\n<meta property=\"og:type\" content=\"article\" \/>\n<meta property=\"og:title\" content=\"electric-bikes\" \/>\n<meta property=\"og:description\" content=\"We Rent Out Electric Bikes, and If You Have Your Own, You Can Charge It for FreeElectric bikes give you a chance to see and do more. Amenity.\" \/>\n<meta property=\"og:url\" content=\"https:\/\/spindl.amenity.cz\/en\/electric-bikes\/\" \/>\n<meta property=\"og:site_name\" content=\"\u0160pindler\u016fv Ml\u00fdn\" \/>\n<meta property=\"article:publisher\" content=\"https:\/\/www.facebook.com\/amenityresorts\" \/>\n<meta property=\"article:modified_time\" content=\"2025-05-07T13:58:36+00:00\" \/>\n<meta name=\"twitter:card\" content=\"summary_large_image\" \/>\n<meta name=\"twitter:label1\" content=\"Est. reading time\" \/>\n\t<meta name=\"twitter:data1\" content=\"5 minutes\" \/>\n<script type=\"application\/ld+json\" class=\"yoast-schema-graph\">{\"@context\":\"https:\\\/\\\/schema.org\",\"@graph\":[{\"@type\":\"WebPage\",\"@id\":\"https:\\\/\\\/spindl.amenity.cz\\\/en\\\/electric-bikes\\\/\",\"url\":\"https:\\\/\\\/spindl.amenity.cz\\\/en\\\/electric-bikes\\\/\",\"name\":\"Electric bikes for rent \u2013 Amenity Hotel & Resort \u0160pindler\u016fv Ml\u00fdn\",\"isPartOf\":{\"@id\":\"https:\\\/\\\/spindl.amenity.cz\\\/en\\\/#website\"},\"datePublished\":\"2021-06-01T07:14:50+00:00\",\"dateModified\":\"2025-05-07T13:58:36+00:00\",\"description\":\"We Rent Out Electric Bikes, and If You Have Your Own, You Can Charge It for FreeElectric bikes give you a chance to see and do more. Amenity.\",\"breadcrumb\":{\"@id\":\"https:\\\/\\\/spindl.amenity.cz\\\/en\\\/electric-bikes\\\/#breadcrumb\"},\"inLanguage\":\"en-US\",\"potentialAction\":[{\"@type\":\"ReadAction\",\"target\":[\"https:\\\/\\\/spindl.amenity.cz\\\/en\\\/electric-bikes\\\/\"]}]},{\"@type\":\"BreadcrumbList\",\"@id\":\"https:\\\/\\\/spindl.amenity.cz\\\/en\\\/electric-bikes\\\/#breadcrumb\",\"itemListElement\":[{\"@type\":\"ListItem\",\"position\":1,\"name\":\"Dom\u016f\",\"item\":\"https:\\\/\\\/spindl.amenity.cz\\\/en\\\/\"},{\"@type\":\"ListItem\",\"position\":2,\"name\":\"electric-bikes\"}]},{\"@type\":\"WebSite\",\"@id\":\"https:\\\/\\\/spindl.amenity.cz\\\/en\\\/#website\",\"url\":\"https:\\\/\\\/spindl.amenity.cz\\\/en\\\/\",\"name\":\"\u0160pindler\u016fv Ml\u00fdn\",\"description\":\"\",\"publisher\":{\"@id\":\"https:\\\/\\\/spindl.amenity.cz\\\/en\\\/#organization\"},\"potentialAction\":[{\"@type\":\"SearchAction\",\"target\":{\"@type\":\"EntryPoint\",\"urlTemplate\":\"https:\\\/\\\/spindl.amenity.cz\\\/en\\\/?s={search_term_string}\"},\"query-input\":{\"@type\":\"PropertyValueSpecification\",\"valueRequired\":true,\"valueName\":\"search_term_string\"}}],\"inLanguage\":\"en-US\"},{\"@type\":\"Organization\",\"@id\":\"https:\\\/\\\/spindl.amenity.cz\\\/en\\\/#organization\",\"name\":\"Amenity Hotel & Resort \u0160pindler\u016fv Ml\u00fdn\",\"url\":\"https:\\\/\\\/spindl.amenity.cz\\\/en\\\/\",\"logo\":{\"@type\":\"ImageObject\",\"inLanguage\":\"en-US\",\"@id\":\"https:\\\/\\\/spindl.amenity.cz\\\/en\\\/#\\\/schema\\\/logo\\\/image\\\/\",\"url\":\"http:\\\/\\\/spindl.amenity.cz\\\/wp-content\\\/uploads\\\/sites\\\/5\\\/2019\\\/09\\\/galerie-hotel_930x620_.jpg\",\"contentUrl\":\"http:\\\/\\\/spindl.amenity.cz\\\/wp-content\\\/uploads\\\/sites\\\/5\\\/2019\\\/09\\\/galerie-hotel_930x620_.jpg\",\"width\":930,\"height\":620,\"caption\":\"Amenity Hotel & Resort \u0160pindler\u016fv Ml\u00fdn\"},\"image\":{\"@id\":\"https:\\\/\\\/spindl.amenity.cz\\\/en\\\/#\\\/schema\\\/logo\\\/image\\\/\"},\"sameAs\":[\"https:\\\/\\\/www.facebook.com\\\/amenityresorts\",\"https:\\\/\\\/www.instagram.com\\\/amenityresorts\\\/\",\"https:\\\/\\\/www.youtube.com\\\/channel\\\/UCVY-yFoyFBR8H0hC1euh7Sw\"]}]}<\/script>\n<!-- \/ Yoast SEO Premium plugin. -->","yoast_head_json":{"title":"Electric bikes for rent \u2013 Amenity Hotel & Resort \u0160pindler\u016fv Ml\u00fdn","description":"We Rent Out Electric Bikes, and If You Have Your Own, You Can Charge It for FreeElectric bikes give you a chance to see and do more. Amenity.","robots":{"index":"index","follow":"follow","max-snippet":"max-snippet:-1","max-image-preview":"max-image-preview:large","max-video-preview":"max-video-preview:-1"},"canonical":"https:\/\/spindl.amenity.cz\/en\/electric-bikes\/","og_locale":"en_US","og_type":"article","og_title":"electric-bikes","og_description":"We Rent Out Electric Bikes, and If You Have Your Own, You Can Charge It for FreeElectric bikes give you a chance to see and do more. Amenity.","og_url":"https:\/\/spindl.amenity.cz\/en\/electric-bikes\/","og_site_name":"\u0160pindler\u016fv Ml\u00fdn","article_publisher":"https:\/\/www.facebook.com\/amenityresorts","article_modified_time":"2025-05-07T13:58:36+00:00","twitter_card":"summary_large_image","twitter_misc":{"Est. reading time":"5 minutes"},"schema":{"@context":"https:\/\/schema.org","@graph":[{"@type":"WebPage","@id":"https:\/\/spindl.amenity.cz\/en\/electric-bikes\/","url":"https:\/\/spindl.amenity.cz\/en\/electric-bikes\/","name":"Electric bikes for rent \u2013 Amenity Hotel & Resort \u0160pindler\u016fv Ml\u00fdn","isPartOf":{"@id":"https:\/\/spindl.amenity.cz\/en\/#website"},"datePublished":"2021-06-01T07:14:50+00:00","dateModified":"2025-05-07T13:58:36+00:00","description":"We Rent Out Electric Bikes, and If You Have Your Own, You Can Charge It for FreeElectric bikes give you a chance to see and do more. Amenity.","breadcrumb":{"@id":"https:\/\/spindl.amenity.cz\/en\/electric-bikes\/#breadcrumb"},"inLanguage":"en-US","potentialAction":[{"@type":"ReadAction","target":["https:\/\/spindl.amenity.cz\/en\/electric-bikes\/"]}]},{"@type":"BreadcrumbList","@id":"https:\/\/spindl.amenity.cz\/en\/electric-bikes\/#breadcrumb","itemListElement":[{"@type":"ListItem","position":1,"name":"Dom\u016f","item":"https:\/\/spindl.amenity.cz\/en\/"},{"@type":"ListItem","position":2,"name":"electric-bikes"}]},{"@type":"WebSite","@id":"https:\/\/spindl.amenity.cz\/en\/#website","url":"https:\/\/spindl.amenity.cz\/en\/","name":"\u0160pindler\u016fv Ml\u00fdn","description":"","publisher":{"@id":"https:\/\/spindl.amenity.cz\/en\/#organization"},"potentialAction":[{"@type":"SearchAction","target":{"@type":"EntryPoint","urlTemplate":"https:\/\/spindl.amenity.cz\/en\/?s={search_term_string}"},"query-input":{"@type":"PropertyValueSpecification","valueRequired":true,"valueName":"search_term_string"}}],"inLanguage":"en-US"},{"@type":"Organization","@id":"https:\/\/spindl.amenity.cz\/en\/#organization","name":"Amenity Hotel & Resort \u0160pindler\u016fv Ml\u00fdn","url":"https:\/\/spindl.amenity.cz\/en\/","logo":{"@type":"ImageObject","inLanguage":"en-US","@id":"https:\/\/spindl.amenity.cz\/en\/#\/schema\/logo\/image\/","url":"http:\/\/spindl.amenity.cz\/wp-content\/uploads\/sites\/5\/2019\/09\/galerie-hotel_930x620_.jpg","contentUrl":"http:\/\/spindl.amenity.cz\/wp-content\/uploads\/sites\/5\/2019\/09\/galerie-hotel_930x620_.jpg","width":930,"height":620,"caption":"Amenity Hotel & Resort \u0160pindler\u016fv Ml\u00fdn"},"image":{"@id":"https:\/\/spindl.amenity.cz\/en\/#\/schema\/logo\/image\/"},"sameAs":["https:\/\/www.facebook.com\/amenityresorts","https:\/\/www.instagram.com\/amenityresorts\/","https:\/\/www.youtube.com\/channel\/UCVY-yFoyFBR8H0hC1euh7Sw"]}]}},"_links":{"self":[{"href":"https:\/\/spindl.amenity.cz\/en\/wp-json\/wp\/v2\/pages\/8369","targetHints":{"allow":["GET"]}}],"collection":[{"href":"https:\/\/spindl.amenity.cz\/en\/wp-json\/wp\/v2\/pages"}],"about":[{"href":"https:\/\/spindl.amenity.cz\/en\/wp-json\/wp\/v2\/types\/page"}],"author":[{"embeddable":true,"href":"https:\/\/spindl.amenity.cz\/en\/wp-json\/wp\/v2\/users\/3"}],"replies":[{"embeddable":true,"href":"https:\/\/spindl.amenity.cz\/en\/wp-json\/wp\/v2\/comments?post=8369"}],"version-history":[{"count":3,"href":"https:\/\/spindl.amenity.cz\/en\/wp-json\/wp\/v2\/pages\/8369\/revisions"}],"predecessor-version":[{"id":12043,"href":"https:\/\/spindl.amenity.cz\/en\/wp-json\/wp\/v2\/pages\/8369\/revisions\/12043"}],"wp:attachment":[{"href":"https:\/\/spindl.amenity.cz\/en\/wp-json\/wp\/v2\/media?parent=8369"}],"curies":[{"name":"wp","href":"https:\/\/api.w.org\/{rel}","templated":true}]}}