{"id":8722,"date":"2021-08-31T15:10:49","date_gmt":"2021-08-31T13:10:49","guid":{"rendered":"http:\/\/spindl.amenity.cz\/?page_id=8722"},"modified":"2021-08-31T15:10:49","modified_gmt":"2021-08-31T13:10:49","slug":"camera","status":"publish","type":"page","link":"https:\/\/spindl.amenity.cz\/en\/camera\/","title":{"rendered":"camera"},"content":{"rendered":"<div class=\"wpb-content-wrapper\"><p>[vc_row][vc_column]<div class=\"text-block \" ><div class=\"simple-text \"><h1 style=\"text-align: center;\">Webcameras \u0160pindler\u016fv Ml\u00fdn<\/h1>\n<p style=\"text-align: center;\">Online webcameras \u0160pindler\u016fv Ml\u00fdn.<\/p>\n<\/div><\/div>[vc_empty_space]<div class=\"text-block \" ><div class=\"simple-text \"><p><strong>Svat\u00fd Petr<br \/>\n<\/strong><\/p>\n<\/div><\/div>[vc_empty_space][vc_raw_html]JTNDZGl2JTIwc3R5bGUlM0QlMjJiYWNrZ3JvdW5kLWNvbG9yJTNBJTIwJTIzZmZmZmZmJTNCJTIwcGFkZGluZy1sZWZ0JTNBJTIwNXB4JTNCJTIwd2lkdGglM0ElMjAxMjAwcHglM0IlMjIlM0UlMEElM0NpZnJhbWUlMjBzcmMlM0QlMjJodHRwcyUzQSUyRiUyRnd3dy5ob2xpZGF5aW5mby5jeiUyRmNzJTJGY2FtZnJhbWUlMkZzdnBldHIlMkYyMTA0JTIyJTIwc3R5bGUlM0QlMjJ3aWR0aCUzQSUyMDEyMDBweCUzQiUyMGhlaWdodCUzQSUyMDY3NXB4JTNCJTIyJTIwZnJhbWVib3JkZXIlM0QlMjIwJTIyJTNFJTNDJTJGaWZyYW1lJTNFJTBBJTNDJTJGZGl2JTNF[\/vc_raw_html][\/vc_column][\/vc_row][vc_row][vc_column][vc_empty_space][\/vc_column][\/vc_row][vc_row][vc_column]<div class=\"text-block \" ><div class=\"simple-text \"><p><strong>Hromovka<\/strong><\/p>\n<\/div><\/div>[vc_empty_space][vc_raw_html]JTNDZGl2JTIwc3R5bGUlM0QlMjJiYWNrZ3JvdW5kLWNvbG9yJTNBJTIwJTIzZmZmZmZmJTNCJTIwcGFkZGluZy1sZWZ0JTNBJTIwNXB4JTNCJTIwd2lkdGglM0ElMjAxMjAwcHglM0IlMjIlM0UlMEElM0NpZnJhbWUlMjBzcmMlM0QlMjJodHRwcyUzQSUyRiUyRnd3dy5ob2xpZGF5aW5mby5jeiUyRmNzJTJGY2FtZnJhbWUlMkZzdnBldHIlMkYyMTEzJTIyJTIwc3R5bGUlM0QlMjJ3aWR0aCUzQSUyMDEyMDBweCUzQiUyMGhlaWdodCUzQSUyMDY3NXB4JTNCJTIyJTIwZnJhbWVib3JkZXIlM0QlMjIwJTIyJTNFJTNDJTJGaWZyYW1lJTNFJTBBJTNDJTJGZGl2JTNF[\/vc_raw_html][\/vc_column][\/vc_row][vc_row][vc_column]<div class=\"text-block \" ><div class=\"simple-text \"><p><strong>Medv\u011bd\u00edn<\/strong><\/p>\n<\/div><\/div>[vc_empty_space][vc_raw_html]JTNDZGl2JTIwc3R5bGUlM0QlMjJiYWNrZ3JvdW5kLWNvbG9yJTNBJTIwJTIzZmZmZmZmJTNCJTIwcGFkZGluZy1sZWZ0JTNBJTIwNXB4JTNCJTIwd2lkdGglM0ElMjAxMjAwcHglM0IlMjIlM0UlMEElM0NpZnJhbWUlMjBzcmMlM0QlMjJodHRwcyUzQSUyRiUyRnd3dy5ob2xpZGF5aW5mby5jeiUyRmNzJTJGY2FtZnJhbWUlMkZzdnBldHIlMkYyMTUxJTIyJTIwc3R5bGUlM0QlMjJ3aWR0aCUzQSUyMDEyMDBweCUzQiUyMGhlaWdodCUzQSUyMDY3NXB4JTNCJTIyJTIwZnJhbWVib3JkZXIlM0QlMjIwJTIyJTNFJTNDJTJGaWZyYW1lJTNFJTBBJTNDJTJGZGl2JTNF[\/vc_raw_html][\/vc_column][\/vc_row][vc_row][vc_column][vc_empty_space][\/vc_column][\/vc_row]<\/p>\n<\/div>","protected":false},"excerpt":{"rendered":"<p>[vc_row][vc_column][vc_empty_space][vc_empty_space][vc_raw_html]JTNDZGl2JTIwc3R5bGUlM0QlMjJiYWNrZ3JvdW5kLWNvbG9yJTNBJTIwJTIzZmZmZmZmJTNCJTIwcGFkZGluZy1sZWZ0JTNBJTIwNXB4JTNCJTIwd2lkdGglM0ElMjAxMjAwcHglM0IlMjIlM0UlMEElM0NpZnJhbWUlMjBzcmMlM0QlMjJodHRwcyUzQSUyRiUyRnd3dy5ob2xpZGF5aW5mby5jeiUyRmNzJTJGY2FtZnJhbWUlMkZzdnBldHIlMkYyMTA0JTIyJTIwc3R5bGUlM0QlMjJ3aWR0aCUzQSUyMDEyMDBweCUzQiUyMGhlaWdodCUzQSUyMDY3NXB4JTNCJTIyJTIwZnJhbWVib3JkZXIlM0QlMjIwJTIyJTNFJTNDJTJGaWZyYW1lJTNFJTBBJTNDJTJGZGl2JTNF[\/vc_raw_html][\/vc_column][\/vc_row][vc_row][vc_column][vc_empty_space][\/vc_column][\/vc_row][vc_row][vc_column][vc_empty_space][vc_raw_html]JTNDZGl2JTIwc3R5bGUlM0QlMjJiYWNrZ3JvdW5kLWNvbG9yJTNBJTIwJTIzZmZmZmZmJTNCJTIwcGFkZGluZy1sZWZ0JTNBJTIwNXB4JTNCJTIwd2lkdGglM0ElMjAxMjAwcHglM0IlMjIlM0UlMEElM0NpZnJhbWUlMjBzcmMlM0QlMjJodHRwcyUzQSUyRiUyRnd3dy5ob2xpZGF5aW5mby5jeiUyRmNzJTJGY2FtZnJhbWUlMkZzdnBldHIlMkYyMTEzJTIyJTIwc3R5bGUlM0QlMjJ3aWR0aCUzQSUyMDEyMDBweCUzQiUyMGhlaWdodCUzQSUyMDY3NXB4JTNCJTIyJTIwZnJhbWVib3JkZXIlM0QlMjIwJTIyJTNFJTNDJTJGaWZyYW1lJTNFJTBBJTNDJTJGZGl2JTNF[\/vc_raw_html][\/vc_column][\/vc_row][vc_row][vc_column][vc_empty_space][vc_raw_html]JTNDZGl2JTIwc3R5bGUlM0QlMjJiYWNrZ3JvdW5kLWNvbG9yJTNBJTIwJTIzZmZmZmZmJTNCJTIwcGFkZGluZy1sZWZ0JTNBJTIwNXB4JTNCJTIwd2lkdGglM0ElMjAxMjAwcHglM0IlMjIlM0UlMEElM0NpZnJhbWUlMjBzcmMlM0QlMjJodHRwcyUzQSUyRiUyRnd3dy5ob2xpZGF5aW5mby5jeiUyRmNzJTJGY2FtZnJhbWUlMkZzdnBldHIlMkYyMTUxJTIyJTIwc3R5bGUlM0QlMjJ3aWR0aCUzQSUyMDEyMDBweCUzQiUyMGhlaWdodCUzQSUyMDY3NXB4JTNCJTIyJTIwZnJhbWVib3JkZXIlM0QlMjIwJTIyJTNFJTNDJTJGaWZyYW1lJTNFJTBBJTNDJTJGZGl2JTNF[\/vc_raw_html][\/vc_column][\/vc_row][vc_row][vc_column][vc_empty_space][\/vc_column][\/vc_row]<\/p>\n","protected":false},"author":3,"featured_media":0,"parent":0,"menu_order":0,"comment_status":"closed","ping_status":"closed","template":"","meta":{"footnotes":""},"class_list":["post-8722","page","type-page","status-publish","hentry"],"yoast_head":"<!-- This site is optimized with the Yoast SEO Premium plugin v27.3 (Yoast SEO v27.3) - https:\/\/yoast.com\/product\/yoast-seo-premium-wordpress\/ -->\n<title>camera - \u0160pindler\u016fv Ml\u00fdn<\/title>\n<meta name=\"robots\" content=\"index, follow, max-snippet:-1, max-image-preview:large, max-video-preview:-1\" \/>\n<link rel=\"canonical\" href=\"https:\/\/spindl.amenity.cz\/en\/camera\/\" \/>\n<meta property=\"og:locale\" content=\"en_US\" \/>\n<meta property=\"og:type\" content=\"article\" \/>\n<meta property=\"og:title\" content=\"camera\" \/>\n<meta property=\"og:description\" content=\"[vc_row][vc_column][vc_empty_space][vc_empty_space][vc_raw_html]JTNDZGl2JTIwc3R5bGUlM0QlMjJiYWNrZ3JvdW5kLWNvbG9yJTNBJTIwJTIzZmZmZmZmJTNCJTIwcGFkZGluZy1sZWZ0JTNBJTIwNXB4JTNCJTIwd2lkdGglM0ElMjAxMjAwcHglM0IlMjIlM0UlMEElM0NpZnJhbWUlMjBzcmMlM0QlMjJodHRwcyUzQSUyRiUyRnd3dy5ob2xpZGF5aW5mby5jeiUyRmNzJTJGY2FtZnJhbWUlMkZzdnBldHIlMkYyMTA0JTIyJTIwc3R5bGUlM0QlMjJ3aWR0aCUzQSUyMDEyMDBweCUzQiUyMGhlaWdodCUzQSUyMDY3NXB4JTNCJTIyJTIwZnJhbWVib3JkZXIlM0QlMjIwJTIyJTNFJTNDJTJGaWZyYW1lJTNFJTBBJTNDJTJGZGl2JTNF[\/vc_raw_html][\/vc_column][\/vc_row][vc_row][vc_column][vc_empty_space][\/vc_column][\/vc_row][vc_row][vc_column][vc_empty_space][vc_raw_html]JTNDZGl2JTIwc3R5bGUlM0QlMjJiYWNrZ3JvdW5kLWNvbG9yJTNBJTIwJTIzZmZmZmZmJTNCJTIwcGFkZGluZy1sZWZ0JTNBJTIwNXB4JTNCJTIwd2lkdGglM0ElMjAxMjAwcHglM0IlMjIlM0UlMEElM0NpZnJhbWUlMjBzcmMlM0QlMjJodHRwcyUzQSUyRiUyRnd3dy5ob2xpZGF5aW5mby5jeiUyRmNzJTJGY2FtZnJhbWUlMkZzdnBldHIlMkYyMTEzJTIyJTIwc3R5bGUlM0QlMjJ3aWR0aCUzQSUyMDEyMDBweCUzQiUyMGhlaWdodCUzQSUyMDY3NXB4JTNCJTIyJTIwZnJhbWVib3JkZXIlM0QlMjIwJTIyJTNFJTNDJTJGaWZyYW1lJTNFJTBBJTNDJTJGZGl2JTNF[\/vc_raw_html][\/vc_column][\/vc_row][vc_row][vc_column][vc_empty_space][vc_raw_html]JTNDZGl2JTIwc3R5bGUlM0QlMjJiYWNrZ3JvdW5kLWNvbG9yJTNBJTIwJTIzZmZmZmZmJTNCJTIwcGFkZGluZy1sZWZ0JTNBJTIwNXB4JTNCJTIwd2lkdGglM0ElMjAxMjAwcHglM0IlMjIlM0UlMEElM0NpZnJhbWUlMjBzcmMlM0QlMjJodHRwcyUzQSUyRiUyRnd3dy5ob2xpZGF5aW5mby5jeiUyRmNzJTJGY2FtZnJhbWUlMkZzdnBldHIlMkYyMTUxJTIyJTIwc3R5bGUlM0QlMjJ3aWR0aCUzQSUyMDEyMDBweCUzQiUyMGhlaWdodCUzQSUyMDY3NXB4JTNCJTIyJTIwZnJhbWVib3JkZXIlM0QlMjIwJTIyJTNFJTNDJTJGaWZyYW1lJTNFJTBBJTNDJTJGZGl2JTNF[\/vc_raw_html][\/vc_column][\/vc_row][vc_row][vc_column][vc_empty_space][\/vc_column][\/vc_row]\" \/>\n<meta property=\"og:url\" content=\"https:\/\/spindl.amenity.cz\/en\/camera\/\" \/>\n<meta property=\"og:site_name\" content=\"\u0160pindler\u016fv Ml\u00fdn\" \/>\n<meta property=\"article:publisher\" content=\"https:\/\/www.facebook.com\/amenityresorts\" \/>\n<meta name=\"twitter:card\" content=\"summary_large_image\" \/>\n<meta name=\"twitter:label1\" content=\"Est. reading time\" \/>\n\t<meta name=\"twitter:data1\" content=\"1 minute\" \/>\n<script type=\"application\/ld+json\" class=\"yoast-schema-graph\">{\"@context\":\"https:\\\/\\\/schema.org\",\"@graph\":[{\"@type\":\"WebPage\",\"@id\":\"https:\\\/\\\/spindl.amenity.cz\\\/en\\\/camera\\\/\",\"url\":\"https:\\\/\\\/spindl.amenity.cz\\\/en\\\/camera\\\/\",\"name\":\"camera - \u0160pindler\u016fv Ml\u00fdn\",\"isPartOf\":{\"@id\":\"https:\\\/\\\/spindl.amenity.cz\\\/en\\\/#website\"},\"datePublished\":\"2021-08-31T13:10:49+00:00\",\"breadcrumb\":{\"@id\":\"https:\\\/\\\/spindl.amenity.cz\\\/en\\\/camera\\\/#breadcrumb\"},\"inLanguage\":\"en-US\",\"potentialAction\":[{\"@type\":\"ReadAction\",\"target\":[\"https:\\\/\\\/spindl.amenity.cz\\\/en\\\/camera\\\/\"]}]},{\"@type\":\"BreadcrumbList\",\"@id\":\"https:\\\/\\\/spindl.amenity.cz\\\/en\\\/camera\\\/#breadcrumb\",\"itemListElement\":[{\"@type\":\"ListItem\",\"position\":1,\"name\":\"Dom\u016f\",\"item\":\"https:\\\/\\\/spindl.amenity.cz\\\/en\\\/\"},{\"@type\":\"ListItem\",\"position\":2,\"name\":\"camera\"}]},{\"@type\":\"WebSite\",\"@id\":\"https:\\\/\\\/spindl.amenity.cz\\\/en\\\/#website\",\"url\":\"https:\\\/\\\/spindl.amenity.cz\\\/en\\\/\",\"name\":\"\u0160pindler\u016fv Ml\u00fdn\",\"description\":\"\",\"publisher\":{\"@id\":\"https:\\\/\\\/spindl.amenity.cz\\\/en\\\/#organization\"},\"potentialAction\":[{\"@type\":\"SearchAction\",\"target\":{\"@type\":\"EntryPoint\",\"urlTemplate\":\"https:\\\/\\\/spindl.amenity.cz\\\/en\\\/?s={search_term_string}\"},\"query-input\":{\"@type\":\"PropertyValueSpecification\",\"valueRequired\":true,\"valueName\":\"search_term_string\"}}],\"inLanguage\":\"en-US\"},{\"@type\":\"Organization\",\"@id\":\"https:\\\/\\\/spindl.amenity.cz\\\/en\\\/#organization\",\"name\":\"Amenity Hotel & Resort \u0160pindler\u016fv Ml\u00fdn\",\"url\":\"https:\\\/\\\/spindl.amenity.cz\\\/en\\\/\",\"logo\":{\"@type\":\"ImageObject\",\"inLanguage\":\"en-US\",\"@id\":\"https:\\\/\\\/spindl.amenity.cz\\\/en\\\/#\\\/schema\\\/logo\\\/image\\\/\",\"url\":\"http:\\\/\\\/spindl.amenity.cz\\\/wp-content\\\/uploads\\\/sites\\\/5\\\/2019\\\/09\\\/galerie-hotel_930x620_.jpg\",\"contentUrl\":\"http:\\\/\\\/spindl.amenity.cz\\\/wp-content\\\/uploads\\\/sites\\\/5\\\/2019\\\/09\\\/galerie-hotel_930x620_.jpg\",\"width\":930,\"height\":620,\"caption\":\"Amenity Hotel & Resort \u0160pindler\u016fv Ml\u00fdn\"},\"image\":{\"@id\":\"https:\\\/\\\/spindl.amenity.cz\\\/en\\\/#\\\/schema\\\/logo\\\/image\\\/\"},\"sameAs\":[\"https:\\\/\\\/www.facebook.com\\\/amenityresorts\",\"https:\\\/\\\/www.instagram.com\\\/amenityresorts\\\/\",\"https:\\\/\\\/www.youtube.com\\\/channel\\\/UCVY-yFoyFBR8H0hC1euh7Sw\"]}]}<\/script>\n<!-- \/ Yoast SEO Premium plugin. -->","yoast_head_json":{"title":"camera - \u0160pindler\u016fv Ml\u00fdn","robots":{"index":"index","follow":"follow","max-snippet":"max-snippet:-1","max-image-preview":"max-image-preview:large","max-video-preview":"max-video-preview:-1"},"canonical":"https:\/\/spindl.amenity.cz\/en\/camera\/","og_locale":"en_US","og_type":"article","og_title":"camera","og_description":"[vc_row][vc_column][vc_empty_space][vc_empty_space][vc_raw_html]JTNDZGl2JTIwc3R5bGUlM0QlMjJiYWNrZ3JvdW5kLWNvbG9yJTNBJTIwJTIzZmZmZmZmJTNCJTIwcGFkZGluZy1sZWZ0JTNBJTIwNXB4JTNCJTIwd2lkdGglM0ElMjAxMjAwcHglM0IlMjIlM0UlMEElM0NpZnJhbWUlMjBzcmMlM0QlMjJodHRwcyUzQSUyRiUyRnd3dy5ob2xpZGF5aW5mby5jeiUyRmNzJTJGY2FtZnJhbWUlMkZzdnBldHIlMkYyMTA0JTIyJTIwc3R5bGUlM0QlMjJ3aWR0aCUzQSUyMDEyMDBweCUzQiUyMGhlaWdodCUzQSUyMDY3NXB4JTNCJTIyJTIwZnJhbWVib3JkZXIlM0QlMjIwJTIyJTNFJTNDJTJGaWZyYW1lJTNFJTBBJTNDJTJGZGl2JTNF[\/vc_raw_html][\/vc_column][\/vc_row][vc_row][vc_column][vc_empty_space][\/vc_column][\/vc_row][vc_row][vc_column][vc_empty_space][vc_raw_html]JTNDZGl2JTIwc3R5bGUlM0QlMjJiYWNrZ3JvdW5kLWNvbG9yJTNBJTIwJTIzZmZmZmZmJTNCJTIwcGFkZGluZy1sZWZ0JTNBJTIwNXB4JTNCJTIwd2lkdGglM0ElMjAxMjAwcHglM0IlMjIlM0UlMEElM0NpZnJhbWUlMjBzcmMlM0QlMjJodHRwcyUzQSUyRiUyRnd3dy5ob2xpZGF5aW5mby5jeiUyRmNzJTJGY2FtZnJhbWUlMkZzdnBldHIlMkYyMTEzJTIyJTIwc3R5bGUlM0QlMjJ3aWR0aCUzQSUyMDEyMDBweCUzQiUyMGhlaWdodCUzQSUyMDY3NXB4JTNCJTIyJTIwZnJhbWVib3JkZXIlM0QlMjIwJTIyJTNFJTNDJTJGaWZyYW1lJTNFJTBBJTNDJTJGZGl2JTNF[\/vc_raw_html][\/vc_column][\/vc_row][vc_row][vc_column][vc_empty_space][vc_raw_html]JTNDZGl2JTIwc3R5bGUlM0QlMjJiYWNrZ3JvdW5kLWNvbG9yJTNBJTIwJTIzZmZmZmZmJTNCJTIwcGFkZGluZy1sZWZ0JTNBJTIwNXB4JTNCJTIwd2lkdGglM0ElMjAxMjAwcHglM0IlMjIlM0UlMEElM0NpZnJhbWUlMjBzcmMlM0QlMjJodHRwcyUzQSUyRiUyRnd3dy5ob2xpZGF5aW5mby5jeiUyRmNzJTJGY2FtZnJhbWUlMkZzdnBldHIlMkYyMTUxJTIyJTIwc3R5bGUlM0QlMjJ3aWR0aCUzQSUyMDEyMDBweCUzQiUyMGhlaWdodCUzQSUyMDY3NXB4JTNCJTIyJTIwZnJhbWVib3JkZXIlM0QlMjIwJTIyJTNFJTNDJTJGaWZyYW1lJTNFJTBBJTNDJTJGZGl2JTNF[\/vc_raw_html][\/vc_column][\/vc_row][vc_row][vc_column][vc_empty_space][\/vc_column][\/vc_row]","og_url":"https:\/\/spindl.amenity.cz\/en\/camera\/","og_site_name":"\u0160pindler\u016fv Ml\u00fdn","article_publisher":"https:\/\/www.facebook.com\/amenityresorts","twitter_card":"summary_large_image","twitter_misc":{"Est. reading time":"1 minute"},"schema":{"@context":"https:\/\/schema.org","@graph":[{"@type":"WebPage","@id":"https:\/\/spindl.amenity.cz\/en\/camera\/","url":"https:\/\/spindl.amenity.cz\/en\/camera\/","name":"camera - \u0160pindler\u016fv Ml\u00fdn","isPartOf":{"@id":"https:\/\/spindl.amenity.cz\/en\/#website"},"datePublished":"2021-08-31T13:10:49+00:00","breadcrumb":{"@id":"https:\/\/spindl.amenity.cz\/en\/camera\/#breadcrumb"},"inLanguage":"en-US","potentialAction":[{"@type":"ReadAction","target":["https:\/\/spindl.amenity.cz\/en\/camera\/"]}]},{"@type":"BreadcrumbList","@id":"https:\/\/spindl.amenity.cz\/en\/camera\/#breadcrumb","itemListElement":[{"@type":"ListItem","position":1,"name":"Dom\u016f","item":"https:\/\/spindl.amenity.cz\/en\/"},{"@type":"ListItem","position":2,"name":"camera"}]},{"@type":"WebSite","@id":"https:\/\/spindl.amenity.cz\/en\/#website","url":"https:\/\/spindl.amenity.cz\/en\/","name":"\u0160pindler\u016fv Ml\u00fdn","description":"","publisher":{"@id":"https:\/\/spindl.amenity.cz\/en\/#organization"},"potentialAction":[{"@type":"SearchAction","target":{"@type":"EntryPoint","urlTemplate":"https:\/\/spindl.amenity.cz\/en\/?s={search_term_string}"},"query-input":{"@type":"PropertyValueSpecification","valueRequired":true,"valueName":"search_term_string"}}],"inLanguage":"en-US"},{"@type":"Organization","@id":"https:\/\/spindl.amenity.cz\/en\/#organization","name":"Amenity Hotel & Resort \u0160pindler\u016fv Ml\u00fdn","url":"https:\/\/spindl.amenity.cz\/en\/","logo":{"@type":"ImageObject","inLanguage":"en-US","@id":"https:\/\/spindl.amenity.cz\/en\/#\/schema\/logo\/image\/","url":"http:\/\/spindl.amenity.cz\/wp-content\/uploads\/sites\/5\/2019\/09\/galerie-hotel_930x620_.jpg","contentUrl":"http:\/\/spindl.amenity.cz\/wp-content\/uploads\/sites\/5\/2019\/09\/galerie-hotel_930x620_.jpg","width":930,"height":620,"caption":"Amenity Hotel & Resort \u0160pindler\u016fv Ml\u00fdn"},"image":{"@id":"https:\/\/spindl.amenity.cz\/en\/#\/schema\/logo\/image\/"},"sameAs":["https:\/\/www.facebook.com\/amenityresorts","https:\/\/www.instagram.com\/amenityresorts\/","https:\/\/www.youtube.com\/channel\/UCVY-yFoyFBR8H0hC1euh7Sw"]}]}},"_links":{"self":[{"href":"https:\/\/spindl.amenity.cz\/en\/wp-json\/wp\/v2\/pages\/8722","targetHints":{"allow":["GET"]}}],"collection":[{"href":"https:\/\/spindl.amenity.cz\/en\/wp-json\/wp\/v2\/pages"}],"about":[{"href":"https:\/\/spindl.amenity.cz\/en\/wp-json\/wp\/v2\/types\/page"}],"author":[{"embeddable":true,"href":"https:\/\/spindl.amenity.cz\/en\/wp-json\/wp\/v2\/users\/3"}],"replies":[{"embeddable":true,"href":"https:\/\/spindl.amenity.cz\/en\/wp-json\/wp\/v2\/comments?post=8722"}],"version-history":[{"count":0,"href":"https:\/\/spindl.amenity.cz\/en\/wp-json\/wp\/v2\/pages\/8722\/revisions"}],"wp:attachment":[{"href":"https:\/\/spindl.amenity.cz\/en\/wp-json\/wp\/v2\/media?parent=8722"}],"curies":[{"name":"wp","href":"https:\/\/api.w.org\/{rel}","templated":true}]}}