{"id":12813,"date":"2025-08-29T13:12:14","date_gmt":"2025-08-29T11:12:14","guid":{"rendered":"https:\/\/spindl.amenity.cz\/karta-win\/"},"modified":"2025-08-29T13:12:15","modified_gmt":"2025-08-29T11:12:15","slug":"karta-win","status":"publish","type":"page","link":"https:\/\/spindl.amenity.cz\/pl\/karta-win\/","title":{"rendered":"Karta win"},"content":{"rendered":"<div class=\"wpb-content-wrapper\"><p>[vc_row full_width=&#8221;stretch_row&#8221;][vc_column offset=&#8221;vc_hidden-sm vc_hidden-xs&#8221;]\n\t\t\t<!-- START Dletorestaurace REVOLUTION SLIDER 6.7.4 --><p class=\"rs-p-wp-fix\"><\/p>\n\t\t\t<rs-module-wrap id=\"rev_slider_29_1_wrapper\" data-source=\"gallery\" style=\"visibility:hidden;background:#2b2b2b;padding:0;margin:0px auto;margin-top:0;margin-bottom:0;\">\n\t\t\t\t<rs-module id=\"rev_slider_29_1\" style=\"\" data-version=\"6.7.4\">\n\t\t\t\t\t<rs-slides style=\"overflow: hidden; position: absolute;\">\n\t\t\t\t\t\t<rs-slide style=\"position: absolute;\" data-key=\"rs-141\" data-title=\"Slide\" data-thumb=\"\/\/spindl.amenity.cz\/wp-content\/uploads\/sites\/5\/2019\/10\/restaurace-1600x630_-100x50.jpg\" data-anim=\"adpr:false;e:slidingoverlay;ms:2000;\" data-in=\"o:0;y:100%;\" data-out=\"a:false;\">\n\t\t\t\t\t\t\t<img decoding=\"async\" src=\"\/\/spindl.amenity.cz\/wp-content\/plugins\/revslider\/sr6\/assets\/assets\/dummy.png\" alt=\"\" title=\"restaurace 1600x630_\" width=\"1600\" height=\"630\" class=\"rev-slidebg tp-rs-img rs-lazyload\" data-lazyload=\"\/\/spindl.amenity.cz\/wp-content\/uploads\/sites\/5\/2019\/10\/restaurace-1600x630_.jpg\" data-parallax=\"off\" data-panzoom=\"d:10000;e:power0.inOut;ss:100;se:110%;\" data-no-retina>\n<!--\n\t\t\t\t\t\t\t--><rs-layer\n\t\t\t\t\t\t\t\tid=\"slider-29-slide-141-layer-2\" \n\t\t\t\t\t\t\t\tdata-type=\"object\"\n\t\t\t\t\t\t\t\tdata-rsp_ch=\"on\"\n\t\t\t\t\t\t\t\tdata-xy=\"xo:50px,50px,50px,23px;yo:50px,50px,50px,23px;\"\n\t\t\t\t\t\t\t\tdata-text=\"w:normal;s:20,20,20,8;l:0,0,0,11;\"\n\t\t\t\t\t\t\t\tdata-frame_999=\"o:0;st:w;\"\n\t\t\t\t\t\t\t\tstyle=\"z-index:10;font-family:'Roboto';\"\n\t\t\t\t\t\t\t> \n\t\t\t\t\t\t\t<\/rs-layer><!--\n-->\t\t\t\t\t<\/rs-slide>\n\t\t\t\t\t\t<rs-slide style=\"position: absolute;\" data-key=\"rs-143\" data-title=\"Slide\" data-thumb=\"\/\/spindl.amenity.cz\/wp-content\/uploads\/sites\/5\/2021\/08\/restaurace_letni-menu_spindl_1600x630_-100x50.jpg\" data-anim=\"adpr:false;e:slidingoverlay;ms:2000;\" data-in=\"o:0;y:100%;\" data-out=\"a:false;\">\n\t\t\t\t\t\t\t<img decoding=\"async\" src=\"\/\/spindl.amenity.cz\/wp-content\/plugins\/revslider\/sr6\/assets\/assets\/dummy.png\" alt=\"\" title=\"restaurace_letni-menu_spindl_1600x630_\" width=\"1600\" height=\"630\" class=\"rev-slidebg tp-rs-img rs-lazyload\" data-lazyload=\"\/\/spindl.amenity.cz\/wp-content\/uploads\/sites\/5\/2021\/08\/restaurace_letni-menu_spindl_1600x630_.jpg\" data-parallax=\"off\" data-panzoom=\"d:10000;e:power0.inOut;ss:100;se:110%;\" data-no-retina>\n<!--\n\t\t\t\t\t\t\t--><rs-layer\n\t\t\t\t\t\t\t\tid=\"slider-29-slide-143-layer-2\" \n\t\t\t\t\t\t\t\tdata-type=\"object\"\n\t\t\t\t\t\t\t\tdata-rsp_ch=\"on\"\n\t\t\t\t\t\t\t\tdata-xy=\"xo:50px,50px,50px,23px;yo:50px,50px,50px,23px;\"\n\t\t\t\t\t\t\t\tdata-text=\"w:normal;s:20,20,20,8;l:0,0,0,11;\"\n\t\t\t\t\t\t\t\tdata-frame_999=\"o:0;st:w;\"\n\t\t\t\t\t\t\t\tstyle=\"z-index:10;font-family:'Roboto';\"\n\t\t\t\t\t\t\t> \n\t\t\t\t\t\t\t<\/rs-layer><!--\n-->\t\t\t\t\t<\/rs-slide>\n\t\t\t\t\t\t<rs-slide style=\"position: absolute;\" data-key=\"rs-144\" data-title=\"Slide\" data-thumb=\"\/\/spindl.amenity.cz\/wp-content\/uploads\/sites\/5\/2021\/08\/restaurace_letni-menu_spindl_1600x630_3-100x50.jpg\" data-anim=\"adpr:false;e:slidingoverlay;ms:2000;\" data-in=\"o:0;y:100%;\" data-out=\"a:false;\">\n\t\t\t\t\t\t\t<img decoding=\"async\" src=\"\/\/spindl.amenity.cz\/wp-content\/plugins\/revslider\/sr6\/assets\/assets\/dummy.png\" alt=\"\" title=\"restaurace_letni-menu_spindl_1600x630_3\" width=\"1600\" height=\"630\" class=\"rev-slidebg tp-rs-img rs-lazyload\" data-lazyload=\"\/\/spindl.amenity.cz\/wp-content\/uploads\/sites\/5\/2021\/08\/restaurace_letni-menu_spindl_1600x630_3.jpg\" data-parallax=\"off\" data-panzoom=\"d:10000;e:power0.inOut;ss:100;se:110%;\" data-no-retina>\n<!--\n\t\t\t\t\t\t\t--><rs-layer\n\t\t\t\t\t\t\t\tid=\"slider-29-slide-144-layer-2\" \n\t\t\t\t\t\t\t\tdata-type=\"object\"\n\t\t\t\t\t\t\t\tdata-rsp_ch=\"on\"\n\t\t\t\t\t\t\t\tdata-xy=\"xo:50px,50px,50px,23px;yo:50px,50px,50px,23px;\"\n\t\t\t\t\t\t\t\tdata-text=\"w:normal;s:20,20,20,8;l:0,0,0,11;\"\n\t\t\t\t\t\t\t\tdata-frame_999=\"o:0;st:w;\"\n\t\t\t\t\t\t\t\tstyle=\"z-index:10;font-family:'Roboto';\"\n\t\t\t\t\t\t\t> \n\t\t\t\t\t\t\t<\/rs-layer><!--\n-->\t\t\t\t\t<\/rs-slide>\n\t\t\t\t\t\t<rs-slide style=\"position: absolute;\" data-key=\"rs-142\" data-title=\"Slide\" data-thumb=\"\/\/spindl.amenity.cz\/wp-content\/uploads\/sites\/5\/2021\/08\/restaurace_letni-menu_spindl_1600x630_2-100x50.jpg\" data-anim=\"adpr:false;e:slidingoverlay;ms:2000;\" data-in=\"o:0;y:100%;\" data-out=\"a:false;\">\n\t\t\t\t\t\t\t<img decoding=\"async\" src=\"\/\/spindl.amenity.cz\/wp-content\/plugins\/revslider\/sr6\/assets\/assets\/dummy.png\" alt=\"\" title=\"restaurace_letni-menu_spindl_1600x630_2\" width=\"1600\" height=\"630\" class=\"rev-slidebg tp-rs-img rs-lazyload\" data-lazyload=\"\/\/spindl.amenity.cz\/wp-content\/uploads\/sites\/5\/2021\/08\/restaurace_letni-menu_spindl_1600x630_2.jpg\" data-parallax=\"off\" data-panzoom=\"d:10000;e:power0.inOut;ss:100;se:110%;\" data-no-retina>\n<!--\n\t\t\t\t\t\t\t--><rs-layer\n\t\t\t\t\t\t\t\tid=\"slider-29-slide-142-layer-2\" \n\t\t\t\t\t\t\t\tdata-type=\"object\"\n\t\t\t\t\t\t\t\tdata-rsp_ch=\"on\"\n\t\t\t\t\t\t\t\tdata-xy=\"xo:50px,50px,50px,23px;yo:50px,50px,50px,23px;\"\n\t\t\t\t\t\t\t\tdata-text=\"w:normal;s:20,20,20,8;l:0,0,0,11;\"\n\t\t\t\t\t\t\t\tdata-frame_999=\"o:0;st:w;\"\n\t\t\t\t\t\t\t\tstyle=\"z-index:10;font-family:'Roboto';\"\n\t\t\t\t\t\t\t> \n\t\t\t\t\t\t\t<\/rs-layer><!--\n-->\t\t\t\t\t<\/rs-slide>\n\t\t\t\t\t<\/rs-slides>\n\t\t\t\t\t<rs-static-layers><!--\n\t\t\t\t\t--><\/rs-static-layers>\n\t\t\t\t<\/rs-module>\n\t\t\t\t<script>\n\t\t\t\t\tsetREVStartSize({c: 'rev_slider_29_1',rl:[1600,1600,1600,750],el:[630,630,630,720],gw:[1600,1600,1600,750],gh:[630,630,630,625],type:'standard',justify:'',layout:'fullwidth',mh:\"0\"});if (window.RS_MODULES!==undefined && window.RS_MODULES.modules!==undefined && window.RS_MODULES.modules[\"revslider291\"]!==undefined) {window.RS_MODULES.modules[\"revslider291\"].once = false;window.revapi29 = undefined;if (window.RS_MODULES.checkMinimal!==undefined) window.RS_MODULES.checkMinimal()}\n\t\t\t\t<\/script>\n\t\t\t<\/rs-module-wrap>\n\t\t\t<!-- END REVOLUTION SLIDER -->\n[\/vc_column][vc_column offset=&#8221;vc_hidden-lg vc_hidden-md&#8221;][vc_single_image image=&#8221;8334&#8243; img_size=&#8221;full&#8221;][\/vc_column][\/vc_row][vc_row full_width=&#8221;stretch_row_content_no_spaces&#8221;][vc_column]<div  class=\"empty-space  marg-lg-b25 marg-xs-b50\"><\/div>[\/vc_column][\/vc_row][vc_row][vc_column]<div class=\"text-block \" ><div class=\"simple-text \"><h1 style=\"text-align: center;\"><span style=\"color: #c7b39a;\">Karta win<br \/>\n<\/span><\/h1>\n<\/div><\/div>[vc_single_image image=&#8221;8479&#8243; img_size=&#8221;large&#8221; alignment=&#8221;center&#8221;][vc_single_image image=&#8221;8482&#8243; img_size=&#8221;large&#8221; alignment=&#8221;center&#8221;][\/vc_column][\/vc_row]<\/p>\n<\/div>","protected":false},"excerpt":{"rendered":"<p>[vc_row full_width=&#8221;stretch_row&#8221;][vc_column offset=&#8221;vc_hidden-sm vc_hidden-xs&#8221;][\/vc_column][vc_column offset=&#8221;vc_hidden-lg vc_hidden-md&#8221;][vc_single_image image=&#8221;8334&#8243; img_size=&#8221;full&#8221;][\/vc_column][\/vc_row][vc_row full_width=&#8221;stretch_row_content_no_spaces&#8221;][vc_column][\/vc_column][\/vc_row][vc_row][vc_column][vc_single_image image=&#8221;8479&#8243; img_size=&#8221;large&#8221; alignment=&#8221;center&#8221;][vc_single_image image=&#8221;8482&#8243; img_size=&#8221;large&#8221; alignment=&#8221;center&#8221;][\/vc_column][\/vc_row]<\/p>\n","protected":false},"author":2,"featured_media":0,"parent":0,"menu_order":0,"comment_status":"closed","ping_status":"closed","template":"","meta":{"footnotes":""},"class_list":["post-12813","page","type-page","status-publish","hentry"],"yoast_head":"<!-- This site is optimized with the Yoast SEO Premium plugin v27.3 (Yoast SEO v27.3) - https:\/\/yoast.com\/product\/yoast-seo-premium-wordpress\/ -->\n<title>Karta win \u2013 restauracja Amenity \u0160pindler\u016fv Ml\u00fdn<\/title>\n<meta name=\"description\" content=\"Do wyboru wina z czeskich, austriackich i niemieckich winnic. Winiarnia Filip Ml\u00fdnek, Arte Vini, Johann Wine, Skoupil, Hrdina i c\u00f3rka,\" \/>\n<meta name=\"robots\" content=\"noindex, nofollow\" \/>\n<meta property=\"og:locale\" content=\"pl_PL\" \/>\n<meta property=\"og:type\" content=\"article\" \/>\n<meta property=\"og:title\" content=\"Karta win\" \/>\n<meta property=\"og:description\" content=\"Do wyboru wina z czeskich, austriackich i niemieckich winnic. Winiarnia Filip Ml\u00fdnek, Arte Vini, Johann Wine, Skoupil, Hrdina i c\u00f3rka,\" \/>\n<meta property=\"og:url\" content=\"https:\/\/spindl.amenity.cz\/pl\/karta-win\/\" \/>\n<meta property=\"og:site_name\" content=\"\u0160pindler\u016fv Ml\u00fdn\" \/>\n<meta property=\"article:publisher\" content=\"https:\/\/www.facebook.com\/amenityresorts\" \/>\n<meta property=\"article:modified_time\" content=\"2025-08-29T11:12:15+00:00\" \/>\n<meta name=\"twitter:card\" content=\"summary_large_image\" \/>\n<script type=\"application\/ld+json\" class=\"yoast-schema-graph\">{\"@context\":\"https:\\\/\\\/schema.org\",\"@graph\":[{\"@type\":\"WebPage\",\"@id\":\"https:\\\/\\\/spindl.amenity.cz\\\/pl\\\/karta-win\\\/\",\"url\":\"https:\\\/\\\/spindl.amenity.cz\\\/pl\\\/karta-win\\\/\",\"name\":\"Karta win \u2013 restauracja Amenity \u0160pindler\u016fv Ml\u00fdn\",\"isPartOf\":{\"@id\":\"https:\\\/\\\/spindl.amenity.cz\\\/pl\\\/#website\"},\"datePublished\":\"2025-08-29T11:12:14+00:00\",\"dateModified\":\"2025-08-29T11:12:15+00:00\",\"description\":\"Do wyboru wina z czeskich, austriackich i niemieckich winnic. Winiarnia Filip Ml\u00fdnek, Arte Vini, Johann Wine, Skoupil, Hrdina i c\u00f3rka,\",\"breadcrumb\":{\"@id\":\"https:\\\/\\\/spindl.amenity.cz\\\/pl\\\/karta-win\\\/#breadcrumb\"},\"inLanguage\":\"pl-PL\",\"potentialAction\":[{\"@type\":\"ReadAction\",\"target\":[\"https:\\\/\\\/spindl.amenity.cz\\\/pl\\\/karta-win\\\/\"]}]},{\"@type\":\"BreadcrumbList\",\"@id\":\"https:\\\/\\\/spindl.amenity.cz\\\/pl\\\/karta-win\\\/#breadcrumb\",\"itemListElement\":[{\"@type\":\"ListItem\",\"position\":1,\"name\":\"Dom\u016f\",\"item\":\"https:\\\/\\\/spindl.amenity.cz\\\/pl\\\/\"},{\"@type\":\"ListItem\",\"position\":2,\"name\":\"Karta win\"}]},{\"@type\":\"WebSite\",\"@id\":\"https:\\\/\\\/spindl.amenity.cz\\\/pl\\\/#website\",\"url\":\"https:\\\/\\\/spindl.amenity.cz\\\/pl\\\/\",\"name\":\"\u0160pindler\u016fv Ml\u00fdn\",\"description\":\"\",\"publisher\":{\"@id\":\"https:\\\/\\\/spindl.amenity.cz\\\/pl\\\/#organization\"},\"potentialAction\":[{\"@type\":\"SearchAction\",\"target\":{\"@type\":\"EntryPoint\",\"urlTemplate\":\"https:\\\/\\\/spindl.amenity.cz\\\/pl\\\/?s={search_term_string}\"},\"query-input\":{\"@type\":\"PropertyValueSpecification\",\"valueRequired\":true,\"valueName\":\"search_term_string\"}}],\"inLanguage\":\"pl-PL\"},{\"@type\":\"Organization\",\"@id\":\"https:\\\/\\\/spindl.amenity.cz\\\/pl\\\/#organization\",\"name\":\"Amenity Hotel & Resort \u0160pindler\u016fv Ml\u00fdn\",\"url\":\"https:\\\/\\\/spindl.amenity.cz\\\/pl\\\/\",\"logo\":{\"@type\":\"ImageObject\",\"inLanguage\":\"pl-PL\",\"@id\":\"https:\\\/\\\/spindl.amenity.cz\\\/pl\\\/#\\\/schema\\\/logo\\\/image\\\/\",\"url\":\"http:\\\/\\\/spindl.amenity.cz\\\/wp-content\\\/uploads\\\/sites\\\/5\\\/2019\\\/09\\\/galerie-hotel_930x620_.jpg\",\"contentUrl\":\"http:\\\/\\\/spindl.amenity.cz\\\/wp-content\\\/uploads\\\/sites\\\/5\\\/2019\\\/09\\\/galerie-hotel_930x620_.jpg\",\"width\":930,\"height\":620,\"caption\":\"Amenity Hotel & Resort \u0160pindler\u016fv Ml\u00fdn\"},\"image\":{\"@id\":\"https:\\\/\\\/spindl.amenity.cz\\\/pl\\\/#\\\/schema\\\/logo\\\/image\\\/\"},\"sameAs\":[\"https:\\\/\\\/www.facebook.com\\\/amenityresorts\",\"https:\\\/\\\/www.instagram.com\\\/amenityresorts\\\/\",\"https:\\\/\\\/www.youtube.com\\\/channel\\\/UCVY-yFoyFBR8H0hC1euh7Sw\"]}]}<\/script>\n<!-- \/ Yoast SEO Premium plugin. -->","yoast_head_json":{"title":"Karta win \u2013 restauracja Amenity \u0160pindler\u016fv Ml\u00fdn","description":"Do wyboru wina z czeskich, austriackich i niemieckich winnic. Winiarnia Filip Ml\u00fdnek, Arte Vini, Johann Wine, Skoupil, Hrdina i c\u00f3rka,","robots":{"index":"noindex","follow":"nofollow"},"og_locale":"pl_PL","og_type":"article","og_title":"Karta win","og_description":"Do wyboru wina z czeskich, austriackich i niemieckich winnic. Winiarnia Filip Ml\u00fdnek, Arte Vini, Johann Wine, Skoupil, Hrdina i c\u00f3rka,","og_url":"https:\/\/spindl.amenity.cz\/pl\/karta-win\/","og_site_name":"\u0160pindler\u016fv Ml\u00fdn","article_publisher":"https:\/\/www.facebook.com\/amenityresorts","article_modified_time":"2025-08-29T11:12:15+00:00","twitter_card":"summary_large_image","schema":{"@context":"https:\/\/schema.org","@graph":[{"@type":"WebPage","@id":"https:\/\/spindl.amenity.cz\/pl\/karta-win\/","url":"https:\/\/spindl.amenity.cz\/pl\/karta-win\/","name":"Karta win \u2013 restauracja Amenity \u0160pindler\u016fv Ml\u00fdn","isPartOf":{"@id":"https:\/\/spindl.amenity.cz\/pl\/#website"},"datePublished":"2025-08-29T11:12:14+00:00","dateModified":"2025-08-29T11:12:15+00:00","description":"Do wyboru wina z czeskich, austriackich i niemieckich winnic. Winiarnia Filip Ml\u00fdnek, Arte Vini, Johann Wine, Skoupil, Hrdina i c\u00f3rka,","breadcrumb":{"@id":"https:\/\/spindl.amenity.cz\/pl\/karta-win\/#breadcrumb"},"inLanguage":"pl-PL","potentialAction":[{"@type":"ReadAction","target":["https:\/\/spindl.amenity.cz\/pl\/karta-win\/"]}]},{"@type":"BreadcrumbList","@id":"https:\/\/spindl.amenity.cz\/pl\/karta-win\/#breadcrumb","itemListElement":[{"@type":"ListItem","position":1,"name":"Dom\u016f","item":"https:\/\/spindl.amenity.cz\/pl\/"},{"@type":"ListItem","position":2,"name":"Karta win"}]},{"@type":"WebSite","@id":"https:\/\/spindl.amenity.cz\/pl\/#website","url":"https:\/\/spindl.amenity.cz\/pl\/","name":"\u0160pindler\u016fv Ml\u00fdn","description":"","publisher":{"@id":"https:\/\/spindl.amenity.cz\/pl\/#organization"},"potentialAction":[{"@type":"SearchAction","target":{"@type":"EntryPoint","urlTemplate":"https:\/\/spindl.amenity.cz\/pl\/?s={search_term_string}"},"query-input":{"@type":"PropertyValueSpecification","valueRequired":true,"valueName":"search_term_string"}}],"inLanguage":"pl-PL"},{"@type":"Organization","@id":"https:\/\/spindl.amenity.cz\/pl\/#organization","name":"Amenity Hotel & Resort \u0160pindler\u016fv Ml\u00fdn","url":"https:\/\/spindl.amenity.cz\/pl\/","logo":{"@type":"ImageObject","inLanguage":"pl-PL","@id":"https:\/\/spindl.amenity.cz\/pl\/#\/schema\/logo\/image\/","url":"http:\/\/spindl.amenity.cz\/wp-content\/uploads\/sites\/5\/2019\/09\/galerie-hotel_930x620_.jpg","contentUrl":"http:\/\/spindl.amenity.cz\/wp-content\/uploads\/sites\/5\/2019\/09\/galerie-hotel_930x620_.jpg","width":930,"height":620,"caption":"Amenity Hotel & Resort \u0160pindler\u016fv Ml\u00fdn"},"image":{"@id":"https:\/\/spindl.amenity.cz\/pl\/#\/schema\/logo\/image\/"},"sameAs":["https:\/\/www.facebook.com\/amenityresorts","https:\/\/www.instagram.com\/amenityresorts\/","https:\/\/www.youtube.com\/channel\/UCVY-yFoyFBR8H0hC1euh7Sw"]}]}},"_links":{"self":[{"href":"https:\/\/spindl.amenity.cz\/pl\/wp-json\/wp\/v2\/pages\/12813","targetHints":{"allow":["GET"]}}],"collection":[{"href":"https:\/\/spindl.amenity.cz\/pl\/wp-json\/wp\/v2\/pages"}],"about":[{"href":"https:\/\/spindl.amenity.cz\/pl\/wp-json\/wp\/v2\/types\/page"}],"author":[{"embeddable":true,"href":"https:\/\/spindl.amenity.cz\/pl\/wp-json\/wp\/v2\/users\/2"}],"replies":[{"embeddable":true,"href":"https:\/\/spindl.amenity.cz\/pl\/wp-json\/wp\/v2\/comments?post=12813"}],"version-history":[{"count":2,"href":"https:\/\/spindl.amenity.cz\/pl\/wp-json\/wp\/v2\/pages\/12813\/revisions"}],"predecessor-version":[{"id":12815,"href":"https:\/\/spindl.amenity.cz\/pl\/wp-json\/wp\/v2\/pages\/12813\/revisions\/12815"}],"wp:attachment":[{"href":"https:\/\/spindl.amenity.cz\/pl\/wp-json\/wp\/v2\/media?parent=12813"}],"curies":[{"name":"wp","href":"https:\/\/api.w.org\/{rel}","templated":true}]}}