{"id":12819,"date":"2025-08-29T13:30:43","date_gmt":"2025-08-29T11:30:43","guid":{"rendered":"https:\/\/spindl.amenity.cz\/masaze\/"},"modified":"2025-08-29T13:30:43","modified_gmt":"2025-08-29T11:30:43","slug":"masaze","status":"publish","type":"page","link":"https:\/\/spindl.amenity.cz\/pl\/masaze\/","title":{"rendered":"Masa\u017ce"},"content":{"rendered":"<div class=\"wpb-content-wrapper\"><p>[vc_row][vc_column][\/vc_column][\/vc_row][vc_row full_width=&#8221;stretch_row_content_no_spaces&#8221;][vc_column]<div  class=\"empty-space  marg-lg-b35 marg-xs-b50\"><\/div>[\/vc_column][\/vc_row][vc_row][vc_column]<div class=\"text-block \" ><div class=\"simple-text \"><h1 style=\"text-align: center;\">Cennik masa\u017cy<\/h1>\n<p style=\"text-align: center;\">Masa\u017ce w Amenity Hotel &amp; Resort Szpindlerowy M\u0142yn. Wybierz jeden z wielu oferowanych masa\u017cy i na\u0142aduj baterie. <\/p>\n<\/div><\/div>[\/vc_column][\/vc_row][vc_row][vc_column]<div  class=\"empty-space  marg-lg-b25 marg-xs-b50\"><\/div>[vc_separator color=&#8221;custom&#8221; border_width=&#8221;2&#8243; el_width=&#8221;50&#8243; accent_color=&#8221;#c7b39a&#8221;]<div  class=\"empty-space  marg-lg-b10 marg-xs-b50\"><\/div>[\/vc_column][\/vc_row][vc_row][vc_column width=&#8221;1\/2&#8243;]<div class=\"text-block \" ><div class=\"simple-text \"><table>\n<tbody>\n<tr bgcolor=\"#542413\">\n<td width=\"221\"><span style=\"color: #ffffff;\"><strong>Nazwa<\/strong><\/span><\/td>\n<td width=\"86\"><span style=\"color: #ffffff;\"><strong>czas trwania<\/strong><\/span><\/td>\n<td width=\"57\"><span style=\"color: #ffffff;\"><strong>cena *<\/strong><\/span><\/td>\n<\/tr>\n<tr>\n<td width=\"221\">Ca\u0142kowity masa\u017c aromatyczny<br \/>\nCz\u0119\u015bciowy masa\u017c aromatyczny plec\u00f3w i karku<br \/>\nMasa\u017c kamieniami lawowymi<\/td>\n<td width=\"86\"><strong>60 min.<\/strong><br \/>\n<strong>30 min.<\/strong><br \/>\n<strong>60 min.<\/strong><\/td>\n<td width=\"57\"><strong>1 200 CZK<\/strong><br \/>\n<strong>600 CZK<\/strong><br \/>\n<strong>1 800 CZK<\/strong><\/td>\n<\/tr>\n<\/tbody>\n<\/table>\n<\/div><\/div>[\/vc_column][vc_column width=&#8221;1\/2&#8243;]<div class=\"text-block \" ><div class=\"simple-text \"><p style=\"text-align: center;\"><strong><img loading=\"lazy\" decoding=\"async\" class=\"alignnone wp-image-2783\" src=\"http:\/\/spindl.amenity.cz\/wp-content\/uploads\/sites\/5\/2019\/09\/masaze-300x201.jpg\" alt=\"\" width=\"270\" height=\"181\" srcset=\"https:\/\/spindl.amenity.cz\/wp-content\/uploads\/sites\/5\/2019\/09\/masaze-300x201.jpg 300w, https:\/\/spindl.amenity.cz\/wp-content\/uploads\/sites\/5\/2019\/09\/masaze.jpg 350w\" sizes=\"auto, (max-width: 270px) 100vw, 270px\" \/><\/strong><\/p>\n<\/div><\/div>[\/vc_column][\/vc_row][vc_row][vc_column width=&#8221;1\/2&#8243;]<div class=\"text-block \" ><div class=\"simple-text \"><p><strong>Masa\u017c aromatyczny<\/strong><\/p>\n<p>Ten delikatny masa\u017c \u0142\u0105czy w sobie dzia\u0142anie samego masa\u017cu z terapeutycznym dzia\u0142aniem olejk\u00f3w eterycznych. Technika masa\u017cu dzia\u0142a rozlu\u017aniaj\u0105co na cia\u0142o i umys\u0142, prowadz\u0105c do g\u0142\u0119bokiego relaksu i zapocz\u0105tkowania procesu samoleczenia w ca\u0142ym ciele. Po\u0142\u0105czenie delikatnego masa\u017cu i przyjemnych zapach\u00f3w wywo\u0142uje uczucie lekko\u015bci i g\u0142\u0119bokiego relaksu zar\u00f3wno fizycznego, jak i psychicznego.<\/p>\n<\/div><\/div>[\/vc_column][vc_column width=&#8221;1\/2&#8243;][\/vc_column][\/vc_row]<\/p>\n<\/div>","protected":false},"excerpt":{"rendered":"<p>[vc_row][vc_column][\/vc_column][\/vc_row][vc_row full_width=&#8221;stretch_row_content_no_spaces&#8221;][vc_column][\/vc_column][\/vc_row][vc_row][vc_column][\/vc_column][\/vc_row][vc_row][vc_column][vc_separator color=&#8221;custom&#8221; border_width=&#8221;2&#8243; el_width=&#8221;50&#8243; accent_color=&#8221;#c7b39a&#8221;][\/vc_column][\/vc_row][vc_row][vc_column width=&#8221;1\/2&#8243;][\/vc_column][vc_column width=&#8221;1\/2&#8243;][\/vc_column][\/vc_row][vc_row][vc_column width=&#8221;1\/2&#8243;][\/vc_column][vc_column width=&#8221;1\/2&#8243;][\/vc_column][\/vc_row]<\/p>\n","protected":false},"author":2,"featured_media":0,"parent":0,"menu_order":0,"comment_status":"closed","ping_status":"closed","template":"","meta":{"footnotes":""},"class_list":["post-12819","page","type-page","status-publish","hentry"],"yoast_head":"<!-- This site is optimized with the Yoast SEO Premium plugin v27.3 (Yoast SEO v27.3) - https:\/\/yoast.com\/product\/yoast-seo-premium-wordpress\/ -->\n<title>Masa\u017ce Szpindlerowy M\u0142yn - o\u015brodek wypoczynkowy Szpindlerowy M\u0142yn<\/title>\n<meta name=\"description\" content=\"Masa\u017ce Szpindlerowy M\u0142yn. Wybierz jeden z wielu oferowanych masa\u017cy i na\u0142aduj baterie. Wypr\u00f3buj nasze wellness.\" \/>\n<meta name=\"robots\" content=\"index, follow, max-snippet:-1, max-image-preview:large, max-video-preview:-1\" \/>\n<link rel=\"canonical\" href=\"https:\/\/spindl.amenity.cz\/pl\/masaze\/\" \/>\n<meta property=\"og:locale\" content=\"pl_PL\" \/>\n<meta property=\"og:type\" content=\"article\" \/>\n<meta property=\"og:title\" content=\"Masa\u017ce\" \/>\n<meta property=\"og:description\" content=\"Masa\u017ce Szpindlerowy M\u0142yn. Wybierz jeden z wielu oferowanych masa\u017cy i na\u0142aduj baterie. Wypr\u00f3buj nasze wellness.\" \/>\n<meta property=\"og:url\" content=\"https:\/\/spindl.amenity.cz\/pl\/masaze\/\" \/>\n<meta property=\"og:site_name\" content=\"\u0160pindler\u016fv Ml\u00fdn\" \/>\n<meta property=\"article:publisher\" content=\"https:\/\/www.facebook.com\/amenityresorts\" \/>\n<meta property=\"og:image\" content=\"http:\/\/spindl.amenity.cz\/wp-content\/uploads\/sites\/5\/2019\/09\/masaze-300x201.jpg\" \/>\n<meta name=\"twitter:card\" content=\"summary_large_image\" \/>\n<meta name=\"twitter:label1\" content=\"Szacowany czas czytania\" \/>\n\t<meta name=\"twitter:data1\" content=\"1 minuta\" \/>\n<script type=\"application\/ld+json\" class=\"yoast-schema-graph\">{\"@context\":\"https:\\\/\\\/schema.org\",\"@graph\":[{\"@type\":\"WebPage\",\"@id\":\"https:\\\/\\\/spindl.amenity.cz\\\/pl\\\/masaze\\\/\",\"url\":\"https:\\\/\\\/spindl.amenity.cz\\\/pl\\\/masaze\\\/\",\"name\":\"Masa\u017ce Szpindlerowy M\u0142yn - o\u015brodek wypoczynkowy Szpindlerowy M\u0142yn\",\"isPartOf\":{\"@id\":\"https:\\\/\\\/spindl.amenity.cz\\\/pl\\\/#website\"},\"primaryImageOfPage\":{\"@id\":\"https:\\\/\\\/spindl.amenity.cz\\\/pl\\\/masaze\\\/#primaryimage\"},\"image\":{\"@id\":\"https:\\\/\\\/spindl.amenity.cz\\\/pl\\\/masaze\\\/#primaryimage\"},\"thumbnailUrl\":\"http:\\\/\\\/spindl.amenity.cz\\\/wp-content\\\/uploads\\\/sites\\\/5\\\/2019\\\/09\\\/masaze-300x201.jpg\",\"datePublished\":\"2025-08-29T11:30:43+00:00\",\"description\":\"Masa\u017ce Szpindlerowy M\u0142yn. Wybierz jeden z wielu oferowanych masa\u017cy i na\u0142aduj baterie. Wypr\u00f3buj nasze wellness.\",\"breadcrumb\":{\"@id\":\"https:\\\/\\\/spindl.amenity.cz\\\/pl\\\/masaze\\\/#breadcrumb\"},\"inLanguage\":\"pl-PL\",\"potentialAction\":[{\"@type\":\"ReadAction\",\"target\":[\"https:\\\/\\\/spindl.amenity.cz\\\/pl\\\/masaze\\\/\"]}]},{\"@type\":\"ImageObject\",\"inLanguage\":\"pl-PL\",\"@id\":\"https:\\\/\\\/spindl.amenity.cz\\\/pl\\\/masaze\\\/#primaryimage\",\"url\":\"http:\\\/\\\/spindl.amenity.cz\\\/wp-content\\\/uploads\\\/sites\\\/5\\\/2019\\\/09\\\/masaze-300x201.jpg\",\"contentUrl\":\"http:\\\/\\\/spindl.amenity.cz\\\/wp-content\\\/uploads\\\/sites\\\/5\\\/2019\\\/09\\\/masaze-300x201.jpg\"},{\"@type\":\"BreadcrumbList\",\"@id\":\"https:\\\/\\\/spindl.amenity.cz\\\/pl\\\/masaze\\\/#breadcrumb\",\"itemListElement\":[{\"@type\":\"ListItem\",\"position\":1,\"name\":\"Dom\u016f\",\"item\":\"https:\\\/\\\/spindl.amenity.cz\\\/pl\\\/\"},{\"@type\":\"ListItem\",\"position\":2,\"name\":\"Masa\u017ce\"}]},{\"@type\":\"WebSite\",\"@id\":\"https:\\\/\\\/spindl.amenity.cz\\\/pl\\\/#website\",\"url\":\"https:\\\/\\\/spindl.amenity.cz\\\/pl\\\/\",\"name\":\"\u0160pindler\u016fv Ml\u00fdn\",\"description\":\"\",\"publisher\":{\"@id\":\"https:\\\/\\\/spindl.amenity.cz\\\/pl\\\/#organization\"},\"potentialAction\":[{\"@type\":\"SearchAction\",\"target\":{\"@type\":\"EntryPoint\",\"urlTemplate\":\"https:\\\/\\\/spindl.amenity.cz\\\/pl\\\/?s={search_term_string}\"},\"query-input\":{\"@type\":\"PropertyValueSpecification\",\"valueRequired\":true,\"valueName\":\"search_term_string\"}}],\"inLanguage\":\"pl-PL\"},{\"@type\":\"Organization\",\"@id\":\"https:\\\/\\\/spindl.amenity.cz\\\/pl\\\/#organization\",\"name\":\"Amenity Hotel & Resort \u0160pindler\u016fv Ml\u00fdn\",\"url\":\"https:\\\/\\\/spindl.amenity.cz\\\/pl\\\/\",\"logo\":{\"@type\":\"ImageObject\",\"inLanguage\":\"pl-PL\",\"@id\":\"https:\\\/\\\/spindl.amenity.cz\\\/pl\\\/#\\\/schema\\\/logo\\\/image\\\/\",\"url\":\"http:\\\/\\\/spindl.amenity.cz\\\/wp-content\\\/uploads\\\/sites\\\/5\\\/2019\\\/09\\\/galerie-hotel_930x620_.jpg\",\"contentUrl\":\"http:\\\/\\\/spindl.amenity.cz\\\/wp-content\\\/uploads\\\/sites\\\/5\\\/2019\\\/09\\\/galerie-hotel_930x620_.jpg\",\"width\":930,\"height\":620,\"caption\":\"Amenity Hotel & Resort \u0160pindler\u016fv Ml\u00fdn\"},\"image\":{\"@id\":\"https:\\\/\\\/spindl.amenity.cz\\\/pl\\\/#\\\/schema\\\/logo\\\/image\\\/\"},\"sameAs\":[\"https:\\\/\\\/www.facebook.com\\\/amenityresorts\",\"https:\\\/\\\/www.instagram.com\\\/amenityresorts\\\/\",\"https:\\\/\\\/www.youtube.com\\\/channel\\\/UCVY-yFoyFBR8H0hC1euh7Sw\"]}]}<\/script>\n<!-- \/ Yoast SEO Premium plugin. -->","yoast_head_json":{"title":"Masa\u017ce Szpindlerowy M\u0142yn - o\u015brodek wypoczynkowy Szpindlerowy M\u0142yn","description":"Masa\u017ce Szpindlerowy M\u0142yn. Wybierz jeden z wielu oferowanych masa\u017cy i na\u0142aduj baterie. Wypr\u00f3buj nasze wellness.","robots":{"index":"index","follow":"follow","max-snippet":"max-snippet:-1","max-image-preview":"max-image-preview:large","max-video-preview":"max-video-preview:-1"},"canonical":"https:\/\/spindl.amenity.cz\/pl\/masaze\/","og_locale":"pl_PL","og_type":"article","og_title":"Masa\u017ce","og_description":"Masa\u017ce Szpindlerowy M\u0142yn. Wybierz jeden z wielu oferowanych masa\u017cy i na\u0142aduj baterie. Wypr\u00f3buj nasze wellness.","og_url":"https:\/\/spindl.amenity.cz\/pl\/masaze\/","og_site_name":"\u0160pindler\u016fv Ml\u00fdn","article_publisher":"https:\/\/www.facebook.com\/amenityresorts","og_image":[{"url":"http:\/\/spindl.amenity.cz\/wp-content\/uploads\/sites\/5\/2019\/09\/masaze-300x201.jpg","type":"","width":"","height":""}],"twitter_card":"summary_large_image","twitter_misc":{"Szacowany czas czytania":"1 minuta"},"schema":{"@context":"https:\/\/schema.org","@graph":[{"@type":"WebPage","@id":"https:\/\/spindl.amenity.cz\/pl\/masaze\/","url":"https:\/\/spindl.amenity.cz\/pl\/masaze\/","name":"Masa\u017ce Szpindlerowy M\u0142yn - o\u015brodek wypoczynkowy Szpindlerowy M\u0142yn","isPartOf":{"@id":"https:\/\/spindl.amenity.cz\/pl\/#website"},"primaryImageOfPage":{"@id":"https:\/\/spindl.amenity.cz\/pl\/masaze\/#primaryimage"},"image":{"@id":"https:\/\/spindl.amenity.cz\/pl\/masaze\/#primaryimage"},"thumbnailUrl":"http:\/\/spindl.amenity.cz\/wp-content\/uploads\/sites\/5\/2019\/09\/masaze-300x201.jpg","datePublished":"2025-08-29T11:30:43+00:00","description":"Masa\u017ce Szpindlerowy M\u0142yn. Wybierz jeden z wielu oferowanych masa\u017cy i na\u0142aduj baterie. Wypr\u00f3buj nasze wellness.","breadcrumb":{"@id":"https:\/\/spindl.amenity.cz\/pl\/masaze\/#breadcrumb"},"inLanguage":"pl-PL","potentialAction":[{"@type":"ReadAction","target":["https:\/\/spindl.amenity.cz\/pl\/masaze\/"]}]},{"@type":"ImageObject","inLanguage":"pl-PL","@id":"https:\/\/spindl.amenity.cz\/pl\/masaze\/#primaryimage","url":"http:\/\/spindl.amenity.cz\/wp-content\/uploads\/sites\/5\/2019\/09\/masaze-300x201.jpg","contentUrl":"http:\/\/spindl.amenity.cz\/wp-content\/uploads\/sites\/5\/2019\/09\/masaze-300x201.jpg"},{"@type":"BreadcrumbList","@id":"https:\/\/spindl.amenity.cz\/pl\/masaze\/#breadcrumb","itemListElement":[{"@type":"ListItem","position":1,"name":"Dom\u016f","item":"https:\/\/spindl.amenity.cz\/pl\/"},{"@type":"ListItem","position":2,"name":"Masa\u017ce"}]},{"@type":"WebSite","@id":"https:\/\/spindl.amenity.cz\/pl\/#website","url":"https:\/\/spindl.amenity.cz\/pl\/","name":"\u0160pindler\u016fv Ml\u00fdn","description":"","publisher":{"@id":"https:\/\/spindl.amenity.cz\/pl\/#organization"},"potentialAction":[{"@type":"SearchAction","target":{"@type":"EntryPoint","urlTemplate":"https:\/\/spindl.amenity.cz\/pl\/?s={search_term_string}"},"query-input":{"@type":"PropertyValueSpecification","valueRequired":true,"valueName":"search_term_string"}}],"inLanguage":"pl-PL"},{"@type":"Organization","@id":"https:\/\/spindl.amenity.cz\/pl\/#organization","name":"Amenity Hotel & Resort \u0160pindler\u016fv Ml\u00fdn","url":"https:\/\/spindl.amenity.cz\/pl\/","logo":{"@type":"ImageObject","inLanguage":"pl-PL","@id":"https:\/\/spindl.amenity.cz\/pl\/#\/schema\/logo\/image\/","url":"http:\/\/spindl.amenity.cz\/wp-content\/uploads\/sites\/5\/2019\/09\/galerie-hotel_930x620_.jpg","contentUrl":"http:\/\/spindl.amenity.cz\/wp-content\/uploads\/sites\/5\/2019\/09\/galerie-hotel_930x620_.jpg","width":930,"height":620,"caption":"Amenity Hotel & Resort \u0160pindler\u016fv Ml\u00fdn"},"image":{"@id":"https:\/\/spindl.amenity.cz\/pl\/#\/schema\/logo\/image\/"},"sameAs":["https:\/\/www.facebook.com\/amenityresorts","https:\/\/www.instagram.com\/amenityresorts\/","https:\/\/www.youtube.com\/channel\/UCVY-yFoyFBR8H0hC1euh7Sw"]}]}},"_links":{"self":[{"href":"https:\/\/spindl.amenity.cz\/pl\/wp-json\/wp\/v2\/pages\/12819","targetHints":{"allow":["GET"]}}],"collection":[{"href":"https:\/\/spindl.amenity.cz\/pl\/wp-json\/wp\/v2\/pages"}],"about":[{"href":"https:\/\/spindl.amenity.cz\/pl\/wp-json\/wp\/v2\/types\/page"}],"author":[{"embeddable":true,"href":"https:\/\/spindl.amenity.cz\/pl\/wp-json\/wp\/v2\/users\/2"}],"replies":[{"embeddable":true,"href":"https:\/\/spindl.amenity.cz\/pl\/wp-json\/wp\/v2\/comments?post=12819"}],"version-history":[{"count":2,"href":"https:\/\/spindl.amenity.cz\/pl\/wp-json\/wp\/v2\/pages\/12819\/revisions"}],"predecessor-version":[{"id":12821,"href":"https:\/\/spindl.amenity.cz\/pl\/wp-json\/wp\/v2\/pages\/12819\/revisions\/12821"}],"wp:attachment":[{"href":"https:\/\/spindl.amenity.cz\/pl\/wp-json\/wp\/v2\/media?parent=12819"}],"curies":[{"name":"wp","href":"https:\/\/api.w.org\/{rel}","templated":true}]}}