{"id":12839,"date":"2025-08-29T14:08:21","date_gmt":"2025-08-29T12:08:21","guid":{"rendered":"https:\/\/spindl.amenity.cz\/dla-wody-do-szpindlerowego-mlyna\/"},"modified":"2025-08-29T14:08:25","modified_gmt":"2025-08-29T12:08:25","slug":"dla-wody-do-szpindlerowego-mlyna","status":"publish","type":"page","link":"https:\/\/spindl.amenity.cz\/pl\/dla-wody-do-szpindlerowego-mlyna\/","title":{"rendered":"Dla wody do Szpindlerowego M\u0142yna"},"content":{"rendered":"<div class=\"wpb-content-wrapper\"><p>[vc_row][vc_column][\/vc_column][\/vc_row][vc_row full_width=&#8221;stretch_row_content_no_spaces&#8221; css=&#8221;.vc_custom_1566337701061{background-color: #c7b39a !important;}&#8221;][vc_column]<div  class=\"empty-space  marg-lg-b10\"><\/div>[\/vc_column][\/vc_row][vc_row][vc_column]<div  class=\"empty-space  marg-lg-b35\"><\/div>[vc_separator color=&#8221;custom&#8221; border_width=&#8221;2&#8243; el_width=&#8221;50&#8243; accent_color=&#8221;#c7b39a&#8221;]<div  class=\"main-heading\"><span class=\"subtitle\">Amenity Hotel &amp; Resort \u0160pindler\u016fv Ml\u00fdn<\/span><h2 class=\"title\">Letn\u00ed osv\u011b\u017een\u00ed ve \u0160pindlerov\u011b Ml\u00fdn\u011b<\/h2><\/div><div  class=\"empty-space  marg-lg-b25\"><\/div>[vc_separator color=&#8221;custom&#8221; border_width=&#8221;2&#8243; el_width=&#8221;50&#8243; accent_color=&#8221;#c7b39a&#8221;]<div class=\"text-block \" ><div class=\"simple-text \"><p style=\"text-align: center;\"><strong>Czy kiedykolwiek my\u015bla\u0142e\u015b o wyje\u017adzie w g\u00f3ry latem, nie odmawiaj\u0105c sobie wodnej rozrywki?<\/strong><\/p>\n<p style=\"text-align: center;\">W g\u00f3rach znajdziesz przyjemniejsze temperatury ni\u017c na nizinach, las zapewni ci cie\u0144, a rzeka i wodospady orze\u017awi\u0105 ci\u0119 i zaoferuj\u0105 przyjemny spektakl. Ponadto znajdziesz tu wiele ciekawych miejsc i rozrywek, kt\u00f3rych nie do\u015bwiadczysz nigdzie indziej. <\/p>\n<p style=\"text-align: center;\">Przygotowali\u015bmy przegl\u0105d atrakcji w okolicy i niezliczonych pi\u0119knych karkonoskich wodospad\u00f3w. Niekt\u00f3re z nich mo\u017cna odwiedzi\u0107 pieszo, inne rowerem lub samochodem. <\/p>\n<\/div><\/div><div  class=\"empty-space  marg-lg-b25\"><\/div>[vc_separator color=&#8221;custom&#8221; border_width=&#8221;2&#8243; el_width=&#8221;50&#8243; accent_color=&#8221;#c7b39a&#8221;]<div  class=\"empty-space  marg-lg-b35\"><\/div>[\/vc_column][\/vc_row][vc_row][vc_column width=&#8221;1\/2&#8243;]<div class=\"text-block \" ><div class=\"simple-text \"><h3 style=\"text-align: center;\">Dam<br \/>\nElbe<\/h3>\n<\/div><\/div>[vc_separator color=&#8221;custom&#8221; border_width=&#8221;2&#8243; el_width=&#8221;30&#8243; accent_color=&#8221;#c7b39a&#8221;][vc_single_image image=&#8221;12892&#8243; img_size=&#8221;full&#8221; alignment=&#8221;center&#8221;]<div class=\"text-block \" ><div class=\"simple-text \"><p><strong>Spacer wzd\u0142u\u017c tamy<\/strong><br \/>\nMi\u0142o\u015bnicy turystyki pieszej b\u0119d\u0105 zadowoleni z wycieczki na trasie Labsk\u00e1 p\u0159ehrada &#8211; \u0160pindler\u016fv Ml\u00fdn, kt\u00f3ra zajmuje oko\u0142o dw\u00f3ch godzin tam iz powrotem. Rodzice z ma\u0142ymi dzie\u0107mi i matki z w\u00f3zkami mog\u0105 wybra\u0107 si\u0119 na t\u0119 tras\u0119, nie jest to wymagaj\u0105ca trasa.<\/p>\n<\/div><\/div>[\/vc_column][vc_column width=&#8221;1\/2&#8243;]<div class=\"text-block \" ><div class=\"simple-text \"><h3 style=\"text-align: center;\">Labsk\u00fd<br \/>\nd\u016fl<\/h3>\n<\/div><\/div>[vc_separator color=&#8221;custom&#8221; border_width=&#8221;2&#8243; el_width=&#8221;30&#8243; accent_color=&#8221;#c7b39a&#8221;][vc_single_image image=&#8221;12886&#8243; img_size=&#8221;full&#8221; alignment=&#8221;center&#8221;]<div class=\"text-block \" ><div class=\"simple-text \"><hr>\n<p><strong>Imperium wodospad\u00f3w<\/strong><br \/>\nLabsk\u00fd d\u016fl ma osiem kilometr\u00f3w d\u0142ugo\u015bci i jest cz\u0119\u015bci\u0105 Karkonoskiego Parku Narodowego. Pod koniec XIX wieku hrabia Harrach zbudowa\u0142 tu drog\u0119 \u0142\u0105cz\u0105c\u0105 Szpindlerowy M\u0142yn z \u0141absk\u0105 Boud\u0105, tak zwan\u0105 Harrachovsk\u0105 Cest\u0119. W 1904 roku za\u0142o\u017cy\u0142 pierwszy rezerwat przyrody w Karkonoszach na p\u00f3\u0142nocnym zboczu w pobli\u017cu jaskini. To, co z pewno\u015bci\u0105 spodoba si\u0119 w Labskim Dole, to wodospad \u0141aby, najwi\u0119kszy wodospad Pan\u010davy, Labski w\u0105w\u00f3z i Labskie jamy. Wyst\u0119puj\u0105ca tu flora jest bardzo zr\u00f3\u017cnicowana, z alpejskimi \u0142\u0105kami i \u015bwierkami. W pobli\u017cu kopalni znajduje si\u0119 jaskinia Klejnot Krakono\u0161a.       <\/p>\n<p><strong>Wskaz\u00f3wka na wycieczk\u0119<\/strong><br \/>\nJe\u015bli planujesz przejecha\u0107 przez Dolin\u0119 \u0141aby, zatrzymaj si\u0119 przy \u017ar\u00f3dle \u0141aby po wej\u015bciu na Harrachov\u0105 \u015bcie\u017ck\u0119 do Labskiej boudy. Z powrotem mo\u017cna wr\u00f3ci\u0107 czerwonym szlakiem obok wodospadu Pan\u010davsk\u00fd, kopca Han\u010d i Vrbata, przez Zlat\u00e9 vrch\u0161\u00ed (Z\u0142ote Wzg\u00f3rze) do Szpindlerowego M\u0142yna. Trasa ma d\u0142ugo\u015b\u0107 18 kilometr\u00f3w. A je\u015bli nie jeste\u015b przywi\u0105zany do jednego punktu wyj\u015bcia, mo\u017cesz uda\u0107 si\u0119 a\u017c do Harrachova do wodospad\u00f3w Mumlava z Lu\u010dn\u00ed Bouda dalej wzd\u0142u\u017c niebieskiego szlaku turystycznego. Ta bardzo popularna trasa ma d\u0142ugo\u015b\u0107 19 kilometr\u00f3w.    <\/p>\n<p>\u0179r\u00f3d\u0142o: www.vodopady.info<\/p>\n<\/div><\/div><div  class=\"empty-space  marg-lg-b25\"><\/div><div class=\"text-center\"><a  class=\"btn btn--md btn--normal\" href=\"http:\/\/spindl.amenity.cz\/vodopady-v-okoli-spindlerova-mlyna\/\" title=\"Vodop\u00e1dy v okol\u00ed \u0160pindlerova Ml\u00fdna\" target=\"_self\">TIPY NA VODOP\u00c1DY<\/a><\/div><div  class=\"empty-space  marg-lg-b25\"><\/div>[\/vc_column][\/vc_row][vc_row][vc_column]<div  class=\"empty-space  marg-lg-b25\"><\/div><div  class=\"empty-space  marg-lg-b25\"><\/div>[\/vc_column][\/vc_row][vc_row][vc_column width=&#8221;1\/3&#8243;]<div class=\"text-block \" ><div class=\"simple-text \"><h3 style=\"text-align: center;\">Rafting<br \/>\nDzie\u0144 na rzece<\/h3>\n<\/div><\/div>[vc_separator color=&#8221;custom&#8221; border_width=&#8221;2&#8243; el_width=&#8221;30&#8243; accent_color=&#8221;#c7b39a&#8221;][vc_single_image image=&#8221;12888&#8243; img_size=&#8221;full&#8221; alignment=&#8221;center&#8221;]<div class=\"text-block \" ><div class=\"simple-text \"><p>Bardzo \u0142atwy rafting odpowiedni dla rodzin z dzie\u0107mi. Transport do miejscowo\u015bci Mal\u00e1 sk\u00e1la i p\u00f3\u017aniejszy sp\u0142yw rzek\u0105 Izer\u0105 pod nadzorem instruktora zapewni przyjemny i relaksuj\u0105cy dzie\u0144 na rzece w obj\u0119ciach obszaru chronionego krajobrazu Czeski Raj. Komfort na wodzie, czyli jak kontrolowa\u0107 \u0142\u00f3d\u017a i co zrobi z nami rzeka.  <\/p>\n<p>Chcesz uczyni\u0107 sw\u00f3j dzie\u0144 jeszcze bardziej interesuj\u0105cym? Mo\u017cemy zatrzyma\u0107 si\u0119 w Jaskiniach Bozkovskich i zobaczy\u0107 najwi\u0119ksze podziemne jezioro w Czechach. Jaskinie te zosta\u0142y uznane za Narodowy Pomnik Przyrody ze wzgl\u0119du na ich wyj\u0105tkowo\u015b\u0107.  <\/p>\n<p>Rafting to ca\u0142odniowy program, trwaj\u0105cy od oko\u0142o 10:00 do 15:00.<\/p>\n<\/div><\/div><div  class=\"empty-space  marg-lg-b25\"><\/div>[\/vc_column][vc_column width=&#8221;1\/3&#8243;]<div class=\"text-block \" ><div class=\"simple-text \"><h3 style=\"text-align: center;\">Aquazorbing<br \/>\nChodzenie po wodzie<\/h3>\n<\/div><\/div>[vc_separator color=&#8221;custom&#8221; border_width=&#8221;2&#8243; el_width=&#8221;30&#8243; accent_color=&#8221;#c7b39a&#8221;][vc_single_image image=&#8221;12889&#8243; img_size=&#8221;full&#8221; alignment=&#8221;center&#8221;]<div class=\"text-block \" ><div class=\"simple-text \"><p><strong>Niekonwencjonalna zabawa<\/strong><br \/>\nSpr\u00f3buj czego\u015b nowego. Aquazorbing to bardzo zabawne i nietypowe do\u015bwiadczenie. Spaceruj po powierzchni wody, pr\u00f3buj salta, obroty i sztuczki, o kt\u00f3rych nigdy nie \u015bni\u0142by\u015b na l\u0105dzie. Zabierz rodzin\u0119 i przyjaci\u00f3\u0142.   <\/p>\n<p><strong>Jak to dzia\u0142a?<\/strong><br \/>\nU\u017cytkownik jest zamkni\u0119ty w nadmuchiwanej kuli wykonanej z przezroczystego materia\u0142u PVC, kt\u00f3ra jest nast\u0119pnie nadmuchiwana i wypuszczana na powierzchni\u0119 wody.<\/p>\n<p><strong>Bezpiecze\u0144stwo<\/strong><br \/>\nDo\u015bwiadczeni instruktorzy przez ca\u0142y czas czuwaj\u0105 nad Twoim bezpiecze\u0144stwem. Pi\u0142ka jest zar\u00f3wno wodoodporna, jak i hermetyczna, z wystarczaj\u0105c\u0105 ilo\u015bci\u0105 powietrza w \u015brodku, aby wytrzyma\u0107 kilka razy d\u0142u\u017cej ni\u017c czas trwania aktywno\u015bci.<\/p>\n<\/div><\/div><div  class=\"empty-space  marg-lg-b25\"><\/div>[\/vc_column][vc_column width=&#8221;1\/3&#8243;]<div class=\"text-block \" ><div class=\"simple-text \"><h3 style=\"text-align: center;\">Summer<br \/>\nTubing<\/h3>\n<\/div><\/div>[vc_separator color=&#8221;custom&#8221; border_width=&#8221;2&#8243; el_width=&#8221;30&#8243; accent_color=&#8221;#c7b39a&#8221;][vc_single_image image=&#8221;12887&#8243; img_size=&#8221;full&#8221; alignment=&#8221;center&#8221;]<div class=\"text-block \" ><div class=\"simple-text \"><p><strong>Summertubing jest podobny do snowtubingu, gdzie zje\u017cd\u017ca si\u0119 w przygotowanej rynnie wy\u0142o\u017conej specjalnymi matami.<\/strong><\/p>\n<p>W niewielkiej odleg\u0142o\u015bci od centrum Szpindlerowego M\u0142yna znajduje si\u0119 200-metrowa rynna z kilkoma ostrymi zakr\u0119tami, gdzie mo\u017cna do\u015bwiadczy\u0107 wiele zabawy i rozrywki. Atrakcja spodoba si\u0119 wszystkim grupom wiekowym. Najm\u0142odsze dzieci (do oko\u0142o 3 lat) zje\u017cd\u017caj\u0105 razem z rodzicami, starsze je\u017cd\u017c\u0105 same.  <\/p>\n<p>Mo\u017cesz dosta\u0107 si\u0119 na pocz\u0105tek zje\u017cd\u017calni wygodnie siedz\u0105c, specjalna winda rurowa zabierze Ci\u0119 tam. Nast\u0119pnie zje\u017cd\u017calnia zje\u017cd\u017ca sama. <\/p>\n<p>Godziny otwarcia: od \u015brody do niedzieli 12:00 &#8211; 19:00<\/p>\n<\/div><\/div><div  class=\"empty-space  marg-lg-b25\"><\/div>[\/vc_column][\/vc_row][vc_row][vc_column]<div  class=\"empty-space  marg-lg-b35\"><\/div>[vc_separator color=&#8221;custom&#8221; border_width=&#8221;2&#8243; el_width=&#8221;50&#8243; accent_color=&#8221;#c7b39a&#8221;]<div  class=\"main-heading\"><span class=\"subtitle\">Tipy na aktivity a z\u00e1bavu v okol\u00ed resortu<\/span><h2 class=\"title\">Prozkoumejte dal\u0161\u00ed mo\u017enosti aktivit a z\u00e1bavy<\/h2><\/div><div  class=\"empty-space  marg-lg-b25\"><\/div>[vc_separator color=&#8221;custom&#8221; border_width=&#8221;2&#8243; el_width=&#8221;50&#8243; accent_color=&#8221;#c7b39a&#8221;]<div class=\"text-center\"><a  class=\"btn btn--md btn--normal\" href=\"http:\/\/spindl.amenity.cz\/aktivity\/\" title=\"Aktivity\" target=\"_self\">Zjistit v\u00edce o aktivit\u00e1ch a z\u00e1bav\u011b<\/a><\/div><div  class=\"empty-space  marg-lg-b25\"><\/div><div class=\"text-center\"><a  class=\"btn btn--md btn--normal\" href=\"http:\/\/spindl.amenity.cz\/zajimava-mista-v-okoli\/\" title=\"Zaj\u00edmav\u00e1 m\u00edsta v okol\u00ed \u0160pindlerova Ml\u00fdna\" target=\"_self\">Zaj\u00edmav\u00e1 m\u00edsta v okol\u00ed<\/a><\/div><div  class=\"empty-space  marg-lg-b25\"><\/div><div class=\"text-center\"><a  class=\"btn btn--md btn--normal\" href=\"https:\/\/spindl.amenity.cz\/letni-dovolena-na-horach\/\" title=\"Letn\u00ed dovolen\u00e1 na hor\u00e1ch\" target=\"_self\">Letn\u00ed dovolen\u00e1 na hor\u00e1ch<\/a><\/div>[\/vc_column][\/vc_row][vc_row][vc_column]<div  class=\"empty-space  marg-lg-b35\"><\/div>[vc_separator color=&#8221;custom&#8221; border_width=&#8221;2&#8243; el_width=&#8221;50&#8243; accent_color=&#8221;#c7b39a&#8221;]<div  class=\"main-heading\"><span class=\"subtitle\">Letn\u00ed dovolen\u00e1 ve \u0160pindlerov\u011b Ml\u00fdn\u011b<\/span><h2 class=\"title\">Rezervujte si pobyt u\u017e te\u010f<\/h2><\/div><div  class=\"empty-space  marg-lg-b25\"><\/div>[vc_separator color=&#8221;custom&#8221; border_width=&#8221;2&#8243; el_width=&#8221;50&#8243; accent_color=&#8221;#c7b39a&#8221;]<div  class=\"empty-space  marg-lg-b35\"><\/div>[\/vc_column][\/vc_row]<\/p>\n<\/div>","protected":false},"excerpt":{"rendered":"<p>[vc_row][vc_column][\/vc_column][\/vc_row][vc_row full_width=&#8221;stretch_row_content_no_spaces&#8221; css=&#8221;.vc_custom_1566337701061{background-color: #c7b39a !important;}&#8221;][vc_column][\/vc_column][\/vc_row][vc_row][vc_column][vc_separator color=&#8221;custom&#8221; border_width=&#8221;2&#8243; el_width=&#8221;50&#8243; accent_color=&#8221;#c7b39a&#8221;][vc_separator color=&#8221;custom&#8221; border_width=&#8221;2&#8243; el_width=&#8221;50&#8243; accent_color=&#8221;#c7b39a&#8221;][vc_separator color=&#8221;custom&#8221; border_width=&#8221;2&#8243; el_width=&#8221;50&#8243; accent_color=&#8221;#c7b39a&#8221;][\/vc_column][\/vc_row][vc_row][vc_column width=&#8221;1\/2&#8243;][vc_separator color=&#8221;custom&#8221; border_width=&#8221;2&#8243; el_width=&#8221;30&#8243; accent_color=&#8221;#c7b39a&#8221;][vc_single_image image=&#8221;12892&#8243; img_size=&#8221;full&#8221; alignment=&#8221;center&#8221;][\/vc_column][vc_column width=&#8221;1\/2&#8243;][vc_separator color=&#8221;custom&#8221; border_width=&#8221;2&#8243; el_width=&#8221;30&#8243; accent_color=&#8221;#c7b39a&#8221;][vc_single_image<\/p>\n","protected":false},"author":3,"featured_media":0,"parent":0,"menu_order":0,"comment_status":"closed","ping_status":"closed","template":"","meta":{"footnotes":""},"class_list":["post-12839","page","type-page","status-publish","hentry"],"yoast_head":"<!-- This site is optimized with the Yoast SEO Premium plugin v27.3 (Yoast SEO v27.3) - https:\/\/yoast.com\/product\/yoast-seo-premium-wordpress\/ -->\n<title>Letnie orze\u017awienie w Szpindlerowym M\u0142ynie - Amenity Resort Szpindlerowy M\u0142yn<\/title>\n<meta name=\"description\" content=\"Czy kiedykolwiek my\u015bla\u0142e\u015b o wyje\u017adzie w g\u00f3ry latem, nie odmawiaj\u0105c sobie wodnej rozrywki? Zapoznaj si\u0119 z list\u0105 atrakcji oferowanych latem w Szpindlerowym M\u0142ynie. Wszystko, co musisz zrobi\u0107, to i\u015b\u0107\" \/>\n<meta name=\"robots\" content=\"index, follow, max-snippet:-1, max-image-preview:large, max-video-preview:-1\" \/>\n<link rel=\"canonical\" href=\"https:\/\/spindl.amenity.cz\/pl\/dla-wody-do-szpindlerowego-mlyna\/\" \/>\n<meta property=\"og:locale\" content=\"pl_PL\" \/>\n<meta property=\"og:type\" content=\"article\" \/>\n<meta property=\"og:title\" content=\"Dla wody do Szpindlerowego M\u0142yna\" \/>\n<meta property=\"og:description\" content=\"Czy kiedykolwiek my\u015bla\u0142e\u015b o wyje\u017adzie w g\u00f3ry latem, nie odmawiaj\u0105c sobie wodnej rozrywki? Zapoznaj si\u0119 z list\u0105 atrakcji oferowanych latem w Szpindlerowym M\u0142ynie. Wszystko, co musisz zrobi\u0107, to i\u015b\u0107\" \/>\n<meta property=\"og:url\" content=\"https:\/\/spindl.amenity.cz\/pl\/dla-wody-do-szpindlerowego-mlyna\/\" \/>\n<meta property=\"og:site_name\" content=\"\u0160pindler\u016fv Ml\u00fdn\" \/>\n<meta property=\"article:publisher\" content=\"https:\/\/www.facebook.com\/amenityresorts\" \/>\n<meta property=\"article:modified_time\" content=\"2025-08-29T12:08:25+00:00\" \/>\n<meta name=\"twitter:card\" content=\"summary_large_image\" \/>\n<meta name=\"twitter:label1\" content=\"Szacowany czas czytania\" \/>\n\t<meta name=\"twitter:data1\" content=\"7 minut\" \/>\n<script type=\"application\/ld+json\" class=\"yoast-schema-graph\">{\"@context\":\"https:\\\/\\\/schema.org\",\"@graph\":[{\"@type\":\"WebPage\",\"@id\":\"https:\\\/\\\/spindl.amenity.cz\\\/pl\\\/dla-wody-do-szpindlerowego-mlyna\\\/\",\"url\":\"https:\\\/\\\/spindl.amenity.cz\\\/pl\\\/dla-wody-do-szpindlerowego-mlyna\\\/\",\"name\":\"Letnie orze\u017awienie w Szpindlerowym M\u0142ynie - Amenity Resort Szpindlerowy M\u0142yn\",\"isPartOf\":{\"@id\":\"https:\\\/\\\/spindl.amenity.cz\\\/pl\\\/#website\"},\"datePublished\":\"2025-08-29T12:08:21+00:00\",\"dateModified\":\"2025-08-29T12:08:25+00:00\",\"description\":\"Czy kiedykolwiek my\u015bla\u0142e\u015b o wyje\u017adzie w g\u00f3ry latem, nie odmawiaj\u0105c sobie wodnej rozrywki? Zapoznaj si\u0119 z list\u0105 atrakcji oferowanych latem w Szpindlerowym M\u0142ynie. Wszystko, co musisz zrobi\u0107, to i\u015b\u0107\",\"breadcrumb\":{\"@id\":\"https:\\\/\\\/spindl.amenity.cz\\\/pl\\\/dla-wody-do-szpindlerowego-mlyna\\\/#breadcrumb\"},\"inLanguage\":\"pl-PL\",\"potentialAction\":[{\"@type\":\"ReadAction\",\"target\":[\"https:\\\/\\\/spindl.amenity.cz\\\/pl\\\/dla-wody-do-szpindlerowego-mlyna\\\/\"]}]},{\"@type\":\"BreadcrumbList\",\"@id\":\"https:\\\/\\\/spindl.amenity.cz\\\/pl\\\/dla-wody-do-szpindlerowego-mlyna\\\/#breadcrumb\",\"itemListElement\":[{\"@type\":\"ListItem\",\"position\":1,\"name\":\"Dom\u016f\",\"item\":\"https:\\\/\\\/spindl.amenity.cz\\\/pl\\\/\"},{\"@type\":\"ListItem\",\"position\":2,\"name\":\"Dla wody do Szpindlerowego M\u0142yna\"}]},{\"@type\":\"WebSite\",\"@id\":\"https:\\\/\\\/spindl.amenity.cz\\\/pl\\\/#website\",\"url\":\"https:\\\/\\\/spindl.amenity.cz\\\/pl\\\/\",\"name\":\"\u0160pindler\u016fv Ml\u00fdn\",\"description\":\"\",\"publisher\":{\"@id\":\"https:\\\/\\\/spindl.amenity.cz\\\/pl\\\/#organization\"},\"potentialAction\":[{\"@type\":\"SearchAction\",\"target\":{\"@type\":\"EntryPoint\",\"urlTemplate\":\"https:\\\/\\\/spindl.amenity.cz\\\/pl\\\/?s={search_term_string}\"},\"query-input\":{\"@type\":\"PropertyValueSpecification\",\"valueRequired\":true,\"valueName\":\"search_term_string\"}}],\"inLanguage\":\"pl-PL\"},{\"@type\":\"Organization\",\"@id\":\"https:\\\/\\\/spindl.amenity.cz\\\/pl\\\/#organization\",\"name\":\"Amenity Hotel & Resort \u0160pindler\u016fv Ml\u00fdn\",\"url\":\"https:\\\/\\\/spindl.amenity.cz\\\/pl\\\/\",\"logo\":{\"@type\":\"ImageObject\",\"inLanguage\":\"pl-PL\",\"@id\":\"https:\\\/\\\/spindl.amenity.cz\\\/pl\\\/#\\\/schema\\\/logo\\\/image\\\/\",\"url\":\"http:\\\/\\\/spindl.amenity.cz\\\/wp-content\\\/uploads\\\/sites\\\/5\\\/2019\\\/09\\\/galerie-hotel_930x620_.jpg\",\"contentUrl\":\"http:\\\/\\\/spindl.amenity.cz\\\/wp-content\\\/uploads\\\/sites\\\/5\\\/2019\\\/09\\\/galerie-hotel_930x620_.jpg\",\"width\":930,\"height\":620,\"caption\":\"Amenity Hotel & Resort \u0160pindler\u016fv Ml\u00fdn\"},\"image\":{\"@id\":\"https:\\\/\\\/spindl.amenity.cz\\\/pl\\\/#\\\/schema\\\/logo\\\/image\\\/\"},\"sameAs\":[\"https:\\\/\\\/www.facebook.com\\\/amenityresorts\",\"https:\\\/\\\/www.instagram.com\\\/amenityresorts\\\/\",\"https:\\\/\\\/www.youtube.com\\\/channel\\\/UCVY-yFoyFBR8H0hC1euh7Sw\"]}]}<\/script>\n<!-- \/ Yoast SEO Premium plugin. -->","yoast_head_json":{"title":"Letnie orze\u017awienie w Szpindlerowym M\u0142ynie - Amenity Resort Szpindlerowy M\u0142yn","description":"Czy kiedykolwiek my\u015bla\u0142e\u015b o wyje\u017adzie w g\u00f3ry latem, nie odmawiaj\u0105c sobie wodnej rozrywki? Zapoznaj si\u0119 z list\u0105 atrakcji oferowanych latem w Szpindlerowym M\u0142ynie. Wszystko, co musisz zrobi\u0107, to i\u015b\u0107","robots":{"index":"index","follow":"follow","max-snippet":"max-snippet:-1","max-image-preview":"max-image-preview:large","max-video-preview":"max-video-preview:-1"},"canonical":"https:\/\/spindl.amenity.cz\/pl\/dla-wody-do-szpindlerowego-mlyna\/","og_locale":"pl_PL","og_type":"article","og_title":"Dla wody do Szpindlerowego M\u0142yna","og_description":"Czy kiedykolwiek my\u015bla\u0142e\u015b o wyje\u017adzie w g\u00f3ry latem, nie odmawiaj\u0105c sobie wodnej rozrywki? Zapoznaj si\u0119 z list\u0105 atrakcji oferowanych latem w Szpindlerowym M\u0142ynie. Wszystko, co musisz zrobi\u0107, to i\u015b\u0107","og_url":"https:\/\/spindl.amenity.cz\/pl\/dla-wody-do-szpindlerowego-mlyna\/","og_site_name":"\u0160pindler\u016fv Ml\u00fdn","article_publisher":"https:\/\/www.facebook.com\/amenityresorts","article_modified_time":"2025-08-29T12:08:25+00:00","twitter_card":"summary_large_image","twitter_misc":{"Szacowany czas czytania":"7 minut"},"schema":{"@context":"https:\/\/schema.org","@graph":[{"@type":"WebPage","@id":"https:\/\/spindl.amenity.cz\/pl\/dla-wody-do-szpindlerowego-mlyna\/","url":"https:\/\/spindl.amenity.cz\/pl\/dla-wody-do-szpindlerowego-mlyna\/","name":"Letnie orze\u017awienie w Szpindlerowym M\u0142ynie - Amenity Resort Szpindlerowy M\u0142yn","isPartOf":{"@id":"https:\/\/spindl.amenity.cz\/pl\/#website"},"datePublished":"2025-08-29T12:08:21+00:00","dateModified":"2025-08-29T12:08:25+00:00","description":"Czy kiedykolwiek my\u015bla\u0142e\u015b o wyje\u017adzie w g\u00f3ry latem, nie odmawiaj\u0105c sobie wodnej rozrywki? Zapoznaj si\u0119 z list\u0105 atrakcji oferowanych latem w Szpindlerowym M\u0142ynie. Wszystko, co musisz zrobi\u0107, to i\u015b\u0107","breadcrumb":{"@id":"https:\/\/spindl.amenity.cz\/pl\/dla-wody-do-szpindlerowego-mlyna\/#breadcrumb"},"inLanguage":"pl-PL","potentialAction":[{"@type":"ReadAction","target":["https:\/\/spindl.amenity.cz\/pl\/dla-wody-do-szpindlerowego-mlyna\/"]}]},{"@type":"BreadcrumbList","@id":"https:\/\/spindl.amenity.cz\/pl\/dla-wody-do-szpindlerowego-mlyna\/#breadcrumb","itemListElement":[{"@type":"ListItem","position":1,"name":"Dom\u016f","item":"https:\/\/spindl.amenity.cz\/pl\/"},{"@type":"ListItem","position":2,"name":"Dla wody do Szpindlerowego M\u0142yna"}]},{"@type":"WebSite","@id":"https:\/\/spindl.amenity.cz\/pl\/#website","url":"https:\/\/spindl.amenity.cz\/pl\/","name":"\u0160pindler\u016fv Ml\u00fdn","description":"","publisher":{"@id":"https:\/\/spindl.amenity.cz\/pl\/#organization"},"potentialAction":[{"@type":"SearchAction","target":{"@type":"EntryPoint","urlTemplate":"https:\/\/spindl.amenity.cz\/pl\/?s={search_term_string}"},"query-input":{"@type":"PropertyValueSpecification","valueRequired":true,"valueName":"search_term_string"}}],"inLanguage":"pl-PL"},{"@type":"Organization","@id":"https:\/\/spindl.amenity.cz\/pl\/#organization","name":"Amenity Hotel & Resort \u0160pindler\u016fv Ml\u00fdn","url":"https:\/\/spindl.amenity.cz\/pl\/","logo":{"@type":"ImageObject","inLanguage":"pl-PL","@id":"https:\/\/spindl.amenity.cz\/pl\/#\/schema\/logo\/image\/","url":"http:\/\/spindl.amenity.cz\/wp-content\/uploads\/sites\/5\/2019\/09\/galerie-hotel_930x620_.jpg","contentUrl":"http:\/\/spindl.amenity.cz\/wp-content\/uploads\/sites\/5\/2019\/09\/galerie-hotel_930x620_.jpg","width":930,"height":620,"caption":"Amenity Hotel & Resort \u0160pindler\u016fv Ml\u00fdn"},"image":{"@id":"https:\/\/spindl.amenity.cz\/pl\/#\/schema\/logo\/image\/"},"sameAs":["https:\/\/www.facebook.com\/amenityresorts","https:\/\/www.instagram.com\/amenityresorts\/","https:\/\/www.youtube.com\/channel\/UCVY-yFoyFBR8H0hC1euh7Sw"]}]}},"_links":{"self":[{"href":"https:\/\/spindl.amenity.cz\/pl\/wp-json\/wp\/v2\/pages\/12839","targetHints":{"allow":["GET"]}}],"collection":[{"href":"https:\/\/spindl.amenity.cz\/pl\/wp-json\/wp\/v2\/pages"}],"about":[{"href":"https:\/\/spindl.amenity.cz\/pl\/wp-json\/wp\/v2\/types\/page"}],"author":[{"embeddable":true,"href":"https:\/\/spindl.amenity.cz\/pl\/wp-json\/wp\/v2\/users\/3"}],"replies":[{"embeddable":true,"href":"https:\/\/spindl.amenity.cz\/pl\/wp-json\/wp\/v2\/comments?post=12839"}],"version-history":[{"count":3,"href":"https:\/\/spindl.amenity.cz\/pl\/wp-json\/wp\/v2\/pages\/12839\/revisions"}],"predecessor-version":[{"id":12898,"href":"https:\/\/spindl.amenity.cz\/pl\/wp-json\/wp\/v2\/pages\/12839\/revisions\/12898"}],"wp:attachment":[{"href":"https:\/\/spindl.amenity.cz\/pl\/wp-json\/wp\/v2\/media?parent=12839"}],"curies":[{"name":"wp","href":"https:\/\/api.w.org\/{rel}","templated":true}]}}