{"id":12899,"date":"2025-08-29T14:21:50","date_gmt":"2025-08-29T12:21:50","guid":{"rendered":"https:\/\/spindl.amenity.cz\/wodospady-wokol-szpindlerowego-mlyna\/"},"modified":"2025-08-29T14:21:52","modified_gmt":"2025-08-29T12:21:52","slug":"wodospady-wokol-szpindlerowego-mlyna","status":"publish","type":"page","link":"https:\/\/spindl.amenity.cz\/pl\/wodospady-wokol-szpindlerowego-mlyna\/","title":{"rendered":"Wodospady wok\u00f3\u0142 Szpindlerowego M\u0142yna"},"content":{"rendered":"<div class=\"wpb-content-wrapper\"><p>[vc_row][vc_column][\/vc_column][\/vc_row][vc_row][vc_column]<div  class=\"empty-space  marg-lg-b25\"><\/div><div  class=\"empty-space  marg-lg-b25\"><\/div>[\/vc_column][\/vc_row][vc_row][vc_column]<div  class=\"empty-space  marg-lg-b25\"><\/div>[vc_separator color=&#8221;custom&#8221; border_width=&#8221;2&#8243; accent_color=&#8221;#c7b39a&#8221;]<div class=\"text-block \" ><div class=\"simple-text \"><h2 style=\"text-align: center;\">Wodospady w promieniu 30 km od obiektu Amenity Hotel &amp; Resort \u0160pindler\u016fv Ml\u00fdn<\/h2>\n<\/div><\/div><div  class=\"empty-space  marg-lg-b25\"><\/div>[vc_separator color=&#8221;custom&#8221; border_width=&#8221;2&#8243; accent_color=&#8221;#c7b39a&#8221;]<div  class=\"empty-space  marg-lg-b25\"><\/div>[\/vc_column][\/vc_row][vc_row full_width=&#8221;stretch_row_content_no_spaces&#8221; gap=&#8221;25&#8243; css=&#8221;.vc_custom_1747907802687{padding-right: 25px !important;padding-left: 25px !important;}&#8221;][vc_column width=&#8221;1\/3&#8243;]<div class=\"text-block \" ><div class=\"simple-text \"><h3 style=\"text-align: center;\">Ma\u0142a \u0141aba<\/h3>\n<h3 style=\"text-align: center;\">Wodospad<\/h3>\n<\/div><\/div>[vc_separator color=&#8221;custom&#8221; border_width=&#8221;2&#8243; el_width=&#8221;30&#8243; accent_color=&#8221;#c7b39a&#8221;][vc_single_image image=&#8221;12857&#8243; img_size=&#8221;full&#8221; alignment=&#8221;center&#8221;]<div class=\"text-block \" ><div class=\"simple-text \"><p>Wodospad Ma\u0142a \u0141aba ma ponad 5 metr\u00f3w wysoko\u015bci. Jest dobrze widoczny i dost\u0119pny z niebieskiego szlaku turystycznego w \u0141abskim Dole. Prawe rami\u0119 wodospadu opada \u0142agodnie z nachyleniem 60\u00b0, a prawie ca\u0142a woda przep\u0142ywa przez nie przy ni\u017cszych stanach wody. Lewe rami\u0119 wodospadu jest pionowe, przy wy\u017cszym poziomie wody rozci\u0105ga si\u0119 na ca\u0142\u0105 szeroko\u015b\u0107 wodospadu i oba ramiona prawie si\u0119 \u0142\u0105cz\u0105. Poni\u017cej g\u0142\u00f3wnego wodospadu znajduje si\u0119 kolejny wodospad o wysoko\u015bci 3 metr\u00f3w.    <\/p>\n<p>Nieco wy\u017cej, 300 metr\u00f3w nad Ma\u0142ym Wodospadem \u0141aby, znajduje si\u0119 2-metrowy wodospad, kt\u00f3ry ko\u0144czy 350-metrow\u0105 kaskad\u0119 \u0141aby.<\/p>\n<ul>\n<li>Wysoko\u015b\u0107: 5,3; 3 i 2 m<\/li>\n<li>Wysoko\u015b\u0107: 864, 852 i 922 m n.p.m.<\/li>\n<li>Dok\u0142adna lokalizacja na mapy.cz\n<ul>\n<li>GPS Mal\u00fd Labsk\u00fd vodop\u00e1d: <a href=\"https:\/\/mapy.cz\/zakladni?x=15.5701222&amp;y=50.7548991&amp;z=17&amp;source=coor&amp;id=15.570122222222222%2C50.75485833333333\">50\u00b045&#8217;17.49&#8243;N, 15\u00b034&#8217;12.44&#8243;E<\/a><\/li>\n<li>GPS vodop\u00e1d pod labsk\u00fdmi kask\u00e1dy: <a href=\"https:\/\/mapy.cz\/zakladni?x=15.5612694&amp;y=50.7567129&amp;z=17&amp;source=coor&amp;id=15.561269444444445%2C50.75667222222222\">50\u00b045&#8217;24.02&#8243;N, 15\u00b033&#8217;40.57&#8243;E<\/a><\/li>\n<\/ul>\n<\/li>\n<\/ul>\n<p>\u0179r\u00f3d\u0142o (tekst i zdj\u0119cia): www.vodopady.info<\/p>\n<\/div><\/div>[\/vc_column][vc_column width=&#8221;1\/3&#8243;]<div class=\"text-block \" ><div class=\"simple-text \"><h3 style=\"text-align: center;\">Panchavsky<\/h3>\n<h3 style=\"text-align: center;\">Wodospad<\/h3>\n<\/div><\/div>[vc_separator color=&#8221;custom&#8221; border_width=&#8221;2&#8243; el_width=&#8221;30&#8243; accent_color=&#8221;#c7b39a&#8221;][vc_single_image image=&#8221;12854&#8243; img_size=&#8221;full&#8221; alignment=&#8221;center&#8221;]<div class=\"text-block \" ><div class=\"simple-text \"><p>Nasz najwy\u017cszy wodospad spada z Pan\u010davsk\u00e1 Louka do Labsk\u00fd d\u016fl, jest to typowy wodospad utworzony na bocznej \u015bcianie doliny lodowcowej. Osi\u0105ga ca\u0142kowit\u0105 wysoko\u015b\u0107 145 metr\u00f3w, przy ca\u0142kowitym nachyleniu oko\u0142o 45\u00b0. <\/p>\n<p>Wodospad Pan\u010davsk\u00fd sk\u0142ada si\u0119 z kilku stopni, kt\u00f3re same s\u0105 kaskadowe. Wodospad ma do\u015b\u0107 skomplikowany profil. Stopnie maj\u0105 (patrz\u0105c od g\u00f3ry) 36, 40, 23 i 20 metr\u00f3w wysoko\u015bci.  <\/p>\n<ul>\n<li>Wysoko\u015b\u0107: 145 m<\/li>\n<li>Wysoko\u015b\u0107: 1155 &#8211; 1300 m<\/li>\n<li>Dok\u0142adna lokalizacja na mapy.cz\n<ul>\n<li>GPS: <a href=\"https:\/\/mapy.cz\/zakladni?x=15.5612694&amp;y=50.7567129&amp;z=17&amp;q=50%C2%B045%2739.80%22N%2C%2015%C2%B032%2742.98%22E%20-%2050%C2%B045%2741.26%22N%2C%2015%C2%B032%2750.36%22E\">50\u00b045&#8217;39.80&#8243;N, 15\u00b032&#8217;42.98&#8243;E &#8211; 50\u00b045&#8217;41.26&#8243;N, 15\u00b032&#8217;50.36&#8243;E<\/a><\/li>\n<\/ul>\n<\/li>\n<\/ul>\n<p>\u0179r\u00f3d\u0142o (tekst i zdj\u0119cia): www.vodopady.info<\/p>\n<\/div><\/div>[\/vc_column][vc_column width=&#8221;1\/3&#8243;]<div class=\"text-block \" ><div class=\"simple-text \"><h3 style=\"text-align: center;\">Wodospad<\/h3>\n<h3 style=\"text-align: center;\">Wysokie w\u0105wozy<\/h3>\n<\/div><\/div>[vc_separator color=&#8221;custom&#8221; border_width=&#8221;2&#8243; el_width=&#8221;30&#8243; accent_color=&#8221;#c7b39a&#8221;][vc_single_image image=&#8221;12840&#8243; img_size=&#8221;full&#8221; alignment=&#8221;center&#8221;]<div class=\"text-block \" ><div class=\"simple-text \"><p>Wodospad Vysok\u00e1 Strouze spada z lewego brzegu bezpo\u015brednio do potoku Dolsk\u00fd (Svatopetersk\u00fd). Jest wi\u0119c dobrze widoczny z prawego brzegu z hotelu Lenka, do kt\u00f3rego prowadzi droga. Wodospad jest stosunkowo wysoki &#8211; 10,5 metra, ale jego atrakcyjno\u015b\u0107 zmniejsza niewielkie nachylenie, wynikaj\u0105ce z kaskadowego kszta\u0142tu, a przede wszystkim niewielka ilo\u015b\u0107 wody.  <\/p>\n<ul>\n<li>Wysoko\u015b\u0107: 10,5 m<\/li>\n<li>Wysoko\u015b\u0107: 750-760 m<\/li>\n<li>Dok\u0142adna lokalizacja na mapy.cz\n<ul>\n<li>GPS: <a href=\"https:\/\/mapy.cz\/zakladni?x=15.6171417&amp;y=50.7189685&amp;z=17&amp;source=coor&amp;id=15.617141666666667%2C50.71892777777778\">50\u00b043&#8217;8.14&#8243;N, 15\u00b037&#8217;1.71&#8243;E<\/a><\/li>\n<\/ul>\n<\/li>\n<\/ul>\n<p>\u0179r\u00f3d\u0142o (tekst i zdj\u0119cia): www.vodopady.info<\/p>\n<\/div><\/div>[\/vc_column][\/vc_row][vc_row][vc_column]<div  class=\"empty-space  marg-lg-b25\"><\/div>[vc_separator color=&#8221;custom&#8221; border_width=&#8221;2&#8243; el_width=&#8221;50&#8243; accent_color=&#8221;#c7b39a&#8221;]<div  class=\"empty-space  marg-lg-b25\"><\/div>[\/vc_column][\/vc_row][vc_row full_width=&#8221;stretch_row_content_no_spaces&#8221; gap=&#8221;25&#8243; css=&#8221;.vc_custom_1747907858144{padding-right: 25px !important;padding-left: 25px !important;}&#8221;][vc_column width=&#8221;1\/3&#8243;]<div class=\"text-block \" ><div class=\"simple-text \"><h3 style=\"text-align: center;\">Wodospady<\/h3>\n<h3 style=\"text-align: center;\">Bia\u0142a \u0141aba<\/h3>\n<\/div><\/div>[vc_separator color=&#8221;custom&#8221; border_width=&#8221;2&#8243; el_width=&#8221;30&#8243; accent_color=&#8221;#c7b39a&#8221;][vc_single_image image=&#8221;12853&#8243; img_size=&#8221;full&#8221; alignment=&#8221;center&#8221;]<div class=\"text-block \" ><div class=\"simple-text \"><p>Wraz z \u0141ab\u0105 i Mumlaw\u0105, Bia\u0142a \u0141aba jest jednym z najdzikszych stosunkowo wodnistych potok\u00f3w w Karkonoszach. Wzd\u0142u\u017c niego biegnie niebieski szlak turystyczny, z kt\u00f3rego wi\u0119kszo\u015b\u0107 wodospad\u00f3w i kaskad jest stosunkowo \u0142atwo dost\u0119pna. <\/p>\n<p><strong>Lawinowe bystrza<\/strong><\/p>\n<p><strong>Wodospad na p\u0142askowy\u017cu<\/strong><\/p>\n<p><strong>D\u0142ugi wodospad<\/strong><\/p>\n<p><strong>Boulder<\/strong><\/p>\n<p><strong>Wielki skok<\/strong><\/p>\n<p><strong>Rycz\u0105ca kaskada<\/strong><\/p>\n<p><strong>Du\u017cy wodospad<\/strong><\/p>\n<ul>\n<li>Dok\u0142adna lokalizacja na mapy.cz\n<ul>\n<li>GPS: <a href=\"https:\/\/mapy.cz\/zakladni?x=15.6153194&amp;y=50.7482163&amp;z=17&amp;source=coor&amp;id=15.615319444444443%2C50.748175555555555\">50\u00b044&#8217;53.432&#8243;N, 15\u00b036&#8217;55.150&#8243;E<\/a><\/li>\n<\/ul>\n<\/li>\n<\/ul>\n<p>\u0179r\u00f3d\u0142o (tekst i zdj\u0119cia): www.vodopady.info<\/p>\n<\/div><\/div><div  class=\"empty-space  marg-lg-b25\"><\/div>[\/vc_column][vc_column width=&#8221;1\/3&#8243;]<div class=\"text-block \" ><div class=\"simple-text \"><h3 style=\"text-align: center;\">Kozelsky<\/h3>\n<h3 style=\"text-align: center;\">Wodospad<\/h3>\n<\/div><\/div>[vc_separator color=&#8221;custom&#8221; border_width=&#8221;2&#8243; el_width=&#8221;30&#8243; accent_color=&#8221;#c7b39a&#8221;][vc_single_image image=&#8221;12843&#8243; img_size=&#8221;full&#8221; alignment=&#8221;center&#8221;]<div class=\"text-block \" ><div class=\"simple-text \"><p>Na Kozielskim Potoku znajduje si\u0119 3,5-metrowy wodospad, przez kt\u00f3ry przep\u0142ywa ca\u0142kiem sporo wody. Paradoksalnie jednak wyr\u00f3\u017cnia si\u0119 on lepiej na ni\u017cszym poziomie, kiedy struktura ska\u0142y macierzystej jest lepiej widoczna. <\/p>\n<ul>\n<li>Wysoko\u015b\u0107: 3,5 m<\/li>\n<li>Wysoko\u015b\u0107: 860 m<\/li>\n<li>Dok\u0142adna lokalizacja na mapy.cz\n<ul>\n<li>GPS: <a href=\"https:\/\/mapy.cz\/zakladni?x=15.5170750&amp;y=50.7312269&amp;z=17&amp;source=coor&amp;id=15.517075%2C50.731186111111114\">50\u00b043&#8217;52.27&#8243;N, 15\u00b031&#8217;1.47&#8243;E<\/a><\/li>\n<\/ul>\n<\/li>\n<\/ul>\n<p>\u0179r\u00f3d\u0142o (tekst i zdj\u0119cia): www.vodopady.info<\/p>\n<\/div><\/div><div  class=\"empty-space  marg-lg-b25\"><\/div>[\/vc_column][vc_column width=&#8221;1\/3&#8243;]<div class=\"text-block \" ><div class=\"simple-text \"><h3 style=\"text-align: center;\">Kaskada<\/h3>\n<h3 style=\"text-align: center;\">Dolskiego Potoku<\/h3>\n<\/div><\/div>[vc_separator color=&#8221;custom&#8221; border_width=&#8221;2&#8243; el_width=&#8221;30&#8243; accent_color=&#8221;#c7b39a&#8221;][vc_single_image image=&#8221;12848&#8243; img_size=&#8221;full&#8221; alignment=&#8221;center&#8221;]<div class=\"text-block \" ><div class=\"simple-text \"><p>Dolsk\u00fd lub r\u00f3wnie\u017c Svatopetrsk\u00fd potok pokonuje wybrukowany blok skalny na wysoko\u015bci 900 m n.p.m. i tworzy charakterystyczn\u0105 kaskad\u0119 o wysoko\u015bci 4 metr\u00f3w. Jest ona jeszcze wy\u017csza przez nagromadzone kamienie na g\u00f3rnej kraw\u0119dzi. <\/p>\n<ul>\n<li>Wysoko\u015b\u0107: 4 m<\/li>\n<li>Dok\u0142adna lokalizacja na mapy.cz\n<ul>\n<li>GPS: <a href=\"https:\/\/mapy.cz\/zakladni?x=15.6518550&amp;y=50.7261807&amp;z=17&amp;source=coor&amp;id=15.651855000000001%2C50.72614\">50\u00b043&#8217;34.104&#8243;N, 15\u00b039&#8217;6.678&#8243;E<\/a><\/li>\n<\/ul>\n<\/li>\n<\/ul>\n<p>\u0179r\u00f3d\u0142o (tekst i zdj\u0119cia): www.vodopady.info<\/p>\n<\/div><\/div>[\/vc_column][\/vc_row][vc_row][vc_column]<div  class=\"empty-space  marg-lg-b25\"><\/div>[vc_separator color=&#8221;custom&#8221; border_width=&#8221;2&#8243; el_width=&#8221;30&#8243; accent_color=&#8221;#c7b39a&#8221;]<div class=\"text-block \" ><div class=\"simple-text \"><p style=\"text-align: center;\"><strong>Wodospady s\u0105 najlepsze pod koniec kwietnia do pocz\u0105tku maja, kiedy topnieje \u015bnieg. Przez ca\u0142y rok aktywno\u015b\u0107 wodospad\u00f3w zale\u017cy od opad\u00f3w deszczu.  <\/strong><\/p>\n<p style=\"text-align: center;\">Nasz przewodnik z przyjemno\u015bci\u0105 doradzi, kt\u00f3re wodospady warto odwiedzi\u0107 i gdzie si\u0119 uda\u0107, aby prze\u017cy\u0107 mi\u0142e do\u015bwiadczenie i wyj\u0105tkowy spektakl.<\/p>\n<\/div><\/div>[\/vc_column][\/vc_row][vc_row full_width=&#8221;stretch_row_content_no_spaces&#8221;][vc_column width=&#8221;1\/3&#8243;][\/vc_column][vc_column width=&#8221;1\/3&#8243;]<div class=\"text-block \" ><div class=\"simple-text \"><h3 style=\"text-align: center;\">Nasz przewodnik<br \/>\nLuk\u00e1\u0161<\/h3>\n<\/div><\/div>[vc_separator color=&#8221;custom&#8221; border_width=&#8221;2&#8243; el_width=&#8221;30&#8243; accent_color=&#8221;#c7b39a&#8221;][vc_single_image image=&#8221;12891&#8243; img_size=&#8221;full&#8221; alignment=&#8221;center&#8221;]<div class=\"text-block \" ><div class=\"simple-text \"><p><strong>Ornitolog, kt\u00f3ry ujawni tajemnicze miejsca Karkonoszy.<\/strong><br \/>\nNikt nie nadaje si\u0119 lepiej na recepcj\u0119 naszego o\u015brodka w Szpindlerowym M\u0142ynie ni\u017c Lukas. Nie tylko pracowa\u0142 w bran\u017cy hotelarskiej w ka\u017cdym zawodzie, wi\u0119c mo\u017ce pom\u00f3c go\u015bciom z ka\u017cdym problemem, ale jest tak\u017ce miejscowym tubylcem, kt\u00f3ry naprawd\u0119 lubi g\u00f3ry. Je\u017adzi na rowerze, nartach i wspina si\u0119 po ska\u0142ach. Dlatego te\u017c zwiedzi\u0142 okolic\u0119 zim\u0105 i latem i ch\u0119tnie udziela wskaz\u00f3wek na temat najciekawszych wycieczek.<\/p>\n<\/div><\/div>[\/vc_column][vc_column width=&#8221;1\/3&#8243;][\/vc_column][\/vc_row][vc_row full_width=&#8221;stretch_row_content_no_spaces&#8221;][vc_column]<div  class=\"empty-space  marg-lg-b35\"><\/div>[vc_separator color=&#8221;custom&#8221; border_width=&#8221;2&#8243; el_width=&#8221;50&#8243; accent_color=&#8221;#c7b39a&#8221;]<div  class=\"main-heading\"><span class=\"subtitle\"><\/span><h2 class=\"title\">Dal\u0161\u00ed zaj\u00edmav\u00e1 m\u00edsta v okol\u00ed \u0160pindlerova Ml\u00fdna<\/h2><\/div><div  class=\"empty-space  marg-lg-b25\"><\/div>[vc_separator color=&#8221;custom&#8221; border_width=&#8221;2&#8243; el_width=&#8221;50&#8243; accent_color=&#8221;#c7b39a&#8221;][vc_single_image image=&#8221;6999&#8243; img_size=&#8221;full&#8221; alignment=&#8221;center&#8221; onclick=&#8221;custom_link&#8221; link=&#8221;https:\/\/spindl.amenity.cz\/zajimava-mista-v-okoli-spindlerova-mlyna\/&#8221;]<div  class=\"empty-space  marg-lg-b25\"><\/div><div class=\"text-center\"><a  class=\"btn btn--md btn--normal\" href=\"http:\/\/spindl.amenity.cz\/zajimava-mista-v-okoli\/\" title=\"Zaj\u00edmav\u00e1 m\u00edsta v okol\u00ed \u0160pindlerova Ml\u00fdna\" target=\"_self\">ZJISTIT V\u00cdCE O ZAJ\u00cdMAV\u00ddCH M\u00cdSTECH V OKOL\u00cd<\/a><\/div>[\/vc_column][\/vc_row]<\/p>\n<\/div>","protected":false},"excerpt":{"rendered":"<p>[vc_row][vc_column][\/vc_column][\/vc_row][vc_row][vc_column][\/vc_column][\/vc_row][vc_row][vc_column][vc_separator color=&#8221;custom&#8221; border_width=&#8221;2&#8243; accent_color=&#8221;#c7b39a&#8221;][vc_separator color=&#8221;custom&#8221; border_width=&#8221;2&#8243; accent_color=&#8221;#c7b39a&#8221;][\/vc_column][\/vc_row][vc_row full_width=&#8221;stretch_row_content_no_spaces&#8221; gap=&#8221;25&#8243; css=&#8221;.vc_custom_1747907802687{padding-right: 25px !important;padding-left: 25px !important;}&#8221;][vc_column width=&#8221;1\/3&#8243;][vc_separator color=&#8221;custom&#8221; border_width=&#8221;2&#8243; el_width=&#8221;30&#8243; accent_color=&#8221;#c7b39a&#8221;][vc_single_image image=&#8221;12857&#8243; img_size=&#8221;full&#8221; alignment=&#8221;center&#8221;][\/vc_column][vc_column width=&#8221;1\/3&#8243;][vc_separator color=&#8221;custom&#8221; border_width=&#8221;2&#8243; el_width=&#8221;30&#8243; accent_color=&#8221;#c7b39a&#8221;][vc_single_image image=&#8221;12854&#8243; img_size=&#8221;full&#8221; alignment=&#8221;center&#8221;][\/vc_column][vc_column<\/p>\n","protected":false},"author":3,"featured_media":0,"parent":0,"menu_order":0,"comment_status":"closed","ping_status":"closed","template":"","meta":{"footnotes":""},"class_list":["post-12899","page","type-page","status-publish","hentry"],"yoast_head":"<!-- This site is optimized with the Yoast SEO Premium plugin v27.3 (Yoast SEO v27.3) - https:\/\/yoast.com\/product\/yoast-seo-premium-wordpress\/ -->\n<title>Wodospady Szpindlerowy M\u0142yn - Karkonosze - O\u015brodek wypoczynkowy Szpindlerowy M\u0142yn<\/title>\n<meta name=\"description\" content=\"Nasz przewodnik doradzi Ci, gdzie wybra\u0107 si\u0119, aby zobaczy\u0107 wodospady w okolicy Szpindlerowego M\u0142yna? Zapoznaj si\u0119 z list\u0105 wodospad\u00f3w w promieniu 30 km od naszego o\u015brodka. Id\u017a do\" \/>\n<meta name=\"robots\" content=\"index, follow, max-snippet:-1, max-image-preview:large, max-video-preview:-1\" \/>\n<link rel=\"canonical\" href=\"https:\/\/spindl.amenity.cz\/pl\/wodospady-wokol-szpindlerowego-mlyna\/\" \/>\n<meta property=\"og:locale\" content=\"pl_PL\" \/>\n<meta property=\"og:type\" content=\"article\" \/>\n<meta property=\"og:title\" content=\"Wodospady wok\u00f3\u0142 Szpindlerowego M\u0142yna\" \/>\n<meta property=\"og:description\" content=\"Nasz przewodnik doradzi Ci, gdzie wybra\u0107 si\u0119, aby zobaczy\u0107 wodospady w okolicy Szpindlerowego M\u0142yna? Zapoznaj si\u0119 z list\u0105 wodospad\u00f3w w promieniu 30 km od naszego o\u015brodka. Id\u017a do\" \/>\n<meta property=\"og:url\" content=\"https:\/\/spindl.amenity.cz\/pl\/wodospady-wokol-szpindlerowego-mlyna\/\" \/>\n<meta property=\"og:site_name\" content=\"\u0160pindler\u016fv Ml\u00fdn\" \/>\n<meta property=\"article:publisher\" content=\"https:\/\/www.facebook.com\/amenityresorts\" \/>\n<meta property=\"article:modified_time\" content=\"2025-08-29T12:21:52+00:00\" \/>\n<meta name=\"twitter:card\" content=\"summary_large_image\" \/>\n<meta name=\"twitter:label1\" content=\"Szacowany czas czytania\" \/>\n\t<meta name=\"twitter:data1\" content=\"7 minut\" \/>\n<script type=\"application\/ld+json\" class=\"yoast-schema-graph\">{\"@context\":\"https:\\\/\\\/schema.org\",\"@graph\":[{\"@type\":\"WebPage\",\"@id\":\"https:\\\/\\\/spindl.amenity.cz\\\/pl\\\/wodospady-wokol-szpindlerowego-mlyna\\\/\",\"url\":\"https:\\\/\\\/spindl.amenity.cz\\\/pl\\\/wodospady-wokol-szpindlerowego-mlyna\\\/\",\"name\":\"Wodospady Szpindlerowy M\u0142yn - Karkonosze - O\u015brodek wypoczynkowy Szpindlerowy M\u0142yn\",\"isPartOf\":{\"@id\":\"https:\\\/\\\/spindl.amenity.cz\\\/pl\\\/#website\"},\"datePublished\":\"2025-08-29T12:21:50+00:00\",\"dateModified\":\"2025-08-29T12:21:52+00:00\",\"description\":\"Nasz przewodnik doradzi Ci, gdzie wybra\u0107 si\u0119, aby zobaczy\u0107 wodospady w okolicy Szpindlerowego M\u0142yna? Zapoznaj si\u0119 z list\u0105 wodospad\u00f3w w promieniu 30 km od naszego o\u015brodka. Id\u017a do\",\"breadcrumb\":{\"@id\":\"https:\\\/\\\/spindl.amenity.cz\\\/pl\\\/wodospady-wokol-szpindlerowego-mlyna\\\/#breadcrumb\"},\"inLanguage\":\"pl-PL\",\"potentialAction\":[{\"@type\":\"ReadAction\",\"target\":[\"https:\\\/\\\/spindl.amenity.cz\\\/pl\\\/wodospady-wokol-szpindlerowego-mlyna\\\/\"]}]},{\"@type\":\"BreadcrumbList\",\"@id\":\"https:\\\/\\\/spindl.amenity.cz\\\/pl\\\/wodospady-wokol-szpindlerowego-mlyna\\\/#breadcrumb\",\"itemListElement\":[{\"@type\":\"ListItem\",\"position\":1,\"name\":\"Dom\u016f\",\"item\":\"https:\\\/\\\/spindl.amenity.cz\\\/pl\\\/\"},{\"@type\":\"ListItem\",\"position\":2,\"name\":\"Wodospady wok\u00f3\u0142 Szpindlerowego M\u0142yna\"}]},{\"@type\":\"WebSite\",\"@id\":\"https:\\\/\\\/spindl.amenity.cz\\\/pl\\\/#website\",\"url\":\"https:\\\/\\\/spindl.amenity.cz\\\/pl\\\/\",\"name\":\"\u0160pindler\u016fv Ml\u00fdn\",\"description\":\"\",\"publisher\":{\"@id\":\"https:\\\/\\\/spindl.amenity.cz\\\/pl\\\/#organization\"},\"potentialAction\":[{\"@type\":\"SearchAction\",\"target\":{\"@type\":\"EntryPoint\",\"urlTemplate\":\"https:\\\/\\\/spindl.amenity.cz\\\/pl\\\/?s={search_term_string}\"},\"query-input\":{\"@type\":\"PropertyValueSpecification\",\"valueRequired\":true,\"valueName\":\"search_term_string\"}}],\"inLanguage\":\"pl-PL\"},{\"@type\":\"Organization\",\"@id\":\"https:\\\/\\\/spindl.amenity.cz\\\/pl\\\/#organization\",\"name\":\"Amenity Hotel & Resort \u0160pindler\u016fv Ml\u00fdn\",\"url\":\"https:\\\/\\\/spindl.amenity.cz\\\/pl\\\/\",\"logo\":{\"@type\":\"ImageObject\",\"inLanguage\":\"pl-PL\",\"@id\":\"https:\\\/\\\/spindl.amenity.cz\\\/pl\\\/#\\\/schema\\\/logo\\\/image\\\/\",\"url\":\"http:\\\/\\\/spindl.amenity.cz\\\/wp-content\\\/uploads\\\/sites\\\/5\\\/2019\\\/09\\\/galerie-hotel_930x620_.jpg\",\"contentUrl\":\"http:\\\/\\\/spindl.amenity.cz\\\/wp-content\\\/uploads\\\/sites\\\/5\\\/2019\\\/09\\\/galerie-hotel_930x620_.jpg\",\"width\":930,\"height\":620,\"caption\":\"Amenity Hotel & Resort \u0160pindler\u016fv Ml\u00fdn\"},\"image\":{\"@id\":\"https:\\\/\\\/spindl.amenity.cz\\\/pl\\\/#\\\/schema\\\/logo\\\/image\\\/\"},\"sameAs\":[\"https:\\\/\\\/www.facebook.com\\\/amenityresorts\",\"https:\\\/\\\/www.instagram.com\\\/amenityresorts\\\/\",\"https:\\\/\\\/www.youtube.com\\\/channel\\\/UCVY-yFoyFBR8H0hC1euh7Sw\"]}]}<\/script>\n<!-- \/ Yoast SEO Premium plugin. -->","yoast_head_json":{"title":"Wodospady Szpindlerowy M\u0142yn - Karkonosze - O\u015brodek wypoczynkowy Szpindlerowy M\u0142yn","description":"Nasz przewodnik doradzi Ci, gdzie wybra\u0107 si\u0119, aby zobaczy\u0107 wodospady w okolicy Szpindlerowego M\u0142yna? Zapoznaj si\u0119 z list\u0105 wodospad\u00f3w w promieniu 30 km od naszego o\u015brodka. Id\u017a do","robots":{"index":"index","follow":"follow","max-snippet":"max-snippet:-1","max-image-preview":"max-image-preview:large","max-video-preview":"max-video-preview:-1"},"canonical":"https:\/\/spindl.amenity.cz\/pl\/wodospady-wokol-szpindlerowego-mlyna\/","og_locale":"pl_PL","og_type":"article","og_title":"Wodospady wok\u00f3\u0142 Szpindlerowego M\u0142yna","og_description":"Nasz przewodnik doradzi Ci, gdzie wybra\u0107 si\u0119, aby zobaczy\u0107 wodospady w okolicy Szpindlerowego M\u0142yna? Zapoznaj si\u0119 z list\u0105 wodospad\u00f3w w promieniu 30 km od naszego o\u015brodka. Id\u017a do","og_url":"https:\/\/spindl.amenity.cz\/pl\/wodospady-wokol-szpindlerowego-mlyna\/","og_site_name":"\u0160pindler\u016fv Ml\u00fdn","article_publisher":"https:\/\/www.facebook.com\/amenityresorts","article_modified_time":"2025-08-29T12:21:52+00:00","twitter_card":"summary_large_image","twitter_misc":{"Szacowany czas czytania":"7 minut"},"schema":{"@context":"https:\/\/schema.org","@graph":[{"@type":"WebPage","@id":"https:\/\/spindl.amenity.cz\/pl\/wodospady-wokol-szpindlerowego-mlyna\/","url":"https:\/\/spindl.amenity.cz\/pl\/wodospady-wokol-szpindlerowego-mlyna\/","name":"Wodospady Szpindlerowy M\u0142yn - Karkonosze - O\u015brodek wypoczynkowy Szpindlerowy M\u0142yn","isPartOf":{"@id":"https:\/\/spindl.amenity.cz\/pl\/#website"},"datePublished":"2025-08-29T12:21:50+00:00","dateModified":"2025-08-29T12:21:52+00:00","description":"Nasz przewodnik doradzi Ci, gdzie wybra\u0107 si\u0119, aby zobaczy\u0107 wodospady w okolicy Szpindlerowego M\u0142yna? Zapoznaj si\u0119 z list\u0105 wodospad\u00f3w w promieniu 30 km od naszego o\u015brodka. Id\u017a do","breadcrumb":{"@id":"https:\/\/spindl.amenity.cz\/pl\/wodospady-wokol-szpindlerowego-mlyna\/#breadcrumb"},"inLanguage":"pl-PL","potentialAction":[{"@type":"ReadAction","target":["https:\/\/spindl.amenity.cz\/pl\/wodospady-wokol-szpindlerowego-mlyna\/"]}]},{"@type":"BreadcrumbList","@id":"https:\/\/spindl.amenity.cz\/pl\/wodospady-wokol-szpindlerowego-mlyna\/#breadcrumb","itemListElement":[{"@type":"ListItem","position":1,"name":"Dom\u016f","item":"https:\/\/spindl.amenity.cz\/pl\/"},{"@type":"ListItem","position":2,"name":"Wodospady wok\u00f3\u0142 Szpindlerowego M\u0142yna"}]},{"@type":"WebSite","@id":"https:\/\/spindl.amenity.cz\/pl\/#website","url":"https:\/\/spindl.amenity.cz\/pl\/","name":"\u0160pindler\u016fv Ml\u00fdn","description":"","publisher":{"@id":"https:\/\/spindl.amenity.cz\/pl\/#organization"},"potentialAction":[{"@type":"SearchAction","target":{"@type":"EntryPoint","urlTemplate":"https:\/\/spindl.amenity.cz\/pl\/?s={search_term_string}"},"query-input":{"@type":"PropertyValueSpecification","valueRequired":true,"valueName":"search_term_string"}}],"inLanguage":"pl-PL"},{"@type":"Organization","@id":"https:\/\/spindl.amenity.cz\/pl\/#organization","name":"Amenity Hotel & Resort \u0160pindler\u016fv Ml\u00fdn","url":"https:\/\/spindl.amenity.cz\/pl\/","logo":{"@type":"ImageObject","inLanguage":"pl-PL","@id":"https:\/\/spindl.amenity.cz\/pl\/#\/schema\/logo\/image\/","url":"http:\/\/spindl.amenity.cz\/wp-content\/uploads\/sites\/5\/2019\/09\/galerie-hotel_930x620_.jpg","contentUrl":"http:\/\/spindl.amenity.cz\/wp-content\/uploads\/sites\/5\/2019\/09\/galerie-hotel_930x620_.jpg","width":930,"height":620,"caption":"Amenity Hotel & Resort \u0160pindler\u016fv Ml\u00fdn"},"image":{"@id":"https:\/\/spindl.amenity.cz\/pl\/#\/schema\/logo\/image\/"},"sameAs":["https:\/\/www.facebook.com\/amenityresorts","https:\/\/www.instagram.com\/amenityresorts\/","https:\/\/www.youtube.com\/channel\/UCVY-yFoyFBR8H0hC1euh7Sw"]}]}},"_links":{"self":[{"href":"https:\/\/spindl.amenity.cz\/pl\/wp-json\/wp\/v2\/pages\/12899","targetHints":{"allow":["GET"]}}],"collection":[{"href":"https:\/\/spindl.amenity.cz\/pl\/wp-json\/wp\/v2\/pages"}],"about":[{"href":"https:\/\/spindl.amenity.cz\/pl\/wp-json\/wp\/v2\/types\/page"}],"author":[{"embeddable":true,"href":"https:\/\/spindl.amenity.cz\/pl\/wp-json\/wp\/v2\/users\/3"}],"replies":[{"embeddable":true,"href":"https:\/\/spindl.amenity.cz\/pl\/wp-json\/wp\/v2\/comments?post=12899"}],"version-history":[{"count":3,"href":"https:\/\/spindl.amenity.cz\/pl\/wp-json\/wp\/v2\/pages\/12899\/revisions"}],"predecessor-version":[{"id":12902,"href":"https:\/\/spindl.amenity.cz\/pl\/wp-json\/wp\/v2\/pages\/12899\/revisions\/12902"}],"wp:attachment":[{"href":"https:\/\/spindl.amenity.cz\/pl\/wp-json\/wp\/v2\/media?parent=12899"}],"curies":[{"name":"wp","href":"https:\/\/api.w.org\/{rel}","templated":true}]}}