{"id":12903,"date":"2025-08-29T14:23:51","date_gmt":"2025-08-29T12:23:51","guid":{"rendered":"https:\/\/spindl.amenity.cz\/kamera\/"},"modified":"2025-08-29T14:23:52","modified_gmt":"2025-08-29T12:23:52","slug":"kamera","status":"publish","type":"page","link":"https:\/\/spindl.amenity.cz\/pl\/kamera\/","title":{"rendered":"kamera"},"content":{"rendered":"<div class=\"wpb-content-wrapper\"><p>[vc_row][vc_column]<div class=\"text-block \" ><div class=\"simple-text \"><h1 style=\"text-align: center;\">Kamery internetowe Szpindlerowy M\u0142yn<\/h1>\n<p style=\"text-align: center;\">Kamery internetowe online Szpindlerowy M\u0142yn. Aktualne informacje o stokach narciarskich &#8211; Svat\u00fd Petr, Medv\u011bd\u00edn i Hromovka.<\/p>\n<\/div><\/div>[vc_empty_space]<div class=\"text-block \" ><div class=\"simple-text \"><p><strong>\u015awi\u0119ty Piotr<br \/>\n<\/strong><\/p>\n<\/div><\/div>[vc_empty_space][vc_raw_html]PGRpdiBzdHlsZT0iYmFja2dyb3VuZC1jb2xvcjogI2ZmZmZmZjsgcGFkZGluZy1sZWZ0OiA1cHg7IHdpZHRoOiAxMjAwcHg7Ij4KPGlmcmFtZSBzcmM9Imh0dHBzOi8vd3d3LmhvbGlkYXlpbmZvLmN6L2NzL2NhbWZyYW1lL3N2cGV0ci8yMTA0IiBzdHlsZT0id2lkdGg6IDEyMDBweDsgaGVpZ2h0OiA2NzVweDsiIGZyYW1lYm9yZGVyPSIwIj48L2lmcmFtZT4KPC9kaXY+[\/vc_raw_html][\/vc_column][\/vc_row][vc_row][vc_column][vc_empty_space][\/vc_column][\/vc_row][vc_row][vc_column]<div class=\"text-block \" ><div class=\"simple-text \"><p><strong>Burza<\/strong><\/p>\n<\/div><\/div>[vc_empty_space][vc_raw_html]PGRpdiBzdHlsZT0iYmFja2dyb3VuZC1jb2xvcjogI2ZmZmZmZjsgcGFkZGluZy1sZWZ0OiA1cHg7IHdpZHRoOiAxMjAwcHg7Ij4KPGlmcmFtZSBzcmM9Imh0dHBzOi8vd3d3LmhvbGlkYXlpbmZvLmN6L2NzL2NhbWZyYW1lL3N2cGV0ci8yMTEzIiBzdHlsZT0id2lkdGg6IDEyMDBweDsgaGVpZ2h0OiA2NzVweDsiIGZyYW1lYm9yZGVyPSIwIj48L2lmcmFtZT4KPC9kaXY+[\/vc_raw_html][\/vc_column][\/vc_row][vc_row][vc_column]<div class=\"text-block \" ><div class=\"simple-text \"><p><strong>Medvedin<\/strong><\/p>\n<\/div><\/div>[vc_empty_space][vc_raw_html]PGRpdiBzdHlsZT0iYmFja2dyb3VuZC1jb2xvcjogI2ZmZmZmZjsgcGFkZGluZy1sZWZ0OiA1cHg7IHdpZHRoOiAxMjAwcHg7Ij4KPGlmcmFtZSBzcmM9Imh0dHBzOi8vd3d3LmhvbGlkYXlpbmZvLmN6L2NzL2NhbWZyYW1lL3N2cGV0ci8yMTUxIiBzdHlsZT0id2lkdGg6IDEyMDBweDsgaGVpZ2h0OiA2NzVweDsiIGZyYW1lYm9yZGVyPSIwIj48L2lmcmFtZT4KPC9kaXY+[\/vc_raw_html][\/vc_column][\/vc_row][vc_row][vc_column][vc_empty_space][\/vc_column][\/vc_row]<\/p>\n<\/div>","protected":false},"excerpt":{"rendered":"<p>[vc_row][vc_column][vc_empty_space][vc_empty_space][vc_raw_html]PGRpdiBzdHlsZT0iYmFja2dyb3VuZC1jb2xvcjogI2ZmZmZmZjsgcGFkZGluZy1sZWZ0OiA1cHg7IHdpZHRoOiAxMjAwcHg7Ij4KPGlmcmFtZSBzcmM9Imh0dHBzOi8vd3d3LmhvbGlkYXlpbmZvLmN6L2NzL2NhbWZyYW1lL3N2cGV0ci8yMTA0IiBzdHlsZT0id2lkdGg6IDEyMDBweDsgaGVpZ2h0OiA2NzVweDsiIGZyYW1lYm9yZGVyPSIwIj48L2lmcmFtZT4KPC9kaXY+[\/vc_raw_html][\/vc_column][\/vc_row][vc_row][vc_column][vc_empty_space][\/vc_column][\/vc_row][vc_row][vc_column][vc_empty_space][vc_raw_html]PGRpdiBzdHlsZT0iYmFja2dyb3VuZC1jb2xvcjogI2ZmZmZmZjsgcGFkZGluZy1sZWZ0OiA1cHg7IHdpZHRoOiAxMjAwcHg7Ij4KPGlmcmFtZSBzcmM9Imh0dHBzOi8vd3d3LmhvbGlkYXlpbmZvLmN6L2NzL2NhbWZyYW1lL3N2cGV0ci8yMTEzIiBzdHlsZT0id2lkdGg6IDEyMDBweDsgaGVpZ2h0OiA2NzVweDsiIGZyYW1lYm9yZGVyPSIwIj48L2lmcmFtZT4KPC9kaXY+[\/vc_raw_html][\/vc_column][\/vc_row][vc_row][vc_column][vc_empty_space][vc_raw_html]PGRpdiBzdHlsZT0iYmFja2dyb3VuZC1jb2xvcjogI2ZmZmZmZjsgcGFkZGluZy1sZWZ0OiA1cHg7IHdpZHRoOiAxMjAwcHg7Ij4KPGlmcmFtZSBzcmM9Imh0dHBzOi8vd3d3LmhvbGlkYXlpbmZvLmN6L2NzL2NhbWZyYW1lL3N2cGV0ci8yMTUxIiBzdHlsZT0id2lkdGg6IDEyMDBweDsgaGVpZ2h0OiA2NzVweDsiIGZyYW1lYm9yZGVyPSIwIj48L2lmcmFtZT4KPC9kaXY+[\/vc_raw_html][\/vc_column][\/vc_row][vc_row][vc_column][vc_empty_space][\/vc_column][\/vc_row]<\/p>\n","protected":false},"author":2,"featured_media":0,"parent":0,"menu_order":0,"comment_status":"closed","ping_status":"closed","template":"","meta":{"footnotes":""},"class_list":["post-12903","page","type-page","status-publish","hentry"],"yoast_head":"<!-- This site is optimized with the Yoast SEO Premium plugin v27.3 (Yoast SEO v27.3) - https:\/\/yoast.com\/product\/yoast-seo-premium-wordpress\/ -->\n<title>Kamery internetowe Szpindlerowy M\u0142yn - Informacje o us\u0142udze<\/title>\n<meta name=\"description\" content=\"Kamery internetowe online Szpindlerowy M\u0142yn. Kamery internetowe stok\u00f3w narciarskich - Svat\u00fd Petr, Hromovka i Medv\u011bd\u00edn. Aktualne informacje o ruchu drogowym.\" \/>\n<meta name=\"robots\" content=\"index, follow, max-snippet:-1, max-image-preview:large, max-video-preview:-1\" \/>\n<link rel=\"canonical\" href=\"https:\/\/spindl.amenity.cz\/pl\/kamera\/\" \/>\n<meta property=\"og:locale\" content=\"pl_PL\" \/>\n<meta property=\"og:type\" content=\"article\" \/>\n<meta property=\"og:title\" content=\"kamera\" \/>\n<meta property=\"og:description\" content=\"Kamery internetowe online Szpindlerowy M\u0142yn. Kamery internetowe stok\u00f3w narciarskich - Svat\u00fd Petr, Hromovka i Medv\u011bd\u00edn. Aktualne informacje o ruchu drogowym.\" \/>\n<meta property=\"og:url\" content=\"https:\/\/spindl.amenity.cz\/pl\/kamera\/\" \/>\n<meta property=\"og:site_name\" content=\"\u0160pindler\u016fv Ml\u00fdn\" \/>\n<meta property=\"article:publisher\" content=\"https:\/\/www.facebook.com\/amenityresorts\" \/>\n<meta property=\"article:modified_time\" content=\"2025-08-29T12:23:52+00:00\" \/>\n<meta name=\"twitter:card\" content=\"summary_large_image\" \/>\n<meta name=\"twitter:label1\" content=\"Szacowany czas czytania\" \/>\n\t<meta name=\"twitter:data1\" content=\"1 minuta\" \/>\n<script type=\"application\/ld+json\" class=\"yoast-schema-graph\">{\"@context\":\"https:\\\/\\\/schema.org\",\"@graph\":[{\"@type\":\"WebPage\",\"@id\":\"https:\\\/\\\/spindl.amenity.cz\\\/pl\\\/kamera\\\/\",\"url\":\"https:\\\/\\\/spindl.amenity.cz\\\/pl\\\/kamera\\\/\",\"name\":\"Kamery internetowe Szpindlerowy M\u0142yn - Informacje o us\u0142udze\",\"isPartOf\":{\"@id\":\"https:\\\/\\\/spindl.amenity.cz\\\/pl\\\/#website\"},\"datePublished\":\"2025-08-29T12:23:51+00:00\",\"dateModified\":\"2025-08-29T12:23:52+00:00\",\"description\":\"Kamery internetowe online Szpindlerowy M\u0142yn. Kamery internetowe stok\u00f3w narciarskich - Svat\u00fd Petr, Hromovka i Medv\u011bd\u00edn. Aktualne informacje o ruchu drogowym.\",\"breadcrumb\":{\"@id\":\"https:\\\/\\\/spindl.amenity.cz\\\/pl\\\/kamera\\\/#breadcrumb\"},\"inLanguage\":\"pl-PL\",\"potentialAction\":[{\"@type\":\"ReadAction\",\"target\":[\"https:\\\/\\\/spindl.amenity.cz\\\/pl\\\/kamera\\\/\"]}]},{\"@type\":\"BreadcrumbList\",\"@id\":\"https:\\\/\\\/spindl.amenity.cz\\\/pl\\\/kamera\\\/#breadcrumb\",\"itemListElement\":[{\"@type\":\"ListItem\",\"position\":1,\"name\":\"Dom\u016f\",\"item\":\"https:\\\/\\\/spindl.amenity.cz\\\/pl\\\/\"},{\"@type\":\"ListItem\",\"position\":2,\"name\":\"kamera\"}]},{\"@type\":\"WebSite\",\"@id\":\"https:\\\/\\\/spindl.amenity.cz\\\/pl\\\/#website\",\"url\":\"https:\\\/\\\/spindl.amenity.cz\\\/pl\\\/\",\"name\":\"\u0160pindler\u016fv Ml\u00fdn\",\"description\":\"\",\"publisher\":{\"@id\":\"https:\\\/\\\/spindl.amenity.cz\\\/pl\\\/#organization\"},\"potentialAction\":[{\"@type\":\"SearchAction\",\"target\":{\"@type\":\"EntryPoint\",\"urlTemplate\":\"https:\\\/\\\/spindl.amenity.cz\\\/pl\\\/?s={search_term_string}\"},\"query-input\":{\"@type\":\"PropertyValueSpecification\",\"valueRequired\":true,\"valueName\":\"search_term_string\"}}],\"inLanguage\":\"pl-PL\"},{\"@type\":\"Organization\",\"@id\":\"https:\\\/\\\/spindl.amenity.cz\\\/pl\\\/#organization\",\"name\":\"Amenity Hotel & Resort \u0160pindler\u016fv Ml\u00fdn\",\"url\":\"https:\\\/\\\/spindl.amenity.cz\\\/pl\\\/\",\"logo\":{\"@type\":\"ImageObject\",\"inLanguage\":\"pl-PL\",\"@id\":\"https:\\\/\\\/spindl.amenity.cz\\\/pl\\\/#\\\/schema\\\/logo\\\/image\\\/\",\"url\":\"http:\\\/\\\/spindl.amenity.cz\\\/wp-content\\\/uploads\\\/sites\\\/5\\\/2019\\\/09\\\/galerie-hotel_930x620_.jpg\",\"contentUrl\":\"http:\\\/\\\/spindl.amenity.cz\\\/wp-content\\\/uploads\\\/sites\\\/5\\\/2019\\\/09\\\/galerie-hotel_930x620_.jpg\",\"width\":930,\"height\":620,\"caption\":\"Amenity Hotel & Resort \u0160pindler\u016fv Ml\u00fdn\"},\"image\":{\"@id\":\"https:\\\/\\\/spindl.amenity.cz\\\/pl\\\/#\\\/schema\\\/logo\\\/image\\\/\"},\"sameAs\":[\"https:\\\/\\\/www.facebook.com\\\/amenityresorts\",\"https:\\\/\\\/www.instagram.com\\\/amenityresorts\\\/\",\"https:\\\/\\\/www.youtube.com\\\/channel\\\/UCVY-yFoyFBR8H0hC1euh7Sw\"]}]}<\/script>\n<!-- \/ Yoast SEO Premium plugin. -->","yoast_head_json":{"title":"Kamery internetowe Szpindlerowy M\u0142yn - Informacje o us\u0142udze","description":"Kamery internetowe online Szpindlerowy M\u0142yn. Kamery internetowe stok\u00f3w narciarskich - Svat\u00fd Petr, Hromovka i Medv\u011bd\u00edn. Aktualne informacje o ruchu drogowym.","robots":{"index":"index","follow":"follow","max-snippet":"max-snippet:-1","max-image-preview":"max-image-preview:large","max-video-preview":"max-video-preview:-1"},"canonical":"https:\/\/spindl.amenity.cz\/pl\/kamera\/","og_locale":"pl_PL","og_type":"article","og_title":"kamera","og_description":"Kamery internetowe online Szpindlerowy M\u0142yn. Kamery internetowe stok\u00f3w narciarskich - Svat\u00fd Petr, Hromovka i Medv\u011bd\u00edn. Aktualne informacje o ruchu drogowym.","og_url":"https:\/\/spindl.amenity.cz\/pl\/kamera\/","og_site_name":"\u0160pindler\u016fv Ml\u00fdn","article_publisher":"https:\/\/www.facebook.com\/amenityresorts","article_modified_time":"2025-08-29T12:23:52+00:00","twitter_card":"summary_large_image","twitter_misc":{"Szacowany czas czytania":"1 minuta"},"schema":{"@context":"https:\/\/schema.org","@graph":[{"@type":"WebPage","@id":"https:\/\/spindl.amenity.cz\/pl\/kamera\/","url":"https:\/\/spindl.amenity.cz\/pl\/kamera\/","name":"Kamery internetowe Szpindlerowy M\u0142yn - Informacje o us\u0142udze","isPartOf":{"@id":"https:\/\/spindl.amenity.cz\/pl\/#website"},"datePublished":"2025-08-29T12:23:51+00:00","dateModified":"2025-08-29T12:23:52+00:00","description":"Kamery internetowe online Szpindlerowy M\u0142yn. Kamery internetowe stok\u00f3w narciarskich - Svat\u00fd Petr, Hromovka i Medv\u011bd\u00edn. Aktualne informacje o ruchu drogowym.","breadcrumb":{"@id":"https:\/\/spindl.amenity.cz\/pl\/kamera\/#breadcrumb"},"inLanguage":"pl-PL","potentialAction":[{"@type":"ReadAction","target":["https:\/\/spindl.amenity.cz\/pl\/kamera\/"]}]},{"@type":"BreadcrumbList","@id":"https:\/\/spindl.amenity.cz\/pl\/kamera\/#breadcrumb","itemListElement":[{"@type":"ListItem","position":1,"name":"Dom\u016f","item":"https:\/\/spindl.amenity.cz\/pl\/"},{"@type":"ListItem","position":2,"name":"kamera"}]},{"@type":"WebSite","@id":"https:\/\/spindl.amenity.cz\/pl\/#website","url":"https:\/\/spindl.amenity.cz\/pl\/","name":"\u0160pindler\u016fv Ml\u00fdn","description":"","publisher":{"@id":"https:\/\/spindl.amenity.cz\/pl\/#organization"},"potentialAction":[{"@type":"SearchAction","target":{"@type":"EntryPoint","urlTemplate":"https:\/\/spindl.amenity.cz\/pl\/?s={search_term_string}"},"query-input":{"@type":"PropertyValueSpecification","valueRequired":true,"valueName":"search_term_string"}}],"inLanguage":"pl-PL"},{"@type":"Organization","@id":"https:\/\/spindl.amenity.cz\/pl\/#organization","name":"Amenity Hotel & Resort \u0160pindler\u016fv Ml\u00fdn","url":"https:\/\/spindl.amenity.cz\/pl\/","logo":{"@type":"ImageObject","inLanguage":"pl-PL","@id":"https:\/\/spindl.amenity.cz\/pl\/#\/schema\/logo\/image\/","url":"http:\/\/spindl.amenity.cz\/wp-content\/uploads\/sites\/5\/2019\/09\/galerie-hotel_930x620_.jpg","contentUrl":"http:\/\/spindl.amenity.cz\/wp-content\/uploads\/sites\/5\/2019\/09\/galerie-hotel_930x620_.jpg","width":930,"height":620,"caption":"Amenity Hotel & Resort \u0160pindler\u016fv Ml\u00fdn"},"image":{"@id":"https:\/\/spindl.amenity.cz\/pl\/#\/schema\/logo\/image\/"},"sameAs":["https:\/\/www.facebook.com\/amenityresorts","https:\/\/www.instagram.com\/amenityresorts\/","https:\/\/www.youtube.com\/channel\/UCVY-yFoyFBR8H0hC1euh7Sw"]}]}},"_links":{"self":[{"href":"https:\/\/spindl.amenity.cz\/pl\/wp-json\/wp\/v2\/pages\/12903","targetHints":{"allow":["GET"]}}],"collection":[{"href":"https:\/\/spindl.amenity.cz\/pl\/wp-json\/wp\/v2\/pages"}],"about":[{"href":"https:\/\/spindl.amenity.cz\/pl\/wp-json\/wp\/v2\/types\/page"}],"author":[{"embeddable":true,"href":"https:\/\/spindl.amenity.cz\/pl\/wp-json\/wp\/v2\/users\/2"}],"replies":[{"embeddable":true,"href":"https:\/\/spindl.amenity.cz\/pl\/wp-json\/wp\/v2\/comments?post=12903"}],"version-history":[{"count":2,"href":"https:\/\/spindl.amenity.cz\/pl\/wp-json\/wp\/v2\/pages\/12903\/revisions"}],"predecessor-version":[{"id":12905,"href":"https:\/\/spindl.amenity.cz\/pl\/wp-json\/wp\/v2\/pages\/12903\/revisions\/12905"}],"wp:attachment":[{"href":"https:\/\/spindl.amenity.cz\/pl\/wp-json\/wp\/v2\/media?parent=12903"}],"curies":[{"name":"wp","href":"https:\/\/api.w.org\/{rel}","templated":true}]}}